{"id":2357,"date":"2013-03-27T23:56:11","date_gmt":"2013-03-27T23:56:11","guid":{"rendered":"http:\/\/www.bonpassage.com\/home-example-1-3\/"},"modified":"2026-03-27T12:25:02","modified_gmt":"2026-03-27T11:25:02","slug":"home-example-1","status":"publish","type":"page","link":"https:\/\/www.bonpassage.com\/de\/","title":{"rendered":"Willkommen"},"content":{"rendered":"<div class=\"two-thirds column alpha\">\n<p><span style=\"color: #1da6a8;\"><strong>Unser Hotel ist ge\u00f6ffnet von 3 April bis zum 15 Oktober 2026.<\/strong><\/span><\/p>\n<p>In Manoir Bonpassage, unser kleines Hotel de Charme mit Schwimmbad im Herzen des Burgunds zwischen Beaune (35 km) und Autun (25 km), genie\u00dfen Sie einen angenehmen und herrlichen ruhigen Aufenthalt in einer der beliebtesten Regionen Frankreichs, auf sowohl gastronomischen wie auch kulturhistorischen und landschaftlichen Bereich.<\/p>\n<p>Wir bieten Ihnen echte pers\u00f6nliche Aufmerksamkeit, das Genie\u00dfen eines hervorragenden Diners und gerade das bisschen Extra, dass man in gr\u00f6\u00dferen Hotels oft nicht bekommt !<\/p>\n<p>Wir freuen uns Sie zu begr\u00fc\u00dfen in Manoir Bonpassage! Ruud Rijsbergen &amp; Annemiek van Iersel<\/p>\n<p><a  class=\"palace-button \" style=\"border-bottom-color: rgba(0,0,0,0.2); \" href=\"http:\/\/www.bonpassage.com\/le-manoir\/\">Mehr<\/a><\/div>\n<div class=\"one-third column omega\">\n<a href=\"https:\/\/www.bonpassage.com\/wp-content\/uploads\/2022\/03\/Ruud-en-Annemiek-keuken-e1648448505689.jpg\"><img loading=\"lazy\" decoding=\"async\" class=\"aligncenter wp-image-4710 size-full\" src=\"https:\/\/www.bonpassage.com\/wp-content\/uploads\/2022\/03\/Ruud-en-Annemiek-keuken-e1648448505689.jpg\" alt=\"\" width=\"1111\" height=\"1199\" srcset=\"https:\/\/www.bonpassage.com\/wp-content\/uploads\/2022\/03\/Ruud-en-Annemiek-keuken-e1648448505689.jpg 1111w, https:\/\/www.bonpassage.com\/wp-content\/uploads\/2022\/03\/Ruud-en-Annemiek-keuken-e1648448505689-278x300.jpg 278w, https:\/\/www.bonpassage.com\/wp-content\/uploads\/2022\/03\/Ruud-en-Annemiek-keuken-e1648448505689-949x1024.jpg 949w, https:\/\/www.bonpassage.com\/wp-content\/uploads\/2022\/03\/Ruud-en-Annemiek-keuken-e1648448505689-768x829.jpg 768w, https:\/\/www.bonpassage.com\/wp-content\/uploads\/2022\/03\/Ruud-en-Annemiek-keuken-e1648448505689-930x1004.jpg 930w\" sizes=\"auto, (max-width: 1111px) 100vw, 1111px\" \/><\/a><\/div><div class=\"clear\"><\/div>\n<hr\/>\n<div class=\"two-thirds column omega\">\n<\/div><div class=\"clear\"><\/div>\n<p><hr\/><br \/>\n<div class=\"textured-area textured-area-middle-full-width\"><div class=\"textured-area-content\">\n<h2>Sonderangebot<\/h2>\n<p><div class=\"slider-type-a slider-content-first-container\" data-autoplay=\"5000\"><a class=\"slider-content-button-left\" href=\"#\"><\/a><a class=\"slider-content-button-right\" href=\"#\"><\/a><div class=\"slider-content-button-left-disabled\"><\/div><div class=\"slider-content-button-right-disabled\"><\/div><div class=\"slider-content-second-container\"><div class=\"slider-content-third-container\"><div class=\"slider-content-slide one-third column \"><p class=\"scale-with-grid\"><a href=\"https:\/\/www.bonpassage.com\/de\/fruhling-und-herbst-sonderangebot-burgund\/\"><img decoding=\"async\" src=\"https:\/\/www.bonpassage.com\/wp-content\/uploads\/2015\/04\/morvan-930x310.jpg\" alt=\"\" \/><\/a><\/p><h3><a href=\"https:\/\/www.bonpassage.com\/de\/fruhling-und-herbst-sonderangebot-burgund\/\">Fr\u00fchling und Herbst Sonderangebot<\/a><\/h3><p>Ein Paar Tage entspannen in Frankreich? Genie\u00dfen Sie den Fr\u00fchling oder Herbst im Burgund mit einem Sonderangebot.\r\n\r\nAb 189,00 Euro pro Person<\/p><p class=\"slider-content-slide-button\"><a href=\"https:\/\/www.bonpassage.com\/de\/fruhling-und-herbst-sonderangebot-burgund\/\" class=\"palace-button\" rel=\"bookmark\">Mehr &raquo;<\/a><\/p><\/div><div class=\"slider-content-slide one-third column \"><p class=\"scale-with-grid\"><a href=\"https:\/\/www.bonpassage.com\/de\/golf-sonderangebot\/\"><img decoding=\"async\" src=\"https:\/\/www.bonpassage.com\/wp-content\/uploads\/2015\/04\/GOLFARRANGEMENT_BONPASSAGE-930x310.jpg\" alt=\"\" \/><\/a><\/p><h3><a href=\"https:\/\/www.bonpassage.com\/de\/golf-sonderangebot\/\">Golf Sonderangebot<\/a><\/h3><p>Golf im Burgund. Kommen Sie nach Burgund und spielen Sie angenehm Golf spielen auf die sch\u00f6nen Golfcourts in der n\u00e4he von Manoir Bonpassage. Mittels unser Sonderangebot wird das f\u00fcr Sie extra interessant.\r\n\r\nAb 464,00 Euro pro Person -  mit 3 greenfees <\/p><p class=\"slider-content-slide-button\"><a href=\"https:\/\/www.bonpassage.com\/de\/golf-sonderangebot\/\" class=\"palace-button\" rel=\"bookmark\">Mehr &raquo;<\/a><\/p><\/div><\/div><\/div><\/div><br \/>\n<\/div><\/div><br \/>\n<hr\/><br \/>\n<div class=\"eight columns alpha\">\n<h2><\/h2>\n<p><img loading=\"lazy\" decoding=\"async\" class=\"alignnone size-full wp-image-4716\" src=\"https:\/\/www.bonpassage.com\/wp-content\/uploads\/2013\/03\/ontbijt-bonpassage.jpg\" alt=\"ontbijt-bonpassage\" width=\"449\" height=\"255\" srcset=\"https:\/\/www.bonpassage.com\/wp-content\/uploads\/2013\/03\/ontbijt-bonpassage.jpg 449w, https:\/\/www.bonpassage.com\/wp-content\/uploads\/2013\/03\/ontbijt-bonpassage-300x170.jpg 300w\" sizes=\"auto, (max-width: 449px) 100vw, 449px\" \/><\/p>\n<\/div><br \/>\n<div class=\"eight columns omega\">\n<h2>Fr\u00fchst\u00fcck und Abendessen<\/h2>\n<p>Jeden Morgen k\u00f6nnen Sie, im Aufenthaltsraum oder auf der Terrasse, ein reichhaltiges Fr\u00fchst\u00fccksbuffet geniessen. Selbstverst\u00e4ndlich fehlen Baguette, Croissants, Butter und Confiture dabei nicht, wir tragen ebenfalls Sorge daf\u00fcr das auch \u201cnicht-Franz\u00f6sische\u201d Spezialit\u00e4ten vorhanden sind: M\u00fcsli, Yoghurt, ein weich gekochtes Ei und ein Glas frischen Orangensaft werden nicht fehlen.<\/p>\n<p>In unserem kleinen, gem\u00fctlichen Speisezimmer mit besonderem Ambiente servieren wir am Sontag, Montag, Mittwoch, Donnerstag, Freitag und Samstag Abend ein 4-G\u00e4nge Men\u00fc. In den Sommermonaten kann beim guten Wetter bis sp\u00e4t auf der Terrasse diniert werden. Das wir Ihnen zu dem Diner einen passenden Wein anbieten k\u00f6nnen, spricht f\u00fcr sich.<\/div><div class=\"clear\"><\/div><br \/>\n<hr\/><\/p>\n<h2>Umgebung<\/h2>\n<p><div class=\"slider-type-b slider-content-first-container\" data-autoplay=\"no\"><a class=\"slider-content-button-left\" href=\"#\"><\/a><a class=\"slider-content-button-right\" href=\"#\"><\/a><div class=\"slider-content-button-left-disabled\"><\/div><div class=\"slider-content-button-right-disabled\"><\/div><div class=\"slider-content-second-container\"><div class=\"slider-content-third-container\"><div class=\"slider-content-slide\"><p class=\"scale-with-grid\"><a href=\"https:\/\/www.bonpassage.com\/de\/weingebiet-cote-dor\/\"><img decoding=\"async\" src=\"https:\/\/www.bonpassage.com\/wp-content\/uploads\/2015\/04\/wijngaarden-930x310.jpg\" alt=\"\" \/><\/a><\/p><h3><a href=\"https:\/\/www.bonpassage.com\/de\/weingebiet-cote-dor\/\">Weingebiet C\u00f4te d&#8217;Or<\/a><\/h3><p>Das Weingebiet \u201cLe C\u00f4te d\u2019Or\u201d ist einer der weltber\u00fchmtesten Weingebiete im Burgund (30 km von Manoir Bonpassage). Die in der N\u00e4he liegenden, ansprechenden Weind\u00f6rfer wie Santenay, Meursault, Pommard und nat\u00fcrlich Nuits-Saint-Georges sind ein Ausflug mit dem Auto wert.<\/p><p class=\"slider-content-slide-button\"><a href=\"https:\/\/www.bonpassage.com\/de\/weingebiet-cote-dor\/\" class=\"palace-button\" rel=\"bookmark\">Mehr &raquo;<\/a><\/p><\/div><div class=\"slider-content-slide\"><p class=\"scale-with-grid\"><a href=\"https:\/\/www.bonpassage.com\/de\/kulturhistorie-burgund\/\"><img decoding=\"async\" src=\"https:\/\/www.bonpassage.com\/wp-content\/uploads\/2015\/04\/chateau-930x310.jpg\" alt=\"\" \/><\/a><\/p><h3><a href=\"https:\/\/www.bonpassage.com\/de\/kulturhistorie-burgund\/\">Kulturhistorie Burgund<\/a><\/h3><p>Kulturhistorisch gesehen hat das Burgund ebenfalls viel zu bieten. Das weltber\u00fchmte Hotel Dieu in Beaune verdient einen Besuch. In unmittelbarer Umgebung liegen die sch\u00f6nen, alten St\u00e4dte Autun und Beaune mit den \u00fcberdachten M\u00e4rkten (\u201cHalles\u201d), wo man herrlich herumschlendern kann.<\/p><p class=\"slider-content-slide-button\"><a href=\"https:\/\/www.bonpassage.com\/de\/kulturhistorie-burgund\/\" class=\"palace-button\" rel=\"bookmark\">Mehr &raquo;<\/a><\/p><\/div><div class=\"slider-content-slide\"><p class=\"scale-with-grid\"><a href=\"https:\/\/www.bonpassage.com\/de\/natur\/\"><img decoding=\"async\" src=\"https:\/\/www.bonpassage.com\/wp-content\/uploads\/2015\/04\/wijndorp-930x310.jpg\" alt=\"\" \/><\/a><\/p><h3><a href=\"https:\/\/www.bonpassage.com\/de\/natur\/\">Natur Burgund<\/a><\/h3><p>Die unterschiedlichen Jahreszeiten haben im Burgund alle Ihren eigenen Charm. Die oft schon angenehme Temperatur im Fr\u00fchjahr, die nicht zu warmen Sommer mit dann und wann erfrischenden Regenschauer, den Herbst mit der goldgelben Farbenvielfalt und nicht zu vergessen den Winter, wenn Schnee die Landschaft regelm\u00e4ssig bezaubert. Es ist ja klar, das jede Jahreszeit einl\u00e4dt zum Entdecken der \u00fcberdurchschnittlichen sch\u00f6nen Landschaft von Burgund.<\/p><p class=\"slider-content-slide-button\"><a href=\"https:\/\/www.bonpassage.com\/de\/natur\/\" class=\"palace-button\" rel=\"bookmark\">Mehr &raquo;<\/a><\/p><\/div><div class=\"slider-content-slide\"><p class=\"scale-with-grid\"><a href=\"https:\/\/www.bonpassage.com\/de\/sportiv\/\"><img decoding=\"async\" src=\"https:\/\/www.bonpassage.com\/wp-content\/uploads\/2025\/01\/20230617_223804_PHOTO-2023-06-17-22-36-51-930x310.jpg\" alt=\"\" \/><\/a><\/p><h3><a href=\"https:\/\/www.bonpassage.com\/de\/sportiv\/\">Sportiv<\/a><\/h3><p>Die h\u00fcgelige Landschaft l\u00e4dt zu Radtouren ein, schon deswegen, weil die Stra\u00dfen sehr ruhig sind. Auch sind Parcours f\u00fcr Mountainbiker vorhanden. Und m\u00f6chten Sie wandern: selbstverst\u00e4ndlich fehlt es auch nicht an Wanderwegen, einige davon beginnen schon ab Manoir Bonpassage.<\/p><p class=\"slider-content-slide-button\"><a href=\"https:\/\/www.bonpassage.com\/de\/sportiv\/\" class=\"palace-button\" rel=\"bookmark\">Mehr &raquo;<\/a><\/p><\/div><\/div><\/div><\/div><br \/>\n<hr\/><\/p>\n<h2>Bewertungen<\/h2>\n<div class=\"slider-type-b slider-content-first-container\" data-autoplay=\"5000\"><a class=\"slider-content-button-left\" href=\"#\"><\/a><a class=\"slider-content-button-right\" href=\"#\"><\/a><div class=\"slider-content-button-left-disabled\"><\/div><div class=\"slider-content-button-right-disabled\"><\/div><div class=\"slider-content-second-container\"><div class=\"slider-content-third-container\"><div class=\"slider-content-slide\"><p><H2>Ein Kleinod in der Bourgogne<\/H2>\r\n<em>Westlich von Beaune liegt am Rand des kleinen Ortes Thury ein heimeliges Anwesen, das von seinen niederl\u00e4ndi-\r\nschen, viersprachigen Besitzern \u00e4u\u00dferst stilsicher zu einem charmanten kleinen Hotelbetrieb umgebaut wurde. Allein der herzliche, unkomplizierte Empfang vermittelt das Gef\u00fchl, nicht irgendein\r\nsondern d e r Gast zu sein, um dessen Wohlbefinden sich alles dreht. Auf keinen Fall sollte\r\nman es vers\u00e4umen, am Table d\u00b4Hote teil zu nehmen. Ambiente, Speisen und die kleine, aber\r\nfein abgestimmte Weinkarte bieten ein ausgezeichnetes Preis\/Leistungsverh\u00e4ltnis. Das selbe\r\ngilt auch f\u00fcr das kleinste Zimmer sowie das Fr\u00fchst\u00fccksbuffet.<em>\r\n<strong>9. Oktober, 2013<\/strong><\/em><\/p><\/div><div class=\"slider-content-slide\"><p><H2>Haus mit Flair<\/H2>\r\n<em>Mit viel Geschmack eingerichtetes Haus, sehr freundliche Gastgeber, die ein tolles Fr\u00fchst\u00fcck servieren und f\u00fcr den Abend sehr gute Empfehlungen geben, wenn mal im eigenen Haus nicht gekocht wird. Wunderbar.<em>\r\n<strong>September 2015<\/strong><\/em><\/p><\/div><div class=\"slider-content-slide\"><p><H2>Hospitality beyond reproach<\/H2>\r\n<em>Karel and Marja are excellent hosts. Friendly, kind and attentive plus they speak multiple languages! I can't say enough about this place! The charm is quaint and warm. The rooms are spacious and clean. The food is fantastic. The location perfect for the wine touring. And the price very reasonable. We will definitely recommend the Bonpassage to anyone coming to Burgundy. We will be back again.<em>\r\n<strong>May 2016<\/strong><\/em><\/em><\/p><\/div><div class=\"slider-content-slide\"><p><H2>Begeistert<\/H2>\r\n<em>Wir waren rundum begeistert.Sowohl von der ausstattung\/sauberkeit wie auch von der freundlichkeit und dem \u00e4u\u00dferst sympatischen ehepaar\r\nbrummer.Wir planene schon unseren n\u00e4chsten aufenthalt in diesem geschmackvoll gef\u00fchrten haus.<em>\r\n<strong>April, 2014<\/strong><\/em><\/em><\/p><\/div><\/div><\/div><\/div>\n<p>&nbsp;<\/p>\n<hr\/>\n<p><div class=\"one-third column alpha\">\n<a href=\"http:\/\/www.zoover.fr\/france\/bourgogne\/thury\/manoir-bonpassage\/hotel\" target=\"_blank\" rel=\"noopener noreferrer\"><img loading=\"lazy\" decoding=\"async\" class=\" size-full wp-image-2075 aligncenter\" src=\"https:\/\/www.bonpassage.com\/wp-content\/uploads\/2015\/04\/stempel-gold-2015-RGB.jpg\" alt=\"zoover\" width=\"206\" height=\"148\" \/><\/a><br \/>\n<\/div><br \/>\n<div class=\"one-third column \">\n<a href=\"http:\/\/www.tripadvisor.nl\/Hotel_Review-g1432357-d1437236-Reviews-Manoir_Bonpassage-Thury_Yonne_Burgundy.html\" target=\"_blank\" rel=\"noopener noreferrer\"><img loading=\"lazy\" decoding=\"async\" class=\" size-full wp-image-2328 aligncenter\" src=\"https:\/\/www.bonpassage.com\/wp-content\/uploads\/2015\/04\/tripadvisor.png\" alt=\"tripadvisor\" width=\"91\" height=\"77\" \/><\/a><br \/>\n<\/div><br \/>\n<div class=\"one-third column omega\">\n<a href=\"http:\/\/www.anwbbedandbreakfast.nl\/frankrijk\/cote-dor\/thury\/manoir-bonpassage.aspx?id=6021163&amp;return=%2fZoeken.aspx%3ffilter%3dbonpassage%257C\" target=\"_blank\" rel=\"noopener noreferrer\"><img loading=\"lazy\" decoding=\"async\" class=\" size-full wp-image-2322 aligncenter\" src=\"https:\/\/www.bonpassage.com\/wp-content\/uploads\/2015\/04\/anwb.png\" alt=\"anwb\" width=\"116\" height=\"78\" \/><\/a><br \/>\n<\/div><div class=\"clear\"><\/div><\/p>\n","protected":false},"excerpt":{"rendered":"<p>Umgebung Bewertungen &nbsp;<\/p>\n","protected":false},"author":4,"featured_media":0,"parent":0,"menu_order":0,"comment_status":"closed","ping_status":"closed","template":"","meta":{"footnotes":""},"class_list":["post-2357","page","type-page","status-publish","hentry"],"yoast_head":"<!-- This site is optimized with the Yoast SEO plugin v27.5 - https:\/\/yoast.com\/product\/yoast-seo-wordpress\/ -->\n<title>Welkom - Manoir Bonpassage<\/title>\n<meta name=\"description\" content=\"In Manoir Bonpassage, ons kleinschalig charmehotel met zwembad in het hart van de Bourgogne, geniet u van een aangenaam en heerlijk rustig verblijf.\" \/>\n<meta name=\"robots\" content=\"index, follow, max-snippet:-1, max-image-preview:large, max-video-preview:-1\" \/>\n<link rel=\"canonical\" href=\"https:\/\/www.bonpassage.com\/de\/\" \/>\n<meta property=\"og:locale\" content=\"de_DE\" \/>\n<meta property=\"og:type\" content=\"article\" \/>\n<meta property=\"og:title\" content=\"Welkom - Manoir Bonpassage\" \/>\n<meta property=\"og:description\" content=\"In Manoir Bonpassage, ons kleinschalig charmehotel met zwembad in het hart van de Bourgogne, geniet u van een aangenaam en heerlijk rustig verblijf.\" \/>\n<meta property=\"og:url\" content=\"https:\/\/www.bonpassage.com\/de\/\" \/>\n<meta property=\"og:site_name\" content=\"Manoir Bonpassage\" \/>\n<meta property=\"article:modified_time\" content=\"2026-03-27T11:25:02+00:00\" \/>\n<meta property=\"og:image\" content=\"https:\/\/www.bonpassage.com\/wp-content\/uploads\/2022\/03\/Ruud-en-Annemiek-keuken-e1648448505689.jpg\" \/>\n<meta name=\"twitter:label1\" content=\"Gesch\u00e4tzte Lesezeit\" \/>\n\t<meta name=\"twitter:data1\" content=\"3\u00a0Minuten\" \/>\n<script type=\"application\/ld+json\" class=\"yoast-schema-graph\">{\"@context\":\"https:\\\/\\\/schema.org\",\"@graph\":[{\"@type\":\"WebPage\",\"@id\":\"https:\\\/\\\/www.bonpassage.com\\\/de\\\/\",\"url\":\"https:\\\/\\\/www.bonpassage.com\\\/de\\\/\",\"name\":\"Welkom - Manoir Bonpassage\",\"isPartOf\":{\"@id\":\"https:\\\/\\\/www.bonpassage.com\\\/#website\"},\"primaryImageOfPage\":{\"@id\":\"https:\\\/\\\/www.bonpassage.com\\\/de\\\/#primaryimage\"},\"image\":{\"@id\":\"https:\\\/\\\/www.bonpassage.com\\\/de\\\/#primaryimage\"},\"thumbnailUrl\":\"https:\\\/\\\/www.bonpassage.com\\\/wp-content\\\/uploads\\\/2022\\\/03\\\/Ruud-en-Annemiek-keuken-e1648448505689.jpg\",\"datePublished\":\"2013-03-27T23:56:11+00:00\",\"dateModified\":\"2026-03-27T11:25:02+00:00\",\"description\":\"In Manoir Bonpassage, ons kleinschalig charmehotel met zwembad in het hart van de Bourgogne, geniet u van een aangenaam en heerlijk rustig verblijf.\",\"breadcrumb\":{\"@id\":\"https:\\\/\\\/www.bonpassage.com\\\/de\\\/#breadcrumb\"},\"inLanguage\":\"de\",\"potentialAction\":[{\"@type\":\"ReadAction\",\"target\":[\"https:\\\/\\\/www.bonpassage.com\\\/de\\\/\"]}]},{\"@type\":\"ImageObject\",\"inLanguage\":\"de\",\"@id\":\"https:\\\/\\\/www.bonpassage.com\\\/de\\\/#primaryimage\",\"url\":\"https:\\\/\\\/www.bonpassage.com\\\/wp-content\\\/uploads\\\/2022\\\/03\\\/Ruud-en-Annemiek-keuken-e1648448505689.jpg\",\"contentUrl\":\"https:\\\/\\\/www.bonpassage.com\\\/wp-content\\\/uploads\\\/2022\\\/03\\\/Ruud-en-Annemiek-keuken-e1648448505689.jpg\"},{\"@type\":\"BreadcrumbList\",\"@id\":\"https:\\\/\\\/www.bonpassage.com\\\/de\\\/#breadcrumb\",\"itemListElement\":[{\"@type\":\"ListItem\",\"position\":1,\"name\":\"Home\",\"item\":\"https:\\\/\\\/www.bonpassage.com\\\/de\\\/\"},{\"@type\":\"ListItem\",\"position\":2,\"name\":\"Willkommen\"}]},{\"@type\":\"WebSite\",\"@id\":\"https:\\\/\\\/www.bonpassage.com\\\/#website\",\"url\":\"https:\\\/\\\/www.bonpassage.com\\\/\",\"name\":\"Manoir Bonpassage\",\"description\":\"H\u00f4tel de Charme - Bourgogne France\",\"potentialAction\":[{\"@type\":\"SearchAction\",\"target\":{\"@type\":\"EntryPoint\",\"urlTemplate\":\"https:\\\/\\\/www.bonpassage.com\\\/?s={search_term_string}\"},\"query-input\":{\"@type\":\"PropertyValueSpecification\",\"valueRequired\":true,\"valueName\":\"search_term_string\"}}],\"inLanguage\":\"de\"}]}<\/script>\n<!-- \/ Yoast SEO plugin. -->","yoast_head_json":{"title":"Welkom - Manoir Bonpassage","description":"In Manoir Bonpassage, ons kleinschalig charmehotel met zwembad in het hart van de Bourgogne, geniet u van een aangenaam en heerlijk rustig verblijf.","robots":{"index":"index","follow":"follow","max-snippet":"max-snippet:-1","max-image-preview":"max-image-preview:large","max-video-preview":"max-video-preview:-1"},"canonical":"https:\/\/www.bonpassage.com\/de\/","og_locale":"de_DE","og_type":"article","og_title":"Welkom - Manoir Bonpassage","og_description":"In Manoir Bonpassage, ons kleinschalig charmehotel met zwembad in het hart van de Bourgogne, geniet u van een aangenaam en heerlijk rustig verblijf.","og_url":"https:\/\/www.bonpassage.com\/de\/","og_site_name":"Manoir Bonpassage","article_modified_time":"2026-03-27T11:25:02+00:00","og_image":[{"url":"https:\/\/www.bonpassage.com\/wp-content\/uploads\/2022\/03\/Ruud-en-Annemiek-keuken-e1648448505689.jpg","type":"","width":"","height":""}],"twitter_misc":{"Gesch\u00e4tzte Lesezeit":"3\u00a0Minuten"},"schema":{"@context":"https:\/\/schema.org","@graph":[{"@type":"WebPage","@id":"https:\/\/www.bonpassage.com\/de\/","url":"https:\/\/www.bonpassage.com\/de\/","name":"Welkom - Manoir Bonpassage","isPartOf":{"@id":"https:\/\/www.bonpassage.com\/#website"},"primaryImageOfPage":{"@id":"https:\/\/www.bonpassage.com\/de\/#primaryimage"},"image":{"@id":"https:\/\/www.bonpassage.com\/de\/#primaryimage"},"thumbnailUrl":"https:\/\/www.bonpassage.com\/wp-content\/uploads\/2022\/03\/Ruud-en-Annemiek-keuken-e1648448505689.jpg","datePublished":"2013-03-27T23:56:11+00:00","dateModified":"2026-03-27T11:25:02+00:00","description":"In Manoir Bonpassage, ons kleinschalig charmehotel met zwembad in het hart van de Bourgogne, geniet u van een aangenaam en heerlijk rustig verblijf.","breadcrumb":{"@id":"https:\/\/www.bonpassage.com\/de\/#breadcrumb"},"inLanguage":"de","potentialAction":[{"@type":"ReadAction","target":["https:\/\/www.bonpassage.com\/de\/"]}]},{"@type":"ImageObject","inLanguage":"de","@id":"https:\/\/www.bonpassage.com\/de\/#primaryimage","url":"https:\/\/www.bonpassage.com\/wp-content\/uploads\/2022\/03\/Ruud-en-Annemiek-keuken-e1648448505689.jpg","contentUrl":"https:\/\/www.bonpassage.com\/wp-content\/uploads\/2022\/03\/Ruud-en-Annemiek-keuken-e1648448505689.jpg"},{"@type":"BreadcrumbList","@id":"https:\/\/www.bonpassage.com\/de\/#breadcrumb","itemListElement":[{"@type":"ListItem","position":1,"name":"Home","item":"https:\/\/www.bonpassage.com\/de\/"},{"@type":"ListItem","position":2,"name":"Willkommen"}]},{"@type":"WebSite","@id":"https:\/\/www.bonpassage.com\/#website","url":"https:\/\/www.bonpassage.com\/","name":"Manoir Bonpassage","description":"H\u00f4tel de Charme - Bourgogne France","potentialAction":[{"@type":"SearchAction","target":{"@type":"EntryPoint","urlTemplate":"https:\/\/www.bonpassage.com\/?s={search_term_string}"},"query-input":{"@type":"PropertyValueSpecification","valueRequired":true,"valueName":"search_term_string"}}],"inLanguage":"de"}]}},"_links":{"self":[{"href":"https:\/\/www.bonpassage.com\/de\/wp-json\/wp\/v2\/pages\/2357","targetHints":{"allow":["GET"]}}],"collection":[{"href":"https:\/\/www.bonpassage.com\/de\/wp-json\/wp\/v2\/pages"}],"about":[{"href":"https:\/\/www.bonpassage.com\/de\/wp-json\/wp\/v2\/types\/page"}],"author":[{"embeddable":true,"href":"https:\/\/www.bonpassage.com\/de\/wp-json\/wp\/v2\/users\/4"}],"replies":[{"embeddable":true,"href":"https:\/\/www.bonpassage.com\/de\/wp-json\/wp\/v2\/comments?post=2357"}],"version-history":[{"count":33,"href":"https:\/\/www.bonpassage.com\/de\/wp-json\/wp\/v2\/pages\/2357\/revisions"}],"predecessor-version":[{"id":4714,"href":"https:\/\/www.bonpassage.com\/de\/wp-json\/wp\/v2\/pages\/2357\/revisions\/4714"}],"wp:attachment":[{"href":"https:\/\/www.bonpassage.com\/de\/wp-json\/wp\/v2\/media?parent=2357"}],"curies":[{"name":"wp","href":"https:\/\/api.w.org\/{rel}","templated":true}]}}