{"id":2367,"date":"2015-04-16T06:52:32","date_gmt":"2015-04-16T06:52:32","guid":{"rendered":"http:\/\/www.bonpassage.com\/eten-en-drinken-2\/"},"modified":"2025-12-04T11:38:42","modified_gmt":"2025-12-04T10:38:42","slug":"fruhstuck-und-abendessen","status":"publish","type":"page","link":"https:\/\/www.bonpassage.com\/de\/fruhstuck-und-abendessen\/","title":{"rendered":"Fr\u00fchst\u00fcck und abendessen"},"content":{"rendered":"<div class=\"eight columns alpha\">\n<p>Jeden Morgen k\u00f6nnen Sie, im Aufenthaltsraum oder auf der Terrasse, ein reichhaltiges Fr\u00fchst\u00fcck geniessen. Selbstverst\u00e4ndlich fehlen Baguette, Croissants, Butter und Confiture dabei nicht, wir tragen ebenfalls Sorge daf\u00fcr das auch \u201cnicht-Franz\u00f6sische\u201d Spezialit\u00e4ten vorhanden sind: M\u00fcsli, Yoghurt, ein Ei und ein Glas frischen Orangensaft werden nicht fehlen.<br \/>\n<hr\/><br \/>\nIn unserem kleinen, gem\u00fctlichen Speisezimmer mit besonderem Ambiente servieren wir am Montag, Dienstag, Mittwoch, Freitag und Samstag Abend ein 4-G\u00e4nge Men\u00fc\u00a0 Table d&#8217;H\u00f4te. In den Sommermonaten kann beim guten Wetter bis sp\u00e4t auf der Terrasse diniert werden. Das wir Ihnen zu dem Diner einen passenden Wein anbieten k\u00f6nnen, spricht f\u00fcr sich.<br \/>\n<\/div>\n<div class=\"eight columns omega\">\n<div class=\"gallery-ap full-width\"><div class=\"gallery-big-image\"><img decoding=\"async\" src=\"https:\/\/www.bonpassage.com\/wp-content\/uploads\/2025\/01\/20230826_093709-scaled-930x930.jpg\" class=\"img-gallery-ap-full-size\" alt=\"\" \/><\/div><div class=\"gallery-slider\" data-processing=\"no\"><div class=\"gallery-slide\"><a href=\"https:\/\/www.bonpassage.com\/wp-content\/uploads\/2025\/01\/20230826_093709-scaled-930x930.jpg\" data-full-size-src=\"\"><img decoding=\"async\" src=\"https:\/\/www.bonpassage.com\/wp-content\/uploads\/2025\/01\/20230826_093709-scaled-90x90.jpg\" alt=\"\" \/><\/a><a href=\"https:\/\/www.bonpassage.com\/wp-content\/uploads\/2025\/01\/IMG_2223-scaled-930x1240.jpg\" data-full-size-src=\"\"><img decoding=\"async\" src=\"https:\/\/www.bonpassage.com\/wp-content\/uploads\/2025\/01\/IMG_2223-scaled-90x90.jpg\" alt=\"\" \/><\/a><\/div><\/div><div class=\"gallery-controls\"><a href=\"#\" class=\"slider-content-button-left\"><\/a><a href=\"#\" class=\"slider-content-button-right\"><\/a><div class=\"slider-content-button-left-disabled\"><\/div><div class=\"slider-content-button-right-disabled\"><\/div><\/div><\/div><br \/>\n<\/div><div class=\"clear\"><\/div>\n","protected":false},"excerpt":{"rendered":"","protected":false},"author":4,"featured_media":0,"parent":0,"menu_order":0,"comment_status":"closed","ping_status":"closed","template":"","meta":{"footnotes":""},"class_list":["post-2367","page","type-page","status-publish","hentry"],"yoast_head":"<!-- This site is optimized with the Yoast SEO plugin v27.4 - https:\/\/yoast.com\/product\/yoast-seo-wordpress\/ -->\n<title>Fruhstuck und abendessen - Manoir Bonpassage<\/title>\n<meta name=\"description\" content=\"Fruhstuck und abendessen. Jeden Morgen k\u00f6nnen Sie ein reichhaltiges Fr\u00fchst\u00fccksbuffet geniessen. Essen und trinken In unserem kleinen, gem\u00fctlichen Speise....\" \/>\n<meta name=\"robots\" content=\"index, follow, max-snippet:-1, max-image-preview:large, max-video-preview:-1\" \/>\n<link rel=\"canonical\" href=\"https:\/\/www.bonpassage.com\/de\/fruhstuck-und-abendessen\/\" \/>\n<meta property=\"og:locale\" content=\"de_DE\" \/>\n<meta property=\"og:type\" content=\"article\" \/>\n<meta property=\"og:title\" content=\"Fruhstuck und abendessen - Manoir Bonpassage\" \/>\n<meta property=\"og:description\" content=\"Fruhstuck und abendessen. Jeden Morgen k\u00f6nnen Sie ein reichhaltiges Fr\u00fchst\u00fccksbuffet geniessen. Essen und trinken In unserem kleinen, gem\u00fctlichen Speise....\" \/>\n<meta property=\"og:url\" content=\"https:\/\/www.bonpassage.com\/de\/fruhstuck-und-abendessen\/\" \/>\n<meta property=\"og:site_name\" content=\"Manoir Bonpassage\" \/>\n<meta property=\"article:modified_time\" content=\"2025-12-04T10:38:42+00:00\" \/>\n<meta name=\"twitter:label1\" content=\"Gesch\u00e4tzte Lesezeit\" \/>\n\t<meta name=\"twitter:data1\" content=\"1\u00a0Minute\" \/>\n<script type=\"application\/ld+json\" class=\"yoast-schema-graph\">{\"@context\":\"https:\\\/\\\/schema.org\",\"@graph\":[{\"@type\":\"WebPage\",\"@id\":\"https:\\\/\\\/www.bonpassage.com\\\/de\\\/fruhstuck-und-abendessen\\\/\",\"url\":\"https:\\\/\\\/www.bonpassage.com\\\/de\\\/fruhstuck-und-abendessen\\\/\",\"name\":\"Fruhstuck und abendessen - Manoir Bonpassage\",\"isPartOf\":{\"@id\":\"https:\\\/\\\/www.bonpassage.com\\\/#website\"},\"datePublished\":\"2015-04-16T06:52:32+00:00\",\"dateModified\":\"2025-12-04T10:38:42+00:00\",\"description\":\"Fruhstuck und abendessen. Jeden Morgen k\u00f6nnen Sie ein reichhaltiges Fr\u00fchst\u00fccksbuffet geniessen. Essen und trinken In unserem kleinen, gem\u00fctlichen Speise....\",\"breadcrumb\":{\"@id\":\"https:\\\/\\\/www.bonpassage.com\\\/de\\\/fruhstuck-und-abendessen\\\/#breadcrumb\"},\"inLanguage\":\"de\",\"potentialAction\":[{\"@type\":\"ReadAction\",\"target\":[\"https:\\\/\\\/www.bonpassage.com\\\/de\\\/fruhstuck-und-abendessen\\\/\"]}]},{\"@type\":\"BreadcrumbList\",\"@id\":\"https:\\\/\\\/www.bonpassage.com\\\/de\\\/fruhstuck-und-abendessen\\\/#breadcrumb\",\"itemListElement\":[{\"@type\":\"ListItem\",\"position\":1,\"name\":\"Home\",\"item\":\"https:\\\/\\\/www.bonpassage.com\\\/de\\\/\"},{\"@type\":\"ListItem\",\"position\":2,\"name\":\"Fr\u00fchst\u00fcck und abendessen\"}]},{\"@type\":\"WebSite\",\"@id\":\"https:\\\/\\\/www.bonpassage.com\\\/#website\",\"url\":\"https:\\\/\\\/www.bonpassage.com\\\/\",\"name\":\"Manoir Bonpassage\",\"description\":\"H\u00f4tel de Charme - Bourgogne France\",\"potentialAction\":[{\"@type\":\"SearchAction\",\"target\":{\"@type\":\"EntryPoint\",\"urlTemplate\":\"https:\\\/\\\/www.bonpassage.com\\\/?s={search_term_string}\"},\"query-input\":{\"@type\":\"PropertyValueSpecification\",\"valueRequired\":true,\"valueName\":\"search_term_string\"}}],\"inLanguage\":\"de\"}]}<\/script>\n<!-- \/ Yoast SEO plugin. -->","yoast_head_json":{"title":"Fruhstuck und abendessen - Manoir Bonpassage","description":"Fruhstuck und abendessen. Jeden Morgen k\u00f6nnen Sie ein reichhaltiges Fr\u00fchst\u00fccksbuffet geniessen. Essen und trinken In unserem kleinen, gem\u00fctlichen Speise....","robots":{"index":"index","follow":"follow","max-snippet":"max-snippet:-1","max-image-preview":"max-image-preview:large","max-video-preview":"max-video-preview:-1"},"canonical":"https:\/\/www.bonpassage.com\/de\/fruhstuck-und-abendessen\/","og_locale":"de_DE","og_type":"article","og_title":"Fruhstuck und abendessen - Manoir Bonpassage","og_description":"Fruhstuck und abendessen. Jeden Morgen k\u00f6nnen Sie ein reichhaltiges Fr\u00fchst\u00fccksbuffet geniessen. Essen und trinken In unserem kleinen, gem\u00fctlichen Speise....","og_url":"https:\/\/www.bonpassage.com\/de\/fruhstuck-und-abendessen\/","og_site_name":"Manoir Bonpassage","article_modified_time":"2025-12-04T10:38:42+00:00","twitter_misc":{"Gesch\u00e4tzte Lesezeit":"1\u00a0Minute"},"schema":{"@context":"https:\/\/schema.org","@graph":[{"@type":"WebPage","@id":"https:\/\/www.bonpassage.com\/de\/fruhstuck-und-abendessen\/","url":"https:\/\/www.bonpassage.com\/de\/fruhstuck-und-abendessen\/","name":"Fruhstuck und abendessen - Manoir Bonpassage","isPartOf":{"@id":"https:\/\/www.bonpassage.com\/#website"},"datePublished":"2015-04-16T06:52:32+00:00","dateModified":"2025-12-04T10:38:42+00:00","description":"Fruhstuck und abendessen. Jeden Morgen k\u00f6nnen Sie ein reichhaltiges Fr\u00fchst\u00fccksbuffet geniessen. Essen und trinken In unserem kleinen, gem\u00fctlichen Speise....","breadcrumb":{"@id":"https:\/\/www.bonpassage.com\/de\/fruhstuck-und-abendessen\/#breadcrumb"},"inLanguage":"de","potentialAction":[{"@type":"ReadAction","target":["https:\/\/www.bonpassage.com\/de\/fruhstuck-und-abendessen\/"]}]},{"@type":"BreadcrumbList","@id":"https:\/\/www.bonpassage.com\/de\/fruhstuck-und-abendessen\/#breadcrumb","itemListElement":[{"@type":"ListItem","position":1,"name":"Home","item":"https:\/\/www.bonpassage.com\/de\/"},{"@type":"ListItem","position":2,"name":"Fr\u00fchst\u00fcck und abendessen"}]},{"@type":"WebSite","@id":"https:\/\/www.bonpassage.com\/#website","url":"https:\/\/www.bonpassage.com\/","name":"Manoir Bonpassage","description":"H\u00f4tel de Charme - Bourgogne France","potentialAction":[{"@type":"SearchAction","target":{"@type":"EntryPoint","urlTemplate":"https:\/\/www.bonpassage.com\/?s={search_term_string}"},"query-input":{"@type":"PropertyValueSpecification","valueRequired":true,"valueName":"search_term_string"}}],"inLanguage":"de"}]}},"_links":{"self":[{"href":"https:\/\/www.bonpassage.com\/de\/wp-json\/wp\/v2\/pages\/2367","targetHints":{"allow":["GET"]}}],"collection":[{"href":"https:\/\/www.bonpassage.com\/de\/wp-json\/wp\/v2\/pages"}],"about":[{"href":"https:\/\/www.bonpassage.com\/de\/wp-json\/wp\/v2\/types\/page"}],"author":[{"embeddable":true,"href":"https:\/\/www.bonpassage.com\/de\/wp-json\/wp\/v2\/users\/4"}],"replies":[{"embeddable":true,"href":"https:\/\/www.bonpassage.com\/de\/wp-json\/wp\/v2\/comments?post=2367"}],"version-history":[{"count":11,"href":"https:\/\/www.bonpassage.com\/de\/wp-json\/wp\/v2\/pages\/2367\/revisions"}],"predecessor-version":[{"id":4265,"href":"https:\/\/www.bonpassage.com\/de\/wp-json\/wp\/v2\/pages\/2367\/revisions\/4265"}],"wp:attachment":[{"href":"https:\/\/www.bonpassage.com\/de\/wp-json\/wp\/v2\/media?parent=2367"}],"curies":[{"name":"wp","href":"https:\/\/api.w.org\/{rel}","templated":true}]}}