{"id":2405,"date":"2015-04-15T09:06:00","date_gmt":"2015-04-15T09:06:00","guid":{"rendered":"http:\/\/www.bonpassage.com\/le-manoir-2\/"},"modified":"2025-12-04T11:32:56","modified_gmt":"2025-12-04T10:32:56","slug":"das-manoir","status":"publish","type":"page","link":"https:\/\/www.bonpassage.com\/de\/das-manoir\/","title":{"rendered":"Das Manoir"},"content":{"rendered":"<p><a href=\"https:\/\/www.bonpassage.com\/wp-content\/uploads\/2015\/04\/MANOIR_BONPASSAGE_SLIDER-930x370.jpg\"><img loading=\"lazy\" decoding=\"async\" class=\"alignnone size-image-scale-with-grid-full-height wp-image-2001\" src=\"https:\/\/www.bonpassage.com\/wp-content\/uploads\/2015\/04\/MANOIR_BONPASSAGE_SLIDER-930x370.jpg\" alt=\"MANOIR_BONPASSAGE_SLIDER\" width=\"930\" height=\"370\" srcset=\"https:\/\/www.bonpassage.com\/wp-content\/uploads\/2015\/04\/MANOIR_BONPASSAGE_SLIDER-930x370.jpg 930w, https:\/\/www.bonpassage.com\/wp-content\/uploads\/2015\/04\/MANOIR_BONPASSAGE_SLIDER-300x119.jpg 300w, https:\/\/www.bonpassage.com\/wp-content\/uploads\/2015\/04\/MANOIR_BONPASSAGE_SLIDER-1024x407.jpg 1024w, https:\/\/www.bonpassage.com\/wp-content\/uploads\/2015\/04\/MANOIR_BONPASSAGE_SLIDER.jpg 1920w\" sizes=\"auto, (max-width: 930px) 100vw, 930px\" \/><\/a><\/p>\n<p>Eine kleine Geschichte \u00fcber die urspr\u00fcngliche Nutzung des Geb\u00e4udes.<br \/>\nDas Manoir wurde im Jahre 1850 als das Haus einer reichen Familie erbaut. Im Jahr 1900 wurde das Haus gekauft von einem Pariser, der eine behinderte Tochter, Marguerite, hatte. Wegen seine Tochter wollte der Pariser weg aus dem Hektik der gro\u00dfen Stadt. Er hat daher im Jahr 1900 das Geb\u00e4ude neben dem Herrenhaus gebaut und begann da eine H\u00fchnerzucht, dem nach seiner Tochter genannt war: Etablissement d&#8217;Aviculture Ste Marguerite. Bis etwa 1926 war die H\u00fchnerzucht in Betrieb, danach ist der Geb\u00e4ude im Verfall geraten. Im Jahr 1994 begann die Restaurierung. Noch heute erinnern die vielen antiken Keramiken auf der Fassade an dieser Zeit. Der urspr\u00fcngliche Name &#8222;Etablissement d&#8217;Aviculture Ste Marguerite&#8220;, die an der Fassade fast v\u00f6llig unlesbar geworden war, wurde im Herbst 2007 renoviert und so in vollem Glanz wiederherstellt.<\/p>\n<hr \/>\n<div class=\"one-third column alpha\">\n<img loading=\"lazy\" decoding=\"async\" class=\"alignnone wp-image-2017 size-full\" src=\"https:\/\/www.bonpassage.com\/wp-content\/uploads\/2015\/04\/MANOIR_BONPASSAGE_HUIS.png\" alt=\"MANOIR_BONPASSAGE_HUIS\" width=\"300\" height=\"330\" srcset=\"https:\/\/www.bonpassage.com\/wp-content\/uploads\/2015\/04\/MANOIR_BONPASSAGE_HUIS.png 300w, https:\/\/www.bonpassage.com\/wp-content\/uploads\/2015\/04\/MANOIR_BONPASSAGE_HUIS-273x300.png 273w\" sizes=\"auto, (max-width: 300px) 100vw, 300px\" \/><br \/>\nManoir Bonpassage ist ein restauriertes Landhaus (Manoir), mit einem besonderen eigenen Stil, am Rande des D\u00f6rfchens Thurys. Die holl\u00e4ndischen Inhaber, Ruud Rijsbergen &amp; Annemiek van Iersel, garantieren Ihnen einen pers\u00f6nlichen und herzlichen Empfang.<\/p>\n<p><a href=\"\/?cat_ID=17\">Weitere Information \u00fcber die Umgebung.<\/a><br \/>\n<\/div>\n<div class=\"one-third column \">\n<p><a href=\"https:\/\/www.bonpassage.com\/wp-content\/uploads\/2025\/01\/20240406_155319-scaled.jpg\"><img loading=\"lazy\" decoding=\"async\" class=\"alignnone wp-image-4927 size-medium\" src=\"https:\/\/www.bonpassage.com\/wp-content\/uploads\/2025\/01\/20240406_155319-300x300.jpg\" alt=\"\" width=\"300\" height=\"300\" srcset=\"https:\/\/www.bonpassage.com\/wp-content\/uploads\/2025\/01\/20240406_155319-300x300.jpg 300w, https:\/\/www.bonpassage.com\/wp-content\/uploads\/2025\/01\/20240406_155319-1024x1024.jpg 1024w, https:\/\/www.bonpassage.com\/wp-content\/uploads\/2025\/01\/20240406_155319-150x150.jpg 150w, https:\/\/www.bonpassage.com\/wp-content\/uploads\/2025\/01\/20240406_155319-768x768.jpg 768w, https:\/\/www.bonpassage.com\/wp-content\/uploads\/2025\/01\/20240406_155319-1536x1536.jpg 1536w, https:\/\/www.bonpassage.com\/wp-content\/uploads\/2025\/01\/20240406_155319-2048x2048.jpg 2048w, https:\/\/www.bonpassage.com\/wp-content\/uploads\/2025\/01\/20240406_155319-930x930.jpg 930w\" sizes=\"auto, (max-width: 300px) 100vw, 300px\" \/><\/a><\/p>\n<p>Manoir Bonpassage hat 8 mit angenehmen Komfort eingerichtete Zimmer. Alle Zimmer verf\u00fcgen \u00fcber Bad, bzw. Dusche\/WC. In der 1. Etage befinden sich 6 Doppel\/Zweibettzimmer und die Suite f\u00fcr 2 Personen mit separatem Wohnbereich. In Parterre gibt es ein gro\u00dfes Comfort Zimmer f\u00fcr 2 Personen mit gem\u00fctlicher Sitzecke und Ausgang zu der Terrasse.<br \/>\n<\/div>\n<div class=\"one-third column omega\">\n<p><a href=\"https:\/\/www.bonpassage.com\/wp-content\/uploads\/2025\/01\/bb2ed302-5b7f-481d-b67a-2229e2319ffa-225x300.jpg\"><img loading=\"lazy\" decoding=\"async\" class=\"alignnone wp-image-5331 size-medium\" src=\"https:\/\/www.bonpassage.com\/wp-content\/uploads\/2025\/01\/bb2ed302-5b7f-481d-b67a-2229e2319ffa-225x300.jpg\" alt=\"\" width=\"225\" height=\"300\" srcset=\"https:\/\/www.bonpassage.com\/wp-content\/uploads\/2025\/01\/bb2ed302-5b7f-481d-b67a-2229e2319ffa-225x300.jpg 225w, https:\/\/www.bonpassage.com\/wp-content\/uploads\/2025\/01\/bb2ed302-5b7f-481d-b67a-2229e2319ffa.jpg 768w\" sizes=\"auto, (max-width: 225px) 100vw, 225px\" \/><\/a><\/p>\n<p>Manoir Bonpassage verf\u00fcgt \u00fcber einen gro\u00dfen Aufenthaltsraum, in dem Sie nach einem aktiven Tag wieder zur Ruhe kommen k\u00f6nnen. Hier als auch auf der Terrasse k\u00f6nnen Sie sich mit Getr\u00e4nken aller Art, vom \u201cEspresso\u201d bis zu einem \u201cVerre de Bourgogne\u201d, verw\u00f6hnen lassen. Bei oft vorkommenden guten Wetter servieren wir das Abendessen auf der Terrasse.<br \/>\n<\/div><div class=\"clear\"><\/div>\n<hr\/>\n<div id=\"attachment_5151\" style=\"width: 235px\" class=\"wp-caption alignnone\"><a href=\"https:\/\/www.bonpassage.com\/wp-content\/uploads\/2025\/01\/zwembad-1-225x300.jpg\"><img loading=\"lazy\" decoding=\"async\" aria-describedby=\"caption-attachment-5151\" class=\"wp-image-5151 size-medium\" src=\"https:\/\/www.bonpassage.com\/wp-content\/uploads\/2025\/01\/zwembad-1-225x300.jpg\" alt=\"\" width=\"225\" height=\"300\" srcset=\"https:\/\/www.bonpassage.com\/wp-content\/uploads\/2025\/01\/zwembad-1-225x300.jpg 225w, https:\/\/www.bonpassage.com\/wp-content\/uploads\/2025\/01\/zwembad-1-768x1024.jpg 768w, https:\/\/www.bonpassage.com\/wp-content\/uploads\/2025\/01\/zwembad-1-1152x1536.jpg 1152w, https:\/\/www.bonpassage.com\/wp-content\/uploads\/2025\/01\/zwembad-1-930x1240.jpg 930w, https:\/\/www.bonpassage.com\/wp-content\/uploads\/2025\/01\/zwembad-1.jpg 1536w\" sizes=\"auto, (max-width: 225px) 100vw, 225px\" \/><\/a><p id=\"caption-attachment-5151\" class=\"wp-caption-text\">Zwembad &#8211; Piscine<\/p><\/div>\n<p>Sie k\u00f6nnen nat\u00fcrlich unser Schwimmbad nutzen. Auf unserer Sonnenterrasse einfach erholen und zwischendurch ein erfrischendes Bad nehmen, im wahrsten Sinne einfach abtauchen und relaxen. Das Schwimmbad ist ge\u00f6ffnet vom 1. Mai bis 30. September, abh\u00e4ngig von der Wetterlage.<\/p>\n","protected":false},"excerpt":{"rendered":"<p>Eine kleine Geschichte \u00fcber die urspr\u00fcngliche Nutzung des Geb\u00e4udes. Das Manoir wurde im Jahre 1850 als das Haus einer reichen Familie erbaut. Im Jahr 1900 wurde das Haus gekauft von einem Pariser, der eine behinderte Tochter, Marguerite, hatte. Wegen seine Tochter wollte der Pariser weg aus dem Hektik der gro\u00dfen Stadt. Er hat daher im [&hellip;]<\/p>\n","protected":false},"author":4,"featured_media":0,"parent":0,"menu_order":0,"comment_status":"closed","ping_status":"closed","template":"","meta":{"footnotes":""},"class_list":["post-2405","page","type-page","status-publish","hentry"],"yoast_head":"<!-- This site is optimized with the Yoast SEO plugin v27.4 - https:\/\/yoast.com\/product\/yoast-seo-wordpress\/ -->\n<title>Das Manoir - Manoir Bonpassage<\/title>\n<meta name=\"description\" content=\"Das Manoir wurde im Jahre 1850 als das Haus einer reichen Familie erbaut. Im Jahr 1900 wurde das Haus gekauft von einem Pariser, f\u00fcr Marguerite.\" \/>\n<meta name=\"robots\" content=\"index, follow, max-snippet:-1, max-image-preview:large, max-video-preview:-1\" \/>\n<link rel=\"canonical\" href=\"https:\/\/www.bonpassage.com\/de\/das-manoir\/\" \/>\n<meta property=\"og:locale\" content=\"de_DE\" \/>\n<meta property=\"og:type\" content=\"article\" \/>\n<meta property=\"og:title\" content=\"Das Manoir - Manoir Bonpassage\" \/>\n<meta property=\"og:description\" content=\"Das Manoir wurde im Jahre 1850 als das Haus einer reichen Familie erbaut. Im Jahr 1900 wurde das Haus gekauft von einem Pariser, f\u00fcr Marguerite.\" \/>\n<meta property=\"og:url\" content=\"https:\/\/www.bonpassage.com\/de\/das-manoir\/\" \/>\n<meta property=\"og:site_name\" content=\"Manoir Bonpassage\" \/>\n<meta property=\"article:modified_time\" content=\"2025-12-04T10:32:56+00:00\" \/>\n<meta property=\"og:image\" content=\"https:\/\/www.bonpassage.com\/wp-content\/uploads\/2015\/04\/MANOIR_BONPASSAGE_SLIDER.jpg\" \/>\n\t<meta property=\"og:image:width\" content=\"1920\" \/>\n\t<meta property=\"og:image:height\" content=\"764\" \/>\n\t<meta property=\"og:image:type\" content=\"image\/jpeg\" \/>\n<meta name=\"twitter:label1\" content=\"Gesch\u00e4tzte Lesezeit\" \/>\n\t<meta name=\"twitter:data1\" content=\"3\u00a0Minuten\" \/>\n<script type=\"application\/ld+json\" class=\"yoast-schema-graph\">{\"@context\":\"https:\\\/\\\/schema.org\",\"@graph\":[{\"@type\":\"WebPage\",\"@id\":\"https:\\\/\\\/www.bonpassage.com\\\/de\\\/das-manoir\\\/\",\"url\":\"https:\\\/\\\/www.bonpassage.com\\\/de\\\/das-manoir\\\/\",\"name\":\"Das Manoir - Manoir Bonpassage\",\"isPartOf\":{\"@id\":\"https:\\\/\\\/www.bonpassage.com\\\/#website\"},\"primaryImageOfPage\":{\"@id\":\"https:\\\/\\\/www.bonpassage.com\\\/de\\\/das-manoir\\\/#primaryimage\"},\"image\":{\"@id\":\"https:\\\/\\\/www.bonpassage.com\\\/de\\\/das-manoir\\\/#primaryimage\"},\"thumbnailUrl\":\"https:\\\/\\\/www.bonpassage.com\\\/wp-content\\\/uploads\\\/2015\\\/04\\\/MANOIR_BONPASSAGE_SLIDER-930x370.jpg\",\"datePublished\":\"2015-04-15T09:06:00+00:00\",\"dateModified\":\"2025-12-04T10:32:56+00:00\",\"description\":\"Das Manoir wurde im Jahre 1850 als das Haus einer reichen Familie erbaut. Im Jahr 1900 wurde das Haus gekauft von einem Pariser, f\u00fcr Marguerite.\",\"breadcrumb\":{\"@id\":\"https:\\\/\\\/www.bonpassage.com\\\/de\\\/das-manoir\\\/#breadcrumb\"},\"inLanguage\":\"de\",\"potentialAction\":[{\"@type\":\"ReadAction\",\"target\":[\"https:\\\/\\\/www.bonpassage.com\\\/de\\\/das-manoir\\\/\"]}]},{\"@type\":\"ImageObject\",\"inLanguage\":\"de\",\"@id\":\"https:\\\/\\\/www.bonpassage.com\\\/de\\\/das-manoir\\\/#primaryimage\",\"url\":\"https:\\\/\\\/www.bonpassage.com\\\/wp-content\\\/uploads\\\/2015\\\/04\\\/MANOIR_BONPASSAGE_SLIDER-930x370.jpg\",\"contentUrl\":\"https:\\\/\\\/www.bonpassage.com\\\/wp-content\\\/uploads\\\/2015\\\/04\\\/MANOIR_BONPASSAGE_SLIDER-930x370.jpg\"},{\"@type\":\"BreadcrumbList\",\"@id\":\"https:\\\/\\\/www.bonpassage.com\\\/de\\\/das-manoir\\\/#breadcrumb\",\"itemListElement\":[{\"@type\":\"ListItem\",\"position\":1,\"name\":\"Home\",\"item\":\"https:\\\/\\\/www.bonpassage.com\\\/de\\\/\"},{\"@type\":\"ListItem\",\"position\":2,\"name\":\"Das Manoir\"}]},{\"@type\":\"WebSite\",\"@id\":\"https:\\\/\\\/www.bonpassage.com\\\/#website\",\"url\":\"https:\\\/\\\/www.bonpassage.com\\\/\",\"name\":\"Manoir Bonpassage\",\"description\":\"H\u00f4tel de Charme - Bourgogne France\",\"potentialAction\":[{\"@type\":\"SearchAction\",\"target\":{\"@type\":\"EntryPoint\",\"urlTemplate\":\"https:\\\/\\\/www.bonpassage.com\\\/?s={search_term_string}\"},\"query-input\":{\"@type\":\"PropertyValueSpecification\",\"valueRequired\":true,\"valueName\":\"search_term_string\"}}],\"inLanguage\":\"de\"}]}<\/script>\n<!-- \/ Yoast SEO plugin. -->","yoast_head_json":{"title":"Das Manoir - Manoir Bonpassage","description":"Das Manoir wurde im Jahre 1850 als das Haus einer reichen Familie erbaut. Im Jahr 1900 wurde das Haus gekauft von einem Pariser, f\u00fcr Marguerite.","robots":{"index":"index","follow":"follow","max-snippet":"max-snippet:-1","max-image-preview":"max-image-preview:large","max-video-preview":"max-video-preview:-1"},"canonical":"https:\/\/www.bonpassage.com\/de\/das-manoir\/","og_locale":"de_DE","og_type":"article","og_title":"Das Manoir - Manoir Bonpassage","og_description":"Das Manoir wurde im Jahre 1850 als das Haus einer reichen Familie erbaut. Im Jahr 1900 wurde das Haus gekauft von einem Pariser, f\u00fcr Marguerite.","og_url":"https:\/\/www.bonpassage.com\/de\/das-manoir\/","og_site_name":"Manoir Bonpassage","article_modified_time":"2025-12-04T10:32:56+00:00","og_image":[{"width":1920,"height":764,"url":"https:\/\/www.bonpassage.com\/wp-content\/uploads\/2015\/04\/MANOIR_BONPASSAGE_SLIDER.jpg","type":"image\/jpeg"}],"twitter_misc":{"Gesch\u00e4tzte Lesezeit":"3\u00a0Minuten"},"schema":{"@context":"https:\/\/schema.org","@graph":[{"@type":"WebPage","@id":"https:\/\/www.bonpassage.com\/de\/das-manoir\/","url":"https:\/\/www.bonpassage.com\/de\/das-manoir\/","name":"Das Manoir - Manoir Bonpassage","isPartOf":{"@id":"https:\/\/www.bonpassage.com\/#website"},"primaryImageOfPage":{"@id":"https:\/\/www.bonpassage.com\/de\/das-manoir\/#primaryimage"},"image":{"@id":"https:\/\/www.bonpassage.com\/de\/das-manoir\/#primaryimage"},"thumbnailUrl":"https:\/\/www.bonpassage.com\/wp-content\/uploads\/2015\/04\/MANOIR_BONPASSAGE_SLIDER-930x370.jpg","datePublished":"2015-04-15T09:06:00+00:00","dateModified":"2025-12-04T10:32:56+00:00","description":"Das Manoir wurde im Jahre 1850 als das Haus einer reichen Familie erbaut. Im Jahr 1900 wurde das Haus gekauft von einem Pariser, f\u00fcr Marguerite.","breadcrumb":{"@id":"https:\/\/www.bonpassage.com\/de\/das-manoir\/#breadcrumb"},"inLanguage":"de","potentialAction":[{"@type":"ReadAction","target":["https:\/\/www.bonpassage.com\/de\/das-manoir\/"]}]},{"@type":"ImageObject","inLanguage":"de","@id":"https:\/\/www.bonpassage.com\/de\/das-manoir\/#primaryimage","url":"https:\/\/www.bonpassage.com\/wp-content\/uploads\/2015\/04\/MANOIR_BONPASSAGE_SLIDER-930x370.jpg","contentUrl":"https:\/\/www.bonpassage.com\/wp-content\/uploads\/2015\/04\/MANOIR_BONPASSAGE_SLIDER-930x370.jpg"},{"@type":"BreadcrumbList","@id":"https:\/\/www.bonpassage.com\/de\/das-manoir\/#breadcrumb","itemListElement":[{"@type":"ListItem","position":1,"name":"Home","item":"https:\/\/www.bonpassage.com\/de\/"},{"@type":"ListItem","position":2,"name":"Das Manoir"}]},{"@type":"WebSite","@id":"https:\/\/www.bonpassage.com\/#website","url":"https:\/\/www.bonpassage.com\/","name":"Manoir Bonpassage","description":"H\u00f4tel de Charme - Bourgogne France","potentialAction":[{"@type":"SearchAction","target":{"@type":"EntryPoint","urlTemplate":"https:\/\/www.bonpassage.com\/?s={search_term_string}"},"query-input":{"@type":"PropertyValueSpecification","valueRequired":true,"valueName":"search_term_string"}}],"inLanguage":"de"}]}},"_links":{"self":[{"href":"https:\/\/www.bonpassage.com\/de\/wp-json\/wp\/v2\/pages\/2405","targetHints":{"allow":["GET"]}}],"collection":[{"href":"https:\/\/www.bonpassage.com\/de\/wp-json\/wp\/v2\/pages"}],"about":[{"href":"https:\/\/www.bonpassage.com\/de\/wp-json\/wp\/v2\/types\/page"}],"author":[{"embeddable":true,"href":"https:\/\/www.bonpassage.com\/de\/wp-json\/wp\/v2\/users\/4"}],"replies":[{"embeddable":true,"href":"https:\/\/www.bonpassage.com\/de\/wp-json\/wp\/v2\/comments?post=2405"}],"version-history":[{"count":12,"href":"https:\/\/www.bonpassage.com\/de\/wp-json\/wp\/v2\/pages\/2405\/revisions"}],"predecessor-version":[{"id":5406,"href":"https:\/\/www.bonpassage.com\/de\/wp-json\/wp\/v2\/pages\/2405\/revisions\/5406"}],"wp:attachment":[{"href":"https:\/\/www.bonpassage.com\/de\/wp-json\/wp\/v2\/media?parent=2405"}],"curies":[{"name":"wp","href":"https:\/\/api.w.org\/{rel}","templated":true}]}}