{"id":2411,"date":"2015-04-14T11:53:15","date_gmt":"2015-04-14T11:53:15","guid":{"rendered":"http:\/\/www.bonpassage.com\/tarieven-2\/"},"modified":"2025-12-24T09:05:51","modified_gmt":"2025-12-24T08:05:51","slug":"preise","status":"publish","type":"page","link":"https:\/\/www.bonpassage.com\/de\/preise\/","title":{"rendered":"Preise"},"content":{"rendered":"<h1>Preise 2026<\/h1>\n<h2><span style=\"color: #33cccc;\"><strong>Wann Sie direkt bei uns buchen, bekommen Sie die beste Preise!<\/strong> Buchen Sie <span style=\"color: #000080;\"><a style=\"color: #000080;\" href=\"https:\/\/www.bonpassage.com\/de\/reservieren\/\">hier<\/a><\/span><\/span><\/h2>\n<p><strong><div class=\"two-thirds column alpha\"><\/strong><\/p>\n<table class=\"table-palace-styled\" style=\"height: 275px;\" width=\"543\">\n<tbody>\n<tr>\n<td style=\"text-align: left;\" width=\"350\"><strong>Zimmer<\/strong><\/td>\n<td width=\"80\"><strong>Verblijf 1 nacht<\/strong><\/td>\n<td width=\"80\"><strong>Verblijf 2 of meer nachten<\/strong><\/td>\n<\/tr>\n<tr>\n<td width=\"350\">\n<p style=\"text-align: left;\">Doppelzimmer mit Dusche und Toilette, Doppelbett (140 cm)\u2013 1. Etage<\/p>\n<\/td>\n<td width=\"80\">\u20ac 95,00<\/td>\n<td width=\"80\">\u20ac 86,00<\/td>\n<\/tr>\n<tr>\n<td width=\"350\">\n<p style=\"text-align: left;\">Zweibettzimmer mit Bad bzw Dusche und Toilette \u2013 1. Etage<\/p>\n<\/td>\n<td width=\"80\">\u20ac105,00<\/td>\n<td width=\"80\">\u20ac 95,00<\/td>\n<\/tr>\n<tr>\n<td width=\"350\">\n<p style=\"text-align: left;\">Sehr grosses Zweibettzimmer mit Dusche und Toilette, Sitzecke und Ausgang zu der Terrasse &#8211; Erdgeschoss<\/p>\n<\/td>\n<td width=\"80\">\u20ac 131,00<\/td>\n<td width=\"80\">\u20ac 118,00<\/td>\n<\/tr>\n<tr>\n<td width=\"350\">\n<p style=\"text-align: left;\">Suite f\u00fcr 2 Personen, diese bietet ein Zweibettzimmer, einen separaten Wohnbereich, ein Badezimmer mit Dusche\/Toilette und eine Verbindungsdiele \u2013 1. Etage<\/p>\n<\/td>\n<td width=\"80\">\u20ac 131,00<\/td>\n<td width=\"80\">\u20ac 118,00<\/td>\n<\/tr>\n<\/tbody>\n<\/table>\n<p><strong><\/div><\/strong><\/p>\n<p><strong><div class=\"one-third column omega\"><\/strong><\/p>\n<div class=\"gallery-ap full-width\"><div class=\"gallery-big-image\"><img decoding=\"async\" src=\"https:\/\/www.bonpassage.com\/wp-content\/uploads\/2025\/01\/20240406_154048-scaled-930x930.jpg\" class=\"img-gallery-ap-full-size\" alt=\"\" \/><\/div><div class=\"gallery-slider\" data-processing=\"no\"><div class=\"gallery-slide\"><a href=\"https:\/\/www.bonpassage.com\/wp-content\/uploads\/2025\/01\/20240406_154048-scaled-930x930.jpg\" data-full-size-src=\"\"><img decoding=\"async\" src=\"https:\/\/www.bonpassage.com\/wp-content\/uploads\/2025\/01\/20240406_154048-scaled-90x90.jpg\" alt=\"\" \/><\/a><a href=\"https:\/\/www.bonpassage.com\/wp-content\/uploads\/2025\/01\/20240406_153602-scaled-e1764845441540.jpg\" data-full-size-src=\"\"><img decoding=\"async\" src=\"https:\/\/www.bonpassage.com\/wp-content\/uploads\/2025\/01\/20240406_153602-scaled-e1764845441540-90x90.jpg\" alt=\"\" \/><\/a><a href=\"https:\/\/www.bonpassage.com\/wp-content\/uploads\/2025\/01\/20240415_154906-e1764845510598.jpg\" data-full-size-src=\"\"><img decoding=\"async\" src=\"https:\/\/www.bonpassage.com\/wp-content\/uploads\/2025\/01\/20240415_154906-e1764845510598-90x90.jpg\" alt=\"\" \/><\/a><\/div><\/div><div class=\"gallery-controls\"><a href=\"#\" class=\"slider-content-button-left\"><\/a><a href=\"#\" class=\"slider-content-button-right\"><\/a><div class=\"slider-content-button-left-disabled\"><\/div><div class=\"slider-content-button-right-disabled\"><\/div><\/div><\/div>\n<\/div><div class=\"clear\"><\/div><br \/>\nKurtax 1,10 euro pro Person pro Nacht (kostenlos f\u00fcr Kinder unter 18 Jahren).<\/p>\n<p>Preise sind pro Zimmer pro \u00dcbernachtung, exklusive Kurtax und Fr\u00fchst\u00fcck. Die Zimmer sind komfortabel eingerichtet, sanit\u00e4re Ausstattung wie oben erw\u00e4hnt, Telefon und F\u00f6hn. Kostenfreies WLAN.<\/p>\n<p>In einigen Zimmern ist es m\u00f6glich ein Zustellbett hinzustellen. Preis pro Nacht \u20ac 15,00.<\/p>\n<p>Reichhaltiges Fr\u00fchst\u00fccksbuffet: \u20ac 13,00 pro Person.<\/p>\n<p>Am Montag, Dienstag, Mittwoch, Freitag und Samstagabend servieren wir auf Reservierung ein 3-G\u00e4ngemen\u00fc f\u00fcr \u20ac 40,00 pro Person.\u00a0 Falls Sie an einer diesen Tagen ankommen und am diesen Tag bei uns das Abendessen genie\u00dfen m\u00f6chten, bitten wir Sie uns das bei Reservierung anzugeben.<\/p>\n<p>Am Anreisetag ist Ihr Zimmer ab 16.00 Uhr zur Verf\u00fcgung und am Abreisetag bitten wir Sie das Zimmer sp\u00e4testens um 10.30 Uhr freizugeben.<\/p>\n<p>Unsere Zimmer sind alle Nichtraucherzimmer.<br \/>\n<strong>Haustiere sind nicht erw\u00fcnscht.<\/strong><\/p>\n<p><strong><hr\/><\/strong><\/p>\n<p><strong>Sondernangebote<\/strong><br \/>\nIm Fr\u00fchling und im Herbst (mit Ausnahme von Himmelfahrt und Pfingsten) bieten wir Ihnen unsere Sonderangebote an mit interessanten Nachl\u00e4ssen.<br \/>\n<a title=\"promo\" href=\"http:\/\/bonpassage.com\/promo\/index.html\" rel=\"self\">Klicken Sie hier f\u00fcr weitere Information.<br \/>\n<\/a><br \/>\n<strong>Ostern, Himmelfahrt und Pfingsten<\/strong><br \/>\nW\u00e4hrend des Ostern, Himmelfahrt und Pfingsten Wochenendes sind keine Aufenthalte von eine oder zwei N\u00e4chte m\u00f6glich. Nur Aufenthalte von mindestens drei N\u00e4chte sind dann zu buchen (Himmelfahrt Do-Frei-Sam und Ostern\/Pfingsten Frei-Sam-Sonn) einschl. Fr\u00fchst\u00fcck und 3x Abendessen, 2x mit Himmelfahrt undPfingsten.<\/p>\n<hr\/>\n<p><strong>Aufenthalt von eine Nacht<\/strong><br \/>\nSicher sind Sie auch f\u00fcr nur eine Nacht willkommen bei uns. Aber da wir nur klein sind, k\u00f6nnen Aufenthalte von eine Nacht uns manchmal auch blockieren. Deswegen akzeptieren wir nur Buchungen f\u00fcr eine Nacht wenn das direkt an einer bestehenden Buchung anschliesst. Wir hoffen auf Ihr Verst\u00e4ndnis hierf\u00fcr.<\/p>\n<p><strong>Bedingungen<\/strong><br \/>\nF\u00fcr alle Reservierungen gelten unsere allgemeinen Reservierungs- und Stornierungsbedingungen.\u00a0<a title=\"voorwaarden\" href=\"http:\/\/www.bonpassage.com\/de\/reservierungs-und-stornierungsbedingungen\/\" rel=\"self\">Klicken Sie hier f\u00fcr unsere Bedingungen.<\/a> Wir empfehlen Ihnen, eine Reiser\u00fccktrittversicherung abzuschlie\u00dfen.<\/p>\n","protected":false},"excerpt":{"rendered":"<p>Preise 2026 Wann Sie direkt bei uns buchen, bekommen Sie die beste Preise! Buchen Sie hier Kurtax 1,10 euro pro Person pro Nacht (kostenlos f\u00fcr Kinder unter 18 Jahren). Preise sind pro Zimmer pro \u00dcbernachtung, exklusive Kurtax und Fr\u00fchst\u00fcck. Die Zimmer sind komfortabel eingerichtet, sanit\u00e4re Ausstattung wie oben erw\u00e4hnt, Telefon und F\u00f6hn. Kostenfreies WLAN. In [&hellip;]<\/p>\n","protected":false},"author":4,"featured_media":0,"parent":0,"menu_order":0,"comment_status":"closed","ping_status":"closed","template":"","meta":{"footnotes":""},"class_list":["post-2411","page","type-page","status-publish","hentry"],"yoast_head":"<!-- This site is optimized with the Yoast SEO plugin v27.4 - https:\/\/yoast.com\/product\/yoast-seo-wordpress\/ -->\n<title>Preise - Manoir Bonpassage<\/title>\n<meta name=\"description\" content=\"Preise 2024, Doppelzimmer mit Dusche undToilette, Doppelbett \u2013 1e Etage \u20ac74,- Kostenfreies WLAN\" \/>\n<meta name=\"robots\" content=\"index, follow, max-snippet:-1, max-image-preview:large, max-video-preview:-1\" \/>\n<link rel=\"canonical\" href=\"https:\/\/www.bonpassage.com\/de\/preise\/\" \/>\n<meta property=\"og:locale\" content=\"de_DE\" \/>\n<meta property=\"og:type\" content=\"article\" \/>\n<meta property=\"og:title\" content=\"Preise - Manoir Bonpassage\" \/>\n<meta property=\"og:description\" content=\"Preise 2024, Doppelzimmer mit Dusche undToilette, Doppelbett \u2013 1e Etage \u20ac74,- Kostenfreies WLAN\" \/>\n<meta property=\"og:url\" content=\"https:\/\/www.bonpassage.com\/de\/preise\/\" \/>\n<meta property=\"og:site_name\" content=\"Manoir Bonpassage\" \/>\n<meta property=\"article:modified_time\" content=\"2025-12-24T08:05:51+00:00\" \/>\n<meta name=\"twitter:label1\" content=\"Gesch\u00e4tzte Lesezeit\" \/>\n\t<meta name=\"twitter:data1\" content=\"2\u00a0Minuten\" \/>\n<script type=\"application\/ld+json\" class=\"yoast-schema-graph\">{\"@context\":\"https:\\\/\\\/schema.org\",\"@graph\":[{\"@type\":\"WebPage\",\"@id\":\"https:\\\/\\\/www.bonpassage.com\\\/de\\\/preise\\\/\",\"url\":\"https:\\\/\\\/www.bonpassage.com\\\/de\\\/preise\\\/\",\"name\":\"Preise - Manoir Bonpassage\",\"isPartOf\":{\"@id\":\"https:\\\/\\\/www.bonpassage.com\\\/#website\"},\"datePublished\":\"2015-04-14T11:53:15+00:00\",\"dateModified\":\"2025-12-24T08:05:51+00:00\",\"description\":\"Preise 2024, Doppelzimmer mit Dusche undToilette, Doppelbett \u2013 1e Etage \u20ac74,- Kostenfreies WLAN\",\"breadcrumb\":{\"@id\":\"https:\\\/\\\/www.bonpassage.com\\\/de\\\/preise\\\/#breadcrumb\"},\"inLanguage\":\"de\",\"potentialAction\":[{\"@type\":\"ReadAction\",\"target\":[\"https:\\\/\\\/www.bonpassage.com\\\/de\\\/preise\\\/\"]}]},{\"@type\":\"BreadcrumbList\",\"@id\":\"https:\\\/\\\/www.bonpassage.com\\\/de\\\/preise\\\/#breadcrumb\",\"itemListElement\":[{\"@type\":\"ListItem\",\"position\":1,\"name\":\"Home\",\"item\":\"https:\\\/\\\/www.bonpassage.com\\\/de\\\/\"},{\"@type\":\"ListItem\",\"position\":2,\"name\":\"Preise\"}]},{\"@type\":\"WebSite\",\"@id\":\"https:\\\/\\\/www.bonpassage.com\\\/#website\",\"url\":\"https:\\\/\\\/www.bonpassage.com\\\/\",\"name\":\"Manoir Bonpassage\",\"description\":\"H\u00f4tel de Charme - Bourgogne France\",\"potentialAction\":[{\"@type\":\"SearchAction\",\"target\":{\"@type\":\"EntryPoint\",\"urlTemplate\":\"https:\\\/\\\/www.bonpassage.com\\\/?s={search_term_string}\"},\"query-input\":{\"@type\":\"PropertyValueSpecification\",\"valueRequired\":true,\"valueName\":\"search_term_string\"}}],\"inLanguage\":\"de\"}]}<\/script>\n<!-- \/ Yoast SEO plugin. -->","yoast_head_json":{"title":"Preise - Manoir Bonpassage","description":"Preise 2024, Doppelzimmer mit Dusche undToilette, Doppelbett \u2013 1e Etage \u20ac74,- Kostenfreies WLAN","robots":{"index":"index","follow":"follow","max-snippet":"max-snippet:-1","max-image-preview":"max-image-preview:large","max-video-preview":"max-video-preview:-1"},"canonical":"https:\/\/www.bonpassage.com\/de\/preise\/","og_locale":"de_DE","og_type":"article","og_title":"Preise - Manoir Bonpassage","og_description":"Preise 2024, Doppelzimmer mit Dusche undToilette, Doppelbett \u2013 1e Etage \u20ac74,- Kostenfreies WLAN","og_url":"https:\/\/www.bonpassage.com\/de\/preise\/","og_site_name":"Manoir Bonpassage","article_modified_time":"2025-12-24T08:05:51+00:00","twitter_misc":{"Gesch\u00e4tzte Lesezeit":"2\u00a0Minuten"},"schema":{"@context":"https:\/\/schema.org","@graph":[{"@type":"WebPage","@id":"https:\/\/www.bonpassage.com\/de\/preise\/","url":"https:\/\/www.bonpassage.com\/de\/preise\/","name":"Preise - Manoir Bonpassage","isPartOf":{"@id":"https:\/\/www.bonpassage.com\/#website"},"datePublished":"2015-04-14T11:53:15+00:00","dateModified":"2025-12-24T08:05:51+00:00","description":"Preise 2024, Doppelzimmer mit Dusche undToilette, Doppelbett \u2013 1e Etage \u20ac74,- Kostenfreies WLAN","breadcrumb":{"@id":"https:\/\/www.bonpassage.com\/de\/preise\/#breadcrumb"},"inLanguage":"de","potentialAction":[{"@type":"ReadAction","target":["https:\/\/www.bonpassage.com\/de\/preise\/"]}]},{"@type":"BreadcrumbList","@id":"https:\/\/www.bonpassage.com\/de\/preise\/#breadcrumb","itemListElement":[{"@type":"ListItem","position":1,"name":"Home","item":"https:\/\/www.bonpassage.com\/de\/"},{"@type":"ListItem","position":2,"name":"Preise"}]},{"@type":"WebSite","@id":"https:\/\/www.bonpassage.com\/#website","url":"https:\/\/www.bonpassage.com\/","name":"Manoir Bonpassage","description":"H\u00f4tel de Charme - Bourgogne France","potentialAction":[{"@type":"SearchAction","target":{"@type":"EntryPoint","urlTemplate":"https:\/\/www.bonpassage.com\/?s={search_term_string}"},"query-input":{"@type":"PropertyValueSpecification","valueRequired":true,"valueName":"search_term_string"}}],"inLanguage":"de"}]}},"_links":{"self":[{"href":"https:\/\/www.bonpassage.com\/de\/wp-json\/wp\/v2\/pages\/2411","targetHints":{"allow":["GET"]}}],"collection":[{"href":"https:\/\/www.bonpassage.com\/de\/wp-json\/wp\/v2\/pages"}],"about":[{"href":"https:\/\/www.bonpassage.com\/de\/wp-json\/wp\/v2\/types\/page"}],"author":[{"embeddable":true,"href":"https:\/\/www.bonpassage.com\/de\/wp-json\/wp\/v2\/users\/4"}],"replies":[{"embeddable":true,"href":"https:\/\/www.bonpassage.com\/de\/wp-json\/wp\/v2\/comments?post=2411"}],"version-history":[{"count":28,"href":"https:\/\/www.bonpassage.com\/de\/wp-json\/wp\/v2\/pages\/2411\/revisions"}],"predecessor-version":[{"id":2412,"href":"https:\/\/www.bonpassage.com\/de\/wp-json\/wp\/v2\/pages\/2411\/revisions\/2412"}],"wp:attachment":[{"href":"https:\/\/www.bonpassage.com\/de\/wp-json\/wp\/v2\/media?parent=2411"}],"curies":[{"name":"wp","href":"https:\/\/api.w.org\/{rel}","templated":true}]}}