{"id":2416,"date":"2013-03-28T02:14:17","date_gmt":"2013-03-28T02:14:17","guid":{"rendered":"http:\/\/www.bonpassage.com\/reisinformatie-2\/"},"modified":"2017-03-01T18:36:38","modified_gmt":"2017-03-01T16:36:38","slug":"reise_information","status":"publish","type":"page","link":"https:\/\/www.bonpassage.com\/de\/reise_information\/","title":{"rendered":"Reise information"},"content":{"rendered":"<h2>Reise Information<\/h2>\n<p>Manoir Bonpassage &#8211; 5, rue du Moulin &#8211; 21340 Thury, France<br \/>\nGPS-coordinaten: 4.52337 OL &#8211; 47.02671 NB<\/p>\n<p><a href=\"http:\/\/www.bonpassage.com\/wp-content\/uploads\/2015\/04\/itin\u00e9raire-DU.pdf\" target=\"_blank\">Klicken Sie hier f\u00fcr eine Wegbeschreibung zu unserem Hotel.<\/a><\/p>\n<p>Achtung : Wenn Sie ein Navigationssystem verwenden, nehmen Sie dann Thury in d\u00e9partement 21 (C\u00f4te d\u2019Or). Es gibt im Burgund noch einen Thury in der Yonne (dept. 89) und da\u00df ist anderthalb Stunden weiter.<br \/>\nWeiter haben wir noch nicht so lange die Adresse \u201a5 rue du Moulin\u2019. Bis jetzt hatte unser Dorf keine Strassen. Deswegen werden noch nicht alle Navigationssysteme unsere Stra\u00dfe kennen. Folgen Sie im Dorf unsere Wegbeschreibung, es gibt auch verschiedene Schilder.<\/p>\n<hr\/>\n<iframe loading=\"lazy\" width=\"100%\" height=\"350\" frameborder=\"0\" scrolling=\"no\" marginheight=\"0\" marginwidth=\"0\" src=\"https:\/\/maps.google.com\/maps?f=q&amp;source=s_q&amp;hl=nl&amp;geocode=&amp;q=Manoir+Bonpassage,+Thury,+France&amp;aq=0&amp;oq=manoir+bonp&amp;sll=47.026432,4.522259&amp;sspn=0.010429,0.022209&amp;ie=UTF8&amp;hq=Manoir+Bonpassage,&amp;hnear=Thury,+C%C3%B4te-d'Or,+Bourgondi%C3%AB,+Frankrijk&amp;t=m&amp;ll=47.446665,4.833984&amp;spn=1.485966,2.741089&amp;z=8&amp;iwloc=A&amp;output=embed&amp;output=embed\"><\/iframe>\n","protected":false},"excerpt":{"rendered":"<p>Reise Information Manoir Bonpassage &#8211; 5, rue du Moulin &#8211; 21340 Thury, France GPS-coordinaten: 4.52337 OL &#8211; 47.02671 NB Klicken Sie hier f\u00fcr eine Wegbeschreibung zu unserem Hotel. Achtung : Wenn Sie ein Navigationssystem verwenden, nehmen Sie dann Thury in d\u00e9partement 21 (C\u00f4te d\u2019Or). Es gibt im Burgund noch einen Thury in der Yonne (dept. [&hellip;]<\/p>\n","protected":false},"author":4,"featured_media":0,"parent":0,"menu_order":0,"comment_status":"closed","ping_status":"closed","template":"","meta":{"footnotes":""},"class_list":["post-2416","page","type-page","status-publish","hentry"],"yoast_head":"<!-- This site is optimized with the Yoast SEO plugin v27.4 - https:\/\/yoast.com\/product\/yoast-seo-wordpress\/ -->\n<title>Reise Information - Manoir Bonpassage<\/title>\n<meta name=\"description\" content=\"Manoir Bonpassage - 5, rue du Moulin, 21340 Thury, France - Tel.: +33 3 80 20 26 16\" \/>\n<meta name=\"robots\" content=\"index, follow, max-snippet:-1, max-image-preview:large, max-video-preview:-1\" \/>\n<link rel=\"canonical\" href=\"https:\/\/www.bonpassage.com\/de\/reise_information\/\" \/>\n<meta property=\"og:locale\" content=\"de_DE\" \/>\n<meta property=\"og:type\" content=\"article\" \/>\n<meta property=\"og:title\" content=\"Reise Information - Manoir Bonpassage\" \/>\n<meta property=\"og:description\" content=\"Manoir Bonpassage - 5, rue du Moulin, 21340 Thury, France - Tel.: +33 3 80 20 26 16\" \/>\n<meta property=\"og:url\" content=\"https:\/\/www.bonpassage.com\/de\/reise_information\/\" \/>\n<meta property=\"og:site_name\" content=\"Manoir Bonpassage\" \/>\n<meta property=\"article:modified_time\" content=\"2017-03-01T16:36:38+00:00\" \/>\n<meta name=\"twitter:label1\" content=\"Gesch\u00e4tzte Lesezeit\" \/>\n\t<meta name=\"twitter:data1\" content=\"1\u00a0Minute\" \/>\n<script type=\"application\/ld+json\" class=\"yoast-schema-graph\">{\"@context\":\"https:\\\/\\\/schema.org\",\"@graph\":[{\"@type\":\"WebPage\",\"@id\":\"https:\\\/\\\/www.bonpassage.com\\\/de\\\/reise_information\\\/\",\"url\":\"https:\\\/\\\/www.bonpassage.com\\\/de\\\/reise_information\\\/\",\"name\":\"Reise Information - Manoir Bonpassage\",\"isPartOf\":{\"@id\":\"https:\\\/\\\/www.bonpassage.com\\\/#website\"},\"datePublished\":\"2013-03-28T02:14:17+00:00\",\"dateModified\":\"2017-03-01T16:36:38+00:00\",\"description\":\"Manoir Bonpassage - 5, rue du Moulin, 21340 Thury, France - Tel.: +33 3 80 20 26 16\",\"breadcrumb\":{\"@id\":\"https:\\\/\\\/www.bonpassage.com\\\/de\\\/reise_information\\\/#breadcrumb\"},\"inLanguage\":\"de\",\"potentialAction\":[{\"@type\":\"ReadAction\",\"target\":[\"https:\\\/\\\/www.bonpassage.com\\\/de\\\/reise_information\\\/\"]}]},{\"@type\":\"BreadcrumbList\",\"@id\":\"https:\\\/\\\/www.bonpassage.com\\\/de\\\/reise_information\\\/#breadcrumb\",\"itemListElement\":[{\"@type\":\"ListItem\",\"position\":1,\"name\":\"Home\",\"item\":\"https:\\\/\\\/www.bonpassage.com\\\/de\\\/\"},{\"@type\":\"ListItem\",\"position\":2,\"name\":\"Reise information\"}]},{\"@type\":\"WebSite\",\"@id\":\"https:\\\/\\\/www.bonpassage.com\\\/#website\",\"url\":\"https:\\\/\\\/www.bonpassage.com\\\/\",\"name\":\"Manoir Bonpassage\",\"description\":\"H\u00f4tel de Charme - Bourgogne France\",\"potentialAction\":[{\"@type\":\"SearchAction\",\"target\":{\"@type\":\"EntryPoint\",\"urlTemplate\":\"https:\\\/\\\/www.bonpassage.com\\\/?s={search_term_string}\"},\"query-input\":{\"@type\":\"PropertyValueSpecification\",\"valueRequired\":true,\"valueName\":\"search_term_string\"}}],\"inLanguage\":\"de\"}]}<\/script>\n<!-- \/ Yoast SEO plugin. -->","yoast_head_json":{"title":"Reise Information - Manoir Bonpassage","description":"Manoir Bonpassage - 5, rue du Moulin, 21340 Thury, France - Tel.: +33 3 80 20 26 16","robots":{"index":"index","follow":"follow","max-snippet":"max-snippet:-1","max-image-preview":"max-image-preview:large","max-video-preview":"max-video-preview:-1"},"canonical":"https:\/\/www.bonpassage.com\/de\/reise_information\/","og_locale":"de_DE","og_type":"article","og_title":"Reise Information - Manoir Bonpassage","og_description":"Manoir Bonpassage - 5, rue du Moulin, 21340 Thury, France - Tel.: +33 3 80 20 26 16","og_url":"https:\/\/www.bonpassage.com\/de\/reise_information\/","og_site_name":"Manoir Bonpassage","article_modified_time":"2017-03-01T16:36:38+00:00","twitter_misc":{"Gesch\u00e4tzte Lesezeit":"1\u00a0Minute"},"schema":{"@context":"https:\/\/schema.org","@graph":[{"@type":"WebPage","@id":"https:\/\/www.bonpassage.com\/de\/reise_information\/","url":"https:\/\/www.bonpassage.com\/de\/reise_information\/","name":"Reise Information - Manoir Bonpassage","isPartOf":{"@id":"https:\/\/www.bonpassage.com\/#website"},"datePublished":"2013-03-28T02:14:17+00:00","dateModified":"2017-03-01T16:36:38+00:00","description":"Manoir Bonpassage - 5, rue du Moulin, 21340 Thury, France - Tel.: +33 3 80 20 26 16","breadcrumb":{"@id":"https:\/\/www.bonpassage.com\/de\/reise_information\/#breadcrumb"},"inLanguage":"de","potentialAction":[{"@type":"ReadAction","target":["https:\/\/www.bonpassage.com\/de\/reise_information\/"]}]},{"@type":"BreadcrumbList","@id":"https:\/\/www.bonpassage.com\/de\/reise_information\/#breadcrumb","itemListElement":[{"@type":"ListItem","position":1,"name":"Home","item":"https:\/\/www.bonpassage.com\/de\/"},{"@type":"ListItem","position":2,"name":"Reise information"}]},{"@type":"WebSite","@id":"https:\/\/www.bonpassage.com\/#website","url":"https:\/\/www.bonpassage.com\/","name":"Manoir Bonpassage","description":"H\u00f4tel de Charme - Bourgogne France","potentialAction":[{"@type":"SearchAction","target":{"@type":"EntryPoint","urlTemplate":"https:\/\/www.bonpassage.com\/?s={search_term_string}"},"query-input":{"@type":"PropertyValueSpecification","valueRequired":true,"valueName":"search_term_string"}}],"inLanguage":"de"}]}},"_links":{"self":[{"href":"https:\/\/www.bonpassage.com\/de\/wp-json\/wp\/v2\/pages\/2416","targetHints":{"allow":["GET"]}}],"collection":[{"href":"https:\/\/www.bonpassage.com\/de\/wp-json\/wp\/v2\/pages"}],"about":[{"href":"https:\/\/www.bonpassage.com\/de\/wp-json\/wp\/v2\/types\/page"}],"author":[{"embeddable":true,"href":"https:\/\/www.bonpassage.com\/de\/wp-json\/wp\/v2\/users\/4"}],"replies":[{"embeddable":true,"href":"https:\/\/www.bonpassage.com\/de\/wp-json\/wp\/v2\/comments?post=2416"}],"version-history":[{"count":7,"href":"https:\/\/www.bonpassage.com\/de\/wp-json\/wp\/v2\/pages\/2416\/revisions"}],"predecessor-version":[{"id":3960,"href":"https:\/\/www.bonpassage.com\/de\/wp-json\/wp\/v2\/pages\/2416\/revisions\/3960"}],"wp:attachment":[{"href":"https:\/\/www.bonpassage.com\/de\/wp-json\/wp\/v2\/media?parent=2416"}],"curies":[{"name":"wp","href":"https:\/\/api.w.org\/{rel}","templated":true}]}}