{"id":2510,"date":"2015-04-15T08:41:29","date_gmt":"2015-04-15T08:41:29","guid":{"rendered":"http:\/\/www.bonpassage.com\/reservering-c-q-annuleringsvoorwaarden-2\/"},"modified":"2023-01-17T10:58:16","modified_gmt":"2023-01-17T09:58:16","slug":"reservierungs-und-stornierungsbedingungen","status":"publish","type":"page","link":"https:\/\/www.bonpassage.com\/de\/reservierungs-und-stornierungsbedingungen\/","title":{"rendered":"Reservierungs- und Stornierungsbedingungen"},"content":{"rendered":"<p>1. ALLGEMEINES<br \/>\nNach Erhalt Ihrer Reservierung senden wir Ihnen eine Best\u00e4tigung per Email, Fax bzw. Post) und bitten Sie innerhalb von 7 Tagen eine Anzahlung in H\u00f6he von 35% der Gesamtsumme des gebuchten Aufenthalts (Minimum von 1 Nacht pro Aufenthalt) zu leisten. Ihre Buchung ist nach Erhalt Ihrer Anzahlung definitiv. Durch Zahlung der Anzahlung ist ein Gastaufnahmevertrag zustande gekommen und somit Ihr Einverst\u00e4ndnis mit unten genannten Bedingungen erfolgt. Dieses verpflichtet die Vertragspartner (Manoir Bonpassage und der Gast) zu dessen Erf\u00fcllung. Wenn wir die Anzahlung nicht innerhalb von 7 Tagen erhalten haben, behalten wir uns das Recht vor das Zimmer wieder freizugeben.<br \/>\nF\u00fcr Buchungen ab 4 Zimmer gelten abweichende Anzahlungsbedingungen. In diesem Fall wird bei Reservierung ebenfalls eine Anzahlung von 35% der Gesamtsumme des gebuchten Aufenthaltes f\u00e4llig. Der Restbetrag von 65% soll sp\u00e4testens 4 Wochen vor dem Anreisetermin bezahlt werden.<\/p>\n<p>2. \u00c4NDERUNG UND STORNIERUNG<br \/>\n\u00c4nderungen werden nur im Einverst\u00e4ndnis mit Manoir Bonpassage akzeptiert und k\u00f6nnen zus\u00e4tzliche Kosten verursachen.<\/p>\n<ul class=\"disc\">\n<li>Bei Stornierung werden folgende Geb\u00fchren f\u00e4llig:<\/li>\n<li>\u2022 bis 61 Tagen vor dem Anreisetermin wird die Anzahlung minus \u20ac 15,00 Bearbeitungsgeb\u00fchr zur\u00fcckerstattet.<\/li>\n<li>\u2022 zwischen 60 und 22 Tagen vor dem Anreisetermin wird die Anzahlung (minus \u20ac 15,00 Bearbeitungsgeb\u00fchr) nur zur\u00fcckerstattet wann Manoir Bonpassage das Zimmer neu vermietet hat.<\/li>\n<li>\u2022 unter 22 Tagen vor dem Anreisetermin wird 100% der Gesamtsumme des gebuchten Aufenthaltes f\u00e4llig, ausser wenn Manoir Bonpassage das Zimmer neu vermieten kann.<\/li>\n<li>\u2022 bei vorzeitiger Abreise wird 100% der Gesamtsumme des gebuchten Aufenthaltes f\u00e4llig.<\/li>\n<\/ul>\n<p>ACHTUNG: bei einer Gruppenreservierung (ab 4 Zimmer) wird bei Stornierung bis 31 Tagen vor dem Anreisetermin und bei vorzeitiger Abreise 100% der Gesammtsumme des gebuchten Aufenthaltes f\u00e4llig.<\/p>\n<p>3. REISER\u00dcCKTRITTSVERSICHERUNG<br \/>\nWir empfehlen Ihnen, eine Reiser\u00fccktrittsversicherung abzuschlie\u00dfen.<\/p>\n<p>4. ANKUNFT UND ABFAHRT<br \/>\nAm Anreisetag steht das Zimmer Ihnen ab 16.00 Uhr zur Verf\u00fcgung. Am Abreisetag bitten wir Sie das Zimmer bis 10.30 Uhr freizugeben.<\/p>\n<p>5. HAFTUNG<br \/>\nManoir Bonpassage \u00fcbernimmt keine Haftung f\u00fcr Schaden bzw. Diebstahl oder Verlust von Eigentum von G\u00e4sten. Ebenso wird keine Haftung \u00fcbernommen f\u00fcr die zugef\u00fcgten Verletzung oder Unfall, ungeachtet der Ursache. Die Benutzung des Schwimmbades geschieht auf eigene Gefahr, das Schwimmbad ist nicht \u00fcberwacht. Kinder d\u00fcrfen das Schwimmbad nur unter Aufsicht der Eltern benutzen. Betretung unseres Gel\u00e4ndes geschieht auf eigene Gefahr.<\/p>\n<p>6. IHR AUFENTHALT<br \/>\nWir bitten unsere G\u00e4ste die Hausordnung zu beachten und die Eigent\u00fcmer von Manoir Bonpassage und anderen G\u00e4sten zu respektieren sowie um R\u00fccksichtnahme auf andere G\u00e4ste.<\/p>\n<p>7. H\u00d6HERE GEWALT<br \/>\nWenn Manoir Bonpassage infolge h\u00f6herer Gewalt eine Reservierung stornieren muss, dann wird die Anzahlung zur\u00fcckerstattet. Manoir Bonpassage \u00fcbernimmt keinerlei Haftung f\u00fcr sonstige Sch\u00e4den, die G\u00e4ste haben keinen weiteren Anspruch auf Entsch\u00e4digungen gleich welcher Art.<br \/>\nWir bitten unsere G\u00e4ste die Hausordnung zu beachten und die Eigent\u00fcmer von Manoir Bonpassage und anderen G\u00e4sten zu respektieren sowie um R\u00fccksichtnahme auf andere G\u00e4ste.<\/p>\n<p>8. COOKIES<br \/>\nManoir Bonpassage verwendet Cookies und \u00e4hnliche Techniken um sicherzustellen, dass wir Ihnen unsere Webseite optimal pr\u00e4sentieren k\u00f6nnen und f\u00fcr statistische Zwecken. Auch ist es m\u00f6glich das Dritter Cookies platzieren \u00fcber integrierte Funktionalit\u00e4ten wie Youtube.<\/p>\n<p>9. DIE WEBSEITE<br \/>\nDer Medieninhaber und Herausgeber dieser Webseiten ist Manoir Bonpassage. Unsere Webseite: https:\/\/www.bonpassage.com ist hosted by: VDX, Vondellaan 47, 2332 AA, Leiden, Niederl\u00e4nde. Telefon: +31 88 0074900.<\/p>\n","protected":false},"excerpt":{"rendered":"<p>1. ALLGEMEINES Nach Erhalt Ihrer Reservierung senden wir Ihnen eine Best\u00e4tigung per Email, Fax bzw. Post) und bitten Sie innerhalb von 7 Tagen eine Anzahlung in H\u00f6he von 35% der Gesamtsumme des gebuchten Aufenthalts (Minimum von 1 Nacht pro Aufenthalt) zu leisten. Ihre Buchung ist nach Erhalt Ihrer Anzahlung definitiv. Durch Zahlung der Anzahlung ist [&hellip;]<\/p>\n","protected":false},"author":4,"featured_media":0,"parent":0,"menu_order":0,"comment_status":"closed","ping_status":"closed","template":"","meta":{"footnotes":""},"class_list":["post-2510","page","type-page","status-publish","hentry"],"yoast_head":"<!-- This site is optimized with the Yoast SEO plugin v27.4 - https:\/\/yoast.com\/product\/yoast-seo-wordpress\/ -->\n<title>Reservierungs- und Stornierungsbedingungen - Manoir Bonpassage<\/title>\n<meta name=\"description\" content=\"Reservierungs- und stornierungsbedingungen\" \/>\n<meta name=\"robots\" content=\"index, follow, max-snippet:-1, max-image-preview:large, max-video-preview:-1\" \/>\n<link rel=\"canonical\" href=\"https:\/\/www.bonpassage.com\/de\/reservierungs-und-stornierungsbedingungen\/\" \/>\n<meta property=\"og:locale\" content=\"de_DE\" \/>\n<meta property=\"og:type\" content=\"article\" \/>\n<meta property=\"og:title\" content=\"Reservierungs- und Stornierungsbedingungen - Manoir Bonpassage\" \/>\n<meta property=\"og:description\" content=\"Reservierungs- und stornierungsbedingungen\" \/>\n<meta property=\"og:url\" content=\"https:\/\/www.bonpassage.com\/de\/reservierungs-und-stornierungsbedingungen\/\" \/>\n<meta property=\"og:site_name\" content=\"Manoir Bonpassage\" \/>\n<meta property=\"article:modified_time\" content=\"2023-01-17T09:58:16+00:00\" \/>\n<meta name=\"twitter:label1\" content=\"Gesch\u00e4tzte Lesezeit\" \/>\n\t<meta name=\"twitter:data1\" content=\"3\u00a0Minuten\" \/>\n<script type=\"application\/ld+json\" class=\"yoast-schema-graph\">{\"@context\":\"https:\\\/\\\/schema.org\",\"@graph\":[{\"@type\":\"WebPage\",\"@id\":\"https:\\\/\\\/www.bonpassage.com\\\/de\\\/reservierungs-und-stornierungsbedingungen\\\/\",\"url\":\"https:\\\/\\\/www.bonpassage.com\\\/de\\\/reservierungs-und-stornierungsbedingungen\\\/\",\"name\":\"Reservierungs- und Stornierungsbedingungen - Manoir Bonpassage\",\"isPartOf\":{\"@id\":\"https:\\\/\\\/www.bonpassage.com\\\/#website\"},\"datePublished\":\"2015-04-15T08:41:29+00:00\",\"dateModified\":\"2023-01-17T09:58:16+00:00\",\"description\":\"Reservierungs- und stornierungsbedingungen\",\"breadcrumb\":{\"@id\":\"https:\\\/\\\/www.bonpassage.com\\\/de\\\/reservierungs-und-stornierungsbedingungen\\\/#breadcrumb\"},\"inLanguage\":\"de\",\"potentialAction\":[{\"@type\":\"ReadAction\",\"target\":[\"https:\\\/\\\/www.bonpassage.com\\\/de\\\/reservierungs-und-stornierungsbedingungen\\\/\"]}]},{\"@type\":\"BreadcrumbList\",\"@id\":\"https:\\\/\\\/www.bonpassage.com\\\/de\\\/reservierungs-und-stornierungsbedingungen\\\/#breadcrumb\",\"itemListElement\":[{\"@type\":\"ListItem\",\"position\":1,\"name\":\"Home\",\"item\":\"https:\\\/\\\/www.bonpassage.com\\\/de\\\/\"},{\"@type\":\"ListItem\",\"position\":2,\"name\":\"Reservierungs- und Stornierungsbedingungen\"}]},{\"@type\":\"WebSite\",\"@id\":\"https:\\\/\\\/www.bonpassage.com\\\/#website\",\"url\":\"https:\\\/\\\/www.bonpassage.com\\\/\",\"name\":\"Manoir Bonpassage\",\"description\":\"H\u00f4tel de Charme - Bourgogne France\",\"potentialAction\":[{\"@type\":\"SearchAction\",\"target\":{\"@type\":\"EntryPoint\",\"urlTemplate\":\"https:\\\/\\\/www.bonpassage.com\\\/?s={search_term_string}\"},\"query-input\":{\"@type\":\"PropertyValueSpecification\",\"valueRequired\":true,\"valueName\":\"search_term_string\"}}],\"inLanguage\":\"de\"}]}<\/script>\n<!-- \/ Yoast SEO plugin. -->","yoast_head_json":{"title":"Reservierungs- und Stornierungsbedingungen - Manoir Bonpassage","description":"Reservierungs- und stornierungsbedingungen","robots":{"index":"index","follow":"follow","max-snippet":"max-snippet:-1","max-image-preview":"max-image-preview:large","max-video-preview":"max-video-preview:-1"},"canonical":"https:\/\/www.bonpassage.com\/de\/reservierungs-und-stornierungsbedingungen\/","og_locale":"de_DE","og_type":"article","og_title":"Reservierungs- und Stornierungsbedingungen - Manoir Bonpassage","og_description":"Reservierungs- und stornierungsbedingungen","og_url":"https:\/\/www.bonpassage.com\/de\/reservierungs-und-stornierungsbedingungen\/","og_site_name":"Manoir Bonpassage","article_modified_time":"2023-01-17T09:58:16+00:00","twitter_misc":{"Gesch\u00e4tzte Lesezeit":"3\u00a0Minuten"},"schema":{"@context":"https:\/\/schema.org","@graph":[{"@type":"WebPage","@id":"https:\/\/www.bonpassage.com\/de\/reservierungs-und-stornierungsbedingungen\/","url":"https:\/\/www.bonpassage.com\/de\/reservierungs-und-stornierungsbedingungen\/","name":"Reservierungs- und Stornierungsbedingungen - Manoir Bonpassage","isPartOf":{"@id":"https:\/\/www.bonpassage.com\/#website"},"datePublished":"2015-04-15T08:41:29+00:00","dateModified":"2023-01-17T09:58:16+00:00","description":"Reservierungs- und stornierungsbedingungen","breadcrumb":{"@id":"https:\/\/www.bonpassage.com\/de\/reservierungs-und-stornierungsbedingungen\/#breadcrumb"},"inLanguage":"de","potentialAction":[{"@type":"ReadAction","target":["https:\/\/www.bonpassage.com\/de\/reservierungs-und-stornierungsbedingungen\/"]}]},{"@type":"BreadcrumbList","@id":"https:\/\/www.bonpassage.com\/de\/reservierungs-und-stornierungsbedingungen\/#breadcrumb","itemListElement":[{"@type":"ListItem","position":1,"name":"Home","item":"https:\/\/www.bonpassage.com\/de\/"},{"@type":"ListItem","position":2,"name":"Reservierungs- und Stornierungsbedingungen"}]},{"@type":"WebSite","@id":"https:\/\/www.bonpassage.com\/#website","url":"https:\/\/www.bonpassage.com\/","name":"Manoir Bonpassage","description":"H\u00f4tel de Charme - Bourgogne France","potentialAction":[{"@type":"SearchAction","target":{"@type":"EntryPoint","urlTemplate":"https:\/\/www.bonpassage.com\/?s={search_term_string}"},"query-input":{"@type":"PropertyValueSpecification","valueRequired":true,"valueName":"search_term_string"}}],"inLanguage":"de"}]}},"_links":{"self":[{"href":"https:\/\/www.bonpassage.com\/de\/wp-json\/wp\/v2\/pages\/2510","targetHints":{"allow":["GET"]}}],"collection":[{"href":"https:\/\/www.bonpassage.com\/de\/wp-json\/wp\/v2\/pages"}],"about":[{"href":"https:\/\/www.bonpassage.com\/de\/wp-json\/wp\/v2\/types\/page"}],"author":[{"embeddable":true,"href":"https:\/\/www.bonpassage.com\/de\/wp-json\/wp\/v2\/users\/4"}],"replies":[{"embeddable":true,"href":"https:\/\/www.bonpassage.com\/de\/wp-json\/wp\/v2\/comments?post=2510"}],"version-history":[{"count":6,"href":"https:\/\/www.bonpassage.com\/de\/wp-json\/wp\/v2\/pages\/2510\/revisions"}],"predecessor-version":[{"id":4791,"href":"https:\/\/www.bonpassage.com\/de\/wp-json\/wp\/v2\/pages\/2510\/revisions\/4791"}],"wp:attachment":[{"href":"https:\/\/www.bonpassage.com\/de\/wp-json\/wp\/v2\/media?parent=2510"}],"curies":[{"name":"wp","href":"https:\/\/api.w.org\/{rel}","templated":true}]}}