{"id":2481,"date":"2013-03-27T23:56:11","date_gmt":"2013-03-27T23:56:11","guid":{"rendered":"http:\/\/www.bonpassage.com\/home-example-1-3\/"},"modified":"2026-03-27T12:24:35","modified_gmt":"2026-03-27T11:24:35","slug":"home-example-1","status":"publish","type":"page","link":"https:\/\/www.bonpassage.com\/fr\/","title":{"rendered":"Bienvenue"},"content":{"rendered":"<div class=\"two-thirds column alpha\">\n<p><span style=\"color: #17d1cb;\"><strong>Notre h\u00f4tel est ourvert du 3 Avril jusqu&rsquo;au 15 Octobre 2026.<\/strong><\/span><\/p>\n<p>Au\u00a0<strong>Manoir Bonpassage<\/strong>, notre petit h\u00f4tel de charme avec piscine, situe au c\u0153ur de la Bourgogne entre Beaune (35 km) et Autun (25 km), vous aurez le plaisir d\u2019un s\u00e9jour agr\u00e9able et tranquille dans une des r\u00e9gions les plus appr\u00e9ci\u00e9es en France, au niveau de sa gastronomie, son patrimoine culturel et son paysage.<\/p>\n<p>Nous sommes s\u00fbrs que vous appr\u00e9cierez le service personnalis\u00e9 ainsi que l\u2019atmosph\u00e8re chaleureuse et familiale dans notre manoir du 19\u00e8me si\u00e8cle.<\/p>\n<p>A bient\u00f4t ! Ruud Rijsbergen &amp; Annemiek van Iersel<\/p>\n<p><a  class=\"palace-button \" style=\"border-bottom-color: rgba(0,0,0,0.2); \" href=\"http:\/\/www.bonpassage.com\/le-manoir\/\">Plus d&rsquo;information<\/a><\/div>\n<div class=\"one-third column omega\">\n<a href=\"https:\/\/www.bonpassage.com\/wp-content\/uploads\/2022\/03\/Ruud-en-Annemiek-keuken-e1648448505689.jpg\"><img loading=\"lazy\" decoding=\"async\" class=\"aligncenter wp-image-4713 size-full\" src=\"https:\/\/www.bonpassage.com\/wp-content\/uploads\/2022\/03\/Ruud-en-Annemiek-keuken-e1648448505689.jpg\" alt=\"\" width=\"1599\" height=\"1200\" \/><\/a><\/div><div class=\"clear\"><\/div>\n<p><hr\/><br \/>\n<div class=\"two-thirds column omega\">\n<\/div><div class=\"clear\"><\/div><\/p>\n<p><hr\/><br \/>\n<div class=\"textured-area textured-area-middle-full-width\"><div class=\"textured-area-content\">\n<h2>S\u00e9jour promo<\/h2>\n<p><div class=\"slider-type-a slider-content-first-container\" data-autoplay=\"5000\"><a class=\"slider-content-button-left\" href=\"#\"><\/a><a class=\"slider-content-button-right\" href=\"#\"><\/a><div class=\"slider-content-button-left-disabled\"><\/div><div class=\"slider-content-button-right-disabled\"><\/div><div class=\"slider-content-second-container\"><div class=\"slider-content-third-container\"><div class=\"slider-content-slide one-third column \"><p class=\"scale-with-grid\"><a href=\"https:\/\/www.bonpassage.com\/fr\/sejour-promo-printanier-et-automnal\/\"><img decoding=\"async\" src=\"https:\/\/www.bonpassage.com\/wp-content\/uploads\/2015\/04\/morvan-930x310.jpg\" alt=\"\" \/><\/a><\/p><h3><a href=\"https:\/\/www.bonpassage.com\/fr\/sejour-promo-printanier-et-automnal\/\">S\u00e9jour promo printanier et automnal<\/a><\/h3><p>Envie d\u00b4avoir le plaisir d\u00b4\u00eatre quelques jours ailleurs? Profitez du printemps en Bourgogne, une saison favorable pour se promener tranquillement, faire du v\u00e9lo ou tout simplement se balader dans beaucoup de petites vieilles villes ou villages dont la Bourgogne ne manque pas. <\/br>\r\n\r\nA partir de 189,00 euro p\/p<\/p><p class=\"slider-content-slide-button\"><a href=\"https:\/\/www.bonpassage.com\/fr\/sejour-promo-printanier-et-automnal\/\" class=\"palace-button\" rel=\"bookmark\">Plus &raquo;<\/a><\/p><\/div><div class=\"slider-content-slide one-third column \"><p class=\"scale-with-grid\"><a href=\"https:\/\/www.bonpassage.com\/fr\/sejour-promo-golf\/\"><img decoding=\"async\" src=\"https:\/\/www.bonpassage.com\/wp-content\/uploads\/2015\/04\/GOLFARRANGEMENT_BONPASSAGE-930x310.jpg\" alt=\"\" \/><\/a><\/p><h3><a href=\"https:\/\/www.bonpassage.com\/fr\/sejour-promo-golf\/\">S\u00e9jour promo golf<\/a><\/h3><p>D\u00e9tendez-vous sur les superbes terrains de golf aux environs du Manoir Bonpassage.<\/br>Nous arrangeons le s\u00e9jour suivant extra attrayant pour vous avec notre s\u00e9jour promo golf.<\/br>\r\n\r\nA partir de 464,00 euro p\/p, 3 greenfees inclus.<\/p><p class=\"slider-content-slide-button\"><a href=\"https:\/\/www.bonpassage.com\/fr\/sejour-promo-golf\/\" class=\"palace-button\" rel=\"bookmark\">Plus &raquo;<\/a><\/p><\/div><\/div><\/div><\/div><br \/>\n<\/div><\/div><br \/>\n<hr\/><br \/>\n<div class=\"eight columns alpha\">\n<h2><\/h2>\n<p><img loading=\"lazy\" decoding=\"async\" class=\"alignnone size-full wp-image-4202\" src=\"https:\/\/www.bonpassage.com\/wp-content\/uploads\/2013\/03\/ontbijt-bonpassage.jpg\" alt=\"ontbijt-bonpassage\" width=\"449\" height=\"255\" srcset=\"https:\/\/www.bonpassage.com\/wp-content\/uploads\/2013\/03\/ontbijt-bonpassage.jpg 449w, https:\/\/www.bonpassage.com\/wp-content\/uploads\/2013\/03\/ontbijt-bonpassage-300x170.jpg 300w\" sizes=\"auto, (max-width: 449px) 100vw, 449px\" \/><\/p>\n<\/div><br \/>\n<div class=\"eight columns omega\">\nBon app\u00e9tit !<\/p>\n<p>Le matin, un petit d\u00e9jeuner buffet g\u00e9n\u00e9reux vous sera servi dans le salon ou sur la terrasse. Bien s\u00fbr, le pain, les croissants, le beurre et la confiture ne manqueront pas, mais aussi vous aurez le choix de d\u00e9guster le muesli, le yaourt, un oeuf \u00e0 la coque et un verre de jus d\u2019orange press\u00e9.<\/p>\n<p>Tous les soir, sauf dimanche et jeudi, nous vous pr\u00e9parons et servons sur r\u00e9servation un menu table d&rsquo;h\u00f4te dans notre salle \u00e0 manger intime.<br \/>\nPendant les mois d&rsquo;\u00e9t\u00e9, il vous est possible de d\u00eener sur la terrasse, lorsque le temps le permet (et c&rsquo;est souvent en Bourgogne!).<br \/>\nNotre cave vous propose un choix de vins r\u00e9gionaux vous permettant de savourer les plats avec le vin appropri\u00e9.<\/div><div class=\"clear\"><\/div><br \/>\n<hr\/><\/p>\n<h2>Les environs<\/h2>\n<p><div class=\"slider-type-b slider-content-first-container\" data-autoplay=\"no\"><a class=\"slider-content-button-left\" href=\"#\"><\/a><a class=\"slider-content-button-right\" href=\"#\"><\/a><div class=\"slider-content-button-left-disabled\"><\/div><div class=\"slider-content-button-right-disabled\"><\/div><div class=\"slider-content-second-container\"><div class=\"slider-content-third-container\"><div class=\"slider-content-slide\"><p class=\"scale-with-grid\"><a href=\"https:\/\/www.bonpassage.com\/fr\/evasion-sportive\/\"><img decoding=\"async\" src=\"https:\/\/www.bonpassage.com\/wp-content\/uploads\/2025\/01\/20230617_223804_PHOTO-2023-06-17-22-36-51-930x310.jpg\" alt=\"\" \/><\/a><\/p><h3><a href=\"https:\/\/www.bonpassage.com\/fr\/evasion-sportive\/\">Evasion sportive<\/a><\/h3><p>La r\u00e9gion, avec ses collines en pente douce, se pr\u00eate tout \u00e0 fait \u00e0 l\u2019 \u00e9vasion sportive, comme des promenades ou des randonn\u00e9es \u00e0 pied ou \u00e0 v\u00e9lo. Les chemins sont tranquilles et des parcours sp\u00e9ciaux sont con\u00e7us pour les VTT.<\/p><p class=\"slider-content-slide-button\"><a href=\"https:\/\/www.bonpassage.com\/fr\/evasion-sportive\/\" class=\"palace-button\" rel=\"bookmark\">Plus &raquo;<\/a><\/p><\/div><div class=\"slider-content-slide\"><p class=\"scale-with-grid\"><a href=\"https:\/\/www.bonpassage.com\/fr\/nature\/\"><img decoding=\"async\" src=\"https:\/\/www.bonpassage.com\/wp-content\/uploads\/2015\/04\/wijndorp-930x310.jpg\" alt=\"\" \/><\/a><\/p><h3><a href=\"https:\/\/www.bonpassage.com\/fr\/nature\/\">Nature<\/a><\/h3><p>Chaque saison a son propre charme en Bourgogne. Le printemps est doux, l\u2019\u00e9t\u00e9 est agr\u00e9ablement chaud avec de temps en temps de petites pluies rafra\u00eechissantes, l\u2019automne avec son explosion de couleurs, sans oublier l\u2019hiver sec et froid. Chacune vous invite \u00e0 d\u00e9couvrir les splendeurs de la Bourgogne.<\/p><p class=\"slider-content-slide-button\"><a href=\"https:\/\/www.bonpassage.com\/fr\/nature\/\" class=\"palace-button\" rel=\"bookmark\">Plus &raquo;<\/a><\/p><\/div><div class=\"slider-content-slide\"><p class=\"scale-with-grid\"><a href=\"https:\/\/www.bonpassage.com\/fr\/patrimoine-culturel\/\"><img decoding=\"async\" src=\"https:\/\/www.bonpassage.com\/wp-content\/uploads\/2015\/04\/chateau-930x310.jpg\" alt=\"\" \/><\/a><\/p><h3><a href=\"https:\/\/www.bonpassage.com\/fr\/patrimoine-culturel\/\">Patrimoine culturel<\/a><\/h3><p>Nous serons tr\u00e8s heureux de vous conseiller pour organiser vos excursions culturelles, les plus r\u00e9put\u00e9es en Bourgogne. Le patrimoine culturel est riche en Bourgogne: le c\u00e9l\u00e8bre H\u00f4tel Dieu \u00e0 Beaune (35 km), les vieilles villes d\u2019Autun (25 km) et Dijon (85 km) avec leurs Halles. Chalon-sur-Sa\u00f4ne (55 km), avec ses boutiques \u00e9l\u00e9gantes et son centre-ville agr\u00e9able, n\u2019est pas loin non plus.<\/p><p class=\"slider-content-slide-button\"><a href=\"https:\/\/www.bonpassage.com\/fr\/patrimoine-culturel\/\" class=\"palace-button\" rel=\"bookmark\">Plus &raquo;<\/a><\/p><\/div><div class=\"slider-content-slide\"><p class=\"scale-with-grid\"><a href=\"https:\/\/www.bonpassage.com\/fr\/vignobles-de-la-bourgogne\/\"><img decoding=\"async\" src=\"https:\/\/www.bonpassage.com\/wp-content\/uploads\/2015\/04\/wijngaarden-930x310.jpg\" alt=\"\" \/><\/a><\/p><h3><a href=\"https:\/\/www.bonpassage.com\/fr\/vignobles-de-la-bourgogne\/\">Vignobles de la Bourgogne<\/a><\/h3><p>Les vignobles de la Bourgogne: la partie de terre entre Dijon et Beaune\/Santenay est sans conteste le vignoble le plus connu du monde: des villages vinicoles qui frappent l\u2019imagination, comme Santenay, Meursault, Pommard et bien s\u00fbr Nuits-Saint-Georges sont \u00e0 30 minutes en voiture. <\/p><p class=\"slider-content-slide-button\"><a href=\"https:\/\/www.bonpassage.com\/fr\/vignobles-de-la-bourgogne\/\" class=\"palace-button\" rel=\"bookmark\">Plus &raquo;<\/a><\/p><\/div><\/div><\/div><\/div><br \/>\n<hr\/><\/p>\n<h2>Avis<\/h2>\n<div class=\"slider-type-b slider-content-first-container\" data-autoplay=\"5000\"><a class=\"slider-content-button-left\" href=\"#\"><\/a><a class=\"slider-content-button-right\" href=\"#\"><\/a><div class=\"slider-content-button-left-disabled\"><\/div><div class=\"slider-content-button-right-disabled\"><\/div><div class=\"slider-content-second-container\"><div class=\"slider-content-third-container\"><div class=\"slider-content-slide\"><p><H2>Tr\u00e8s bonne \u00e9tappe en Bourgogne<\/H2>\r\n<em>Un hotel impeccable avec une dizaine de chambres tenu par un couple charmant, et qui se donne \u00e0 fond pour tr\u00e8s bien recevoir leurs visiteurs. Diff\u00e9rents types de chambre, tr\u00e8s bien entretenues, et une grand chambre au rez de chauss\u00e9e, \u00e0 des prix tr\u00e8s comp\u00e9titifs. Profitez du diner, qui se prend en terrasse lorsqu'il fait beau. C'est un endroit magique. Beaucoup de recherche dans les go\u00fbts, et de tr\u00e8s bonne qualit\u00e9. A ne pas manquer. Et ne pas oublier de profiter de la piscine.<em>\r\n<strong>Juillet 2015<\/strong><\/em><\/em><\/p><\/div><div class=\"slider-content-slide\"><p><H2>Escale sur la route, \u00e0 prolonger la prochaine fois !<\/H2>\r\n<em>Accueil charmant, d\u00eener d\u00e9licieux et pas cher (belle carte des vins) au coin de la chemin\u00e9e juste pour nous deux (aucun autre h\u00f4te ce jour-l\u00e0), petit d\u00e9jeuner excellent et copieux. Nous reviendrons,c'est s\u00fbr et plus longtemps! Merci encore!<em>\r\n<strong>Octobre 2016<\/strong><\/em><\/p><\/div><div class=\"slider-content-slide\"><p><H2>grand moment de d\u00e9tente<\/H2>\r\n<em>superbe \u00e9tablissement tenu par un couple d'hollandais tr\u00e8s sympathiques. avions r\u00e9serv\u00e9 la suite au RDC ; chambre confortable et spacieuse de m\u00eame que pour la salle de bains. Petit d\u00e9jeuner copieux, environnement tr\u00e8s calme.<em>\r\n<strong>Ao\u00fbt 2016<\/strong><\/em><\/em><\/p><\/div><div class=\"slider-content-slide\"><p><H2>Manoir chaleureux au c\u0153ur de la campagne<\/H2>\r\n<em>Un excellent accueil et des h\u00f4tes tr\u00e8s tr\u00e8s arrangeants (petit d\u00e9jeuner avanc\u00e9 de 45min), forts agr\u00e9ables et au service des clients. Le cadre : la campagne, le calme, la tranquillit\u00e9. Bel \u00e9tablissement avec des chambres confortables et propres. Petit-d\u00e9jeuner buffet vari\u00e9 (sal\u00e9\/sucr\u00e9, jus de fruits frais). Excellents repas au restaurant du manoir : plats de qualit\u00e9, originaux et vari\u00e9s.<em>\r\n<strong>Avril 2016<\/strong><\/em><\/p><\/div><\/div><\/div><\/div>\n<p>&nbsp;<\/p>\n<hr\/>\n<p><div class=\"one-third column alpha\">\n<a href=\"http:\/\/www.zoover.fr\/france\/bourgogne\/thury\/manoir-bonpassage\/hotel\" target=\"_blank\" rel=\"noopener noreferrer\"><img loading=\"lazy\" decoding=\"async\" class=\" size-full wp-image-2075 aligncenter\" src=\"https:\/\/www.bonpassage.com\/wp-content\/uploads\/2015\/04\/stempel-gold-2015-RGB.jpg\" alt=\"zoover\" width=\"206\" height=\"148\" \/><\/a><br \/>\n<\/div><br \/>\n<div class=\"one-third column \">\n<a href=\"http:\/\/www.tripadvisor.nl\/Hotel_Review-g1432357-d1437236-Reviews-Manoir_Bonpassage-Thury_Yonne_Burgundy.html\" target=\"_blank\" rel=\"noopener noreferrer\"><img loading=\"lazy\" decoding=\"async\" class=\" size-full wp-image-2327 aligncenter\" src=\"https:\/\/www.bonpassage.com\/wp-content\/uploads\/2015\/04\/tripadvisor.png\" alt=\"tripadvisor\" width=\"91\" height=\"77\" \/><\/a><br \/>\n<\/div><br \/>\n<div class=\"one-third column omega\">\n<a href=\"http:\/\/www.anwbbedandbreakfast.nl\/frankrijk\/cote-dor\/thury\/manoir-bonpassage.aspx?id=6021163&amp;return=%2fZoeken.aspx%3ffilter%3dbonpassage%257C\" target=\"_blank\" rel=\"noopener noreferrer\"><img loading=\"lazy\" decoding=\"async\" class=\" size-full wp-image-2321 aligncenter\" src=\"https:\/\/www.bonpassage.com\/wp-content\/uploads\/2015\/04\/anwb.png\" alt=\"anwb\" width=\"116\" height=\"78\" \/><\/a><br \/>\n<\/div><div class=\"clear\"><\/div><\/p>\n","protected":false},"excerpt":{"rendered":"<p>Les environs Avis &nbsp;<\/p>\n","protected":false},"author":4,"featured_media":0,"parent":0,"menu_order":0,"comment_status":"closed","ping_status":"closed","template":"","meta":{"footnotes":""},"class_list":["post-2481","page","type-page","status-publish","hentry"],"yoast_head":"<!-- This site is optimized with the Yoast SEO plugin v27.4 - https:\/\/yoast.com\/product\/yoast-seo-wordpress\/ -->\n<title>- Bienvenue<\/title>\n<meta name=\"description\" content=\"Bienvenue au Manoir Bonpassage, notre petit h\u00f4tel de charme avec piscine au c\u0153ur de la Bourgogne.\" \/>\n<meta name=\"robots\" content=\"index, follow, max-snippet:-1, max-image-preview:large, max-video-preview:-1\" \/>\n<link rel=\"canonical\" href=\"https:\/\/www.bonpassage.com\/fr\/\" \/>\n<meta property=\"og:locale\" content=\"fr_FR\" \/>\n<meta property=\"og:type\" content=\"article\" \/>\n<meta property=\"og:title\" content=\"- Bienvenue\" \/>\n<meta property=\"og:description\" content=\"Bienvenue au Manoir Bonpassage, notre petit h\u00f4tel de charme avec piscine au c\u0153ur de la Bourgogne.\" \/>\n<meta property=\"og:url\" content=\"https:\/\/www.bonpassage.com\/fr\/\" \/>\n<meta property=\"og:site_name\" content=\"Manoir Bonpassage\" \/>\n<meta property=\"article:modified_time\" content=\"2026-03-27T11:24:35+00:00\" \/>\n<meta property=\"og:image\" content=\"https:\/\/www.bonpassage.com\/wp-content\/uploads\/2022\/03\/Ruud-en-Annemiek-keuken-e1648448505689.jpg\" \/>\n<meta name=\"twitter:label1\" content=\"Dur\u00e9e de lecture estim\u00e9e\" \/>\n\t<meta name=\"twitter:data1\" content=\"3 minutes\" \/>\n<script type=\"application\/ld+json\" class=\"yoast-schema-graph\">{\"@context\":\"https:\\\/\\\/schema.org\",\"@graph\":[{\"@type\":\"WebPage\",\"@id\":\"https:\\\/\\\/www.bonpassage.com\\\/fr\\\/\",\"url\":\"https:\\\/\\\/www.bonpassage.com\\\/fr\\\/\",\"name\":\"- Bienvenue\",\"isPartOf\":{\"@id\":\"https:\\\/\\\/www.bonpassage.com\\\/#website\"},\"primaryImageOfPage\":{\"@id\":\"https:\\\/\\\/www.bonpassage.com\\\/fr\\\/#primaryimage\"},\"image\":{\"@id\":\"https:\\\/\\\/www.bonpassage.com\\\/fr\\\/#primaryimage\"},\"thumbnailUrl\":\"https:\\\/\\\/www.bonpassage.com\\\/wp-content\\\/uploads\\\/2022\\\/03\\\/Ruud-en-Annemiek-keuken-e1648448505689.jpg\",\"datePublished\":\"2013-03-27T23:56:11+00:00\",\"dateModified\":\"2026-03-27T11:24:35+00:00\",\"description\":\"Bienvenue au Manoir Bonpassage, notre petit h\u00f4tel de charme avec piscine au c\u0153ur de la Bourgogne.\",\"breadcrumb\":{\"@id\":\"https:\\\/\\\/www.bonpassage.com\\\/fr\\\/#breadcrumb\"},\"inLanguage\":\"fr-FR\",\"potentialAction\":[{\"@type\":\"ReadAction\",\"target\":[\"https:\\\/\\\/www.bonpassage.com\\\/fr\\\/\"]}]},{\"@type\":\"ImageObject\",\"inLanguage\":\"fr-FR\",\"@id\":\"https:\\\/\\\/www.bonpassage.com\\\/fr\\\/#primaryimage\",\"url\":\"https:\\\/\\\/www.bonpassage.com\\\/wp-content\\\/uploads\\\/2022\\\/03\\\/Ruud-en-Annemiek-keuken-e1648448505689.jpg\",\"contentUrl\":\"https:\\\/\\\/www.bonpassage.com\\\/wp-content\\\/uploads\\\/2022\\\/03\\\/Ruud-en-Annemiek-keuken-e1648448505689.jpg\"},{\"@type\":\"BreadcrumbList\",\"@id\":\"https:\\\/\\\/www.bonpassage.com\\\/fr\\\/#breadcrumb\",\"itemListElement\":[{\"@type\":\"ListItem\",\"position\":1,\"name\":\"Home\",\"item\":\"https:\\\/\\\/www.bonpassage.com\\\/fr\\\/\"},{\"@type\":\"ListItem\",\"position\":2,\"name\":\"Bienvenue\"}]},{\"@type\":\"WebSite\",\"@id\":\"https:\\\/\\\/www.bonpassage.com\\\/#website\",\"url\":\"https:\\\/\\\/www.bonpassage.com\\\/\",\"name\":\"Manoir Bonpassage\",\"description\":\"H\u00f4tel de Charme - Bourgogne France\",\"potentialAction\":[{\"@type\":\"SearchAction\",\"target\":{\"@type\":\"EntryPoint\",\"urlTemplate\":\"https:\\\/\\\/www.bonpassage.com\\\/?s={search_term_string}\"},\"query-input\":{\"@type\":\"PropertyValueSpecification\",\"valueRequired\":true,\"valueName\":\"search_term_string\"}}],\"inLanguage\":\"fr-FR\"}]}<\/script>\n<!-- \/ Yoast SEO plugin. -->","yoast_head_json":{"title":"- Bienvenue","description":"Bienvenue au Manoir Bonpassage, notre petit h\u00f4tel de charme avec piscine au c\u0153ur de la Bourgogne.","robots":{"index":"index","follow":"follow","max-snippet":"max-snippet:-1","max-image-preview":"max-image-preview:large","max-video-preview":"max-video-preview:-1"},"canonical":"https:\/\/www.bonpassage.com\/fr\/","og_locale":"fr_FR","og_type":"article","og_title":"- Bienvenue","og_description":"Bienvenue au Manoir Bonpassage, notre petit h\u00f4tel de charme avec piscine au c\u0153ur de la Bourgogne.","og_url":"https:\/\/www.bonpassage.com\/fr\/","og_site_name":"Manoir Bonpassage","article_modified_time":"2026-03-27T11:24:35+00:00","og_image":[{"url":"https:\/\/www.bonpassage.com\/wp-content\/uploads\/2022\/03\/Ruud-en-Annemiek-keuken-e1648448505689.jpg","type":"","width":"","height":""}],"twitter_misc":{"Dur\u00e9e de lecture estim\u00e9e":"3 minutes"},"schema":{"@context":"https:\/\/schema.org","@graph":[{"@type":"WebPage","@id":"https:\/\/www.bonpassage.com\/fr\/","url":"https:\/\/www.bonpassage.com\/fr\/","name":"- Bienvenue","isPartOf":{"@id":"https:\/\/www.bonpassage.com\/#website"},"primaryImageOfPage":{"@id":"https:\/\/www.bonpassage.com\/fr\/#primaryimage"},"image":{"@id":"https:\/\/www.bonpassage.com\/fr\/#primaryimage"},"thumbnailUrl":"https:\/\/www.bonpassage.com\/wp-content\/uploads\/2022\/03\/Ruud-en-Annemiek-keuken-e1648448505689.jpg","datePublished":"2013-03-27T23:56:11+00:00","dateModified":"2026-03-27T11:24:35+00:00","description":"Bienvenue au Manoir Bonpassage, notre petit h\u00f4tel de charme avec piscine au c\u0153ur de la Bourgogne.","breadcrumb":{"@id":"https:\/\/www.bonpassage.com\/fr\/#breadcrumb"},"inLanguage":"fr-FR","potentialAction":[{"@type":"ReadAction","target":["https:\/\/www.bonpassage.com\/fr\/"]}]},{"@type":"ImageObject","inLanguage":"fr-FR","@id":"https:\/\/www.bonpassage.com\/fr\/#primaryimage","url":"https:\/\/www.bonpassage.com\/wp-content\/uploads\/2022\/03\/Ruud-en-Annemiek-keuken-e1648448505689.jpg","contentUrl":"https:\/\/www.bonpassage.com\/wp-content\/uploads\/2022\/03\/Ruud-en-Annemiek-keuken-e1648448505689.jpg"},{"@type":"BreadcrumbList","@id":"https:\/\/www.bonpassage.com\/fr\/#breadcrumb","itemListElement":[{"@type":"ListItem","position":1,"name":"Home","item":"https:\/\/www.bonpassage.com\/fr\/"},{"@type":"ListItem","position":2,"name":"Bienvenue"}]},{"@type":"WebSite","@id":"https:\/\/www.bonpassage.com\/#website","url":"https:\/\/www.bonpassage.com\/","name":"Manoir Bonpassage","description":"H\u00f4tel de Charme - Bourgogne France","potentialAction":[{"@type":"SearchAction","target":{"@type":"EntryPoint","urlTemplate":"https:\/\/www.bonpassage.com\/?s={search_term_string}"},"query-input":{"@type":"PropertyValueSpecification","valueRequired":true,"valueName":"search_term_string"}}],"inLanguage":"fr-FR"}]}},"_links":{"self":[{"href":"https:\/\/www.bonpassage.com\/fr\/wp-json\/wp\/v2\/pages\/2481","targetHints":{"allow":["GET"]}}],"collection":[{"href":"https:\/\/www.bonpassage.com\/fr\/wp-json\/wp\/v2\/pages"}],"about":[{"href":"https:\/\/www.bonpassage.com\/fr\/wp-json\/wp\/v2\/types\/page"}],"author":[{"embeddable":true,"href":"https:\/\/www.bonpassage.com\/fr\/wp-json\/wp\/v2\/users\/4"}],"replies":[{"embeddable":true,"href":"https:\/\/www.bonpassage.com\/fr\/wp-json\/wp\/v2\/comments?post=2481"}],"version-history":[{"count":32,"href":"https:\/\/www.bonpassage.com\/fr\/wp-json\/wp\/v2\/pages\/2481\/revisions"}],"predecessor-version":[{"id":4717,"href":"https:\/\/www.bonpassage.com\/fr\/wp-json\/wp\/v2\/pages\/2481\/revisions\/4717"}],"wp:attachment":[{"href":"https:\/\/www.bonpassage.com\/fr\/wp-json\/wp\/v2\/media?parent=2481"}],"curies":[{"name":"wp","href":"https:\/\/api.w.org\/{rel}","templated":true}]}}