{"id":2488,"date":"2015-04-15T09:06:00","date_gmt":"2015-04-15T09:06:00","guid":{"rendered":"http:\/\/www.bonpassage.com\/le-manoir-2\/"},"modified":"2025-12-04T11:30:41","modified_gmt":"2025-12-04T10:30:41","slug":"le-manoir","status":"publish","type":"page","link":"https:\/\/www.bonpassage.com\/fr\/le-manoir\/","title":{"rendered":"Le manoir"},"content":{"rendered":"<p><a href=\"https:\/\/www.bonpassage.com\/wp-content\/uploads\/2015\/04\/MANOIR_BONPASSAGE_SLIDER-930x370.jpg\"><img loading=\"lazy\" decoding=\"async\" class=\"alignnone size-image-scale-with-grid-full-height wp-image-2001\" src=\"https:\/\/www.bonpassage.com\/wp-content\/uploads\/2015\/04\/MANOIR_BONPASSAGE_SLIDER-930x370.jpg\" alt=\"MANOIR_BONPASSAGE_SLIDER\" width=\"930\" height=\"370\" srcset=\"https:\/\/www.bonpassage.com\/wp-content\/uploads\/2015\/04\/MANOIR_BONPASSAGE_SLIDER-930x370.jpg 930w, https:\/\/www.bonpassage.com\/wp-content\/uploads\/2015\/04\/MANOIR_BONPASSAGE_SLIDER-300x119.jpg 300w, https:\/\/www.bonpassage.com\/wp-content\/uploads\/2015\/04\/MANOIR_BONPASSAGE_SLIDER-1024x407.jpg 1024w, https:\/\/www.bonpassage.com\/wp-content\/uploads\/2015\/04\/MANOIR_BONPASSAGE_SLIDER.jpg 1920w\" sizes=\"auto, (max-width: 930px) 100vw, 930px\" \/><\/a><\/p>\n<p>Un peu d&rsquo;histoire sur la destination originale de la propri\u00e9t\u00e9.<br \/>\nLe manoir a \u00e9t\u00e9 construit en 1850 comme maison d\u2019habitation pour une famille riche. En 1900, la maison a \u00e9t\u00e9 rachet\u00e9e par un Parisien qui a voulu \u00e9lever des petits poussins en profitant de l\u2019air sain de la campagne. Sa fille Marguerite \u00e9tant handicap\u00e9e devrait en profiter. Il a nomm\u00e9 le b\u00e2timent d\u2019apr\u00e8s sa fille : Etablissement d&rsquo;Aviculture Ste Marguerite. L\u2019\u00e9tablissement a chang\u00e9 de propri\u00e9taire en 1926. En m\u00eame temps, les poussins sont disparus et le b\u00e2timent \u00e9tait \u00e0 l\u2019abandon pendant des ann\u00e9es. En 1994 la restauration a commenc\u00e9. Encore aujourd\u2019hui, les nombreuses c\u00e9ramiques antiques qui ornent la fa\u00e7ade nous rappellent le pass\u00e9. Le nom original \u00ab\u00a0Etablissement d&rsquo;Aviculture Ste Marguerite\u00a0\u00bb, qui figurait sur la fa\u00e7ade mais \u00e9tait devenu presque illisible, a \u00e9t\u00e9 restaur\u00e9 en 2007.<\/p>\n<hr \/>\n<div class=\"one-third column alpha\">\n<img loading=\"lazy\" decoding=\"async\" class=\"alignnone wp-image-2017 size-full\" src=\"https:\/\/www.bonpassage.com\/wp-content\/uploads\/2015\/04\/MANOIR_BONPASSAGE_HUIS.png\" alt=\"MANOIR_BONPASSAGE_HUIS\" width=\"300\" height=\"330\" srcset=\"https:\/\/www.bonpassage.com\/wp-content\/uploads\/2015\/04\/MANOIR_BONPASSAGE_HUIS.png 300w, https:\/\/www.bonpassage.com\/wp-content\/uploads\/2015\/04\/MANOIR_BONPASSAGE_HUIS-273x300.png 273w\" sizes=\"auto, (max-width: 300px) 100vw, 300px\" \/><br \/>\nLe Manoir Bonpassage est un manoir restaur\u00e9 du 19\u00e8me si\u00e8cle, typique et confortable, situ\u00e9 en pleine campagne, au milieu des petits villages pittoresques, dans un cadre calme et tranquille, \u00e0 seulement 25 km de Beaune et Autun et au coeur de la nature et de la culture.<\/p>\n<p><a href=\"\/?cat_ID=17\">Plus d&rsquo;information sur les environs.<\/a><br \/>\n<\/div>\n<div class=\"one-third column \">\n<p><a href=\"https:\/\/www.bonpassage.com\/wp-content\/uploads\/2025\/01\/20240406_155319-scaled.jpg\"><img loading=\"lazy\" decoding=\"async\" class=\"alignnone wp-image-4926 size-medium\" src=\"https:\/\/www.bonpassage.com\/wp-content\/uploads\/2025\/01\/20240406_155319-300x300.jpg\" alt=\"\" width=\"300\" height=\"300\" srcset=\"https:\/\/www.bonpassage.com\/wp-content\/uploads\/2025\/01\/20240406_155319-300x300.jpg 300w, https:\/\/www.bonpassage.com\/wp-content\/uploads\/2025\/01\/20240406_155319-1024x1024.jpg 1024w, https:\/\/www.bonpassage.com\/wp-content\/uploads\/2025\/01\/20240406_155319-150x150.jpg 150w, https:\/\/www.bonpassage.com\/wp-content\/uploads\/2025\/01\/20240406_155319-768x768.jpg 768w, https:\/\/www.bonpassage.com\/wp-content\/uploads\/2025\/01\/20240406_155319-1536x1536.jpg 1536w, https:\/\/www.bonpassage.com\/wp-content\/uploads\/2025\/01\/20240406_155319-2048x2048.jpg 2048w, https:\/\/www.bonpassage.com\/wp-content\/uploads\/2025\/01\/20240406_155319-930x930.jpg 930w\" sizes=\"auto, (max-width: 300px) 100vw, 300px\" \/><\/a><\/p>\n<p>Le Manoir Bonpassage dispose de 8 chambres agr\u00e9ables et confortables, avec salle de bain\/douche et toilette. La plupart des chambres se trouvent au premier \u00e9tage. Au rez-de-chauss\u00e9e se trouve une chambre tr\u00e8s spacieuse (accessible aux personnes \u00e0 mobilit\u00e9 r\u00e9duite) pour 2 personnes avec coin s\u00e9jour s\u00b4ouvrant sur la terrasse.<br \/>\n<\/div>\n<div class=\"one-third column omega\">\n<p><a href=\"https:\/\/www.bonpassage.com\/wp-content\/uploads\/2025\/01\/bb2ed302-5b7f-481d-b67a-2229e2319ffa-225x300.jpg\"><img loading=\"lazy\" decoding=\"async\" class=\"alignnone wp-image-5330 size-medium\" src=\"https:\/\/www.bonpassage.com\/wp-content\/uploads\/2025\/01\/bb2ed302-5b7f-481d-b67a-2229e2319ffa-225x300.jpg\" alt=\"\" width=\"225\" height=\"300\" srcset=\"https:\/\/www.bonpassage.com\/wp-content\/uploads\/2025\/01\/bb2ed302-5b7f-481d-b67a-2229e2319ffa-225x300.jpg 225w, https:\/\/www.bonpassage.com\/wp-content\/uploads\/2025\/01\/bb2ed302-5b7f-481d-b67a-2229e2319ffa.jpg 768w\" sizes=\"auto, (max-width: 225px) 100vw, 225px\" \/><\/a><\/p>\n<p>Le Manoir Bonpassage dispose aussi d&rsquo;un salon o\u00f9 vous pouvez vous reposer apr\u00e8s une journ\u00e9e pleine d&rsquo;activit\u00e9s. Ici ou sur la terrasse, vous seront servies toutes sortes de boissons, allant d&rsquo;un petit caf\u00e9 \u00e0 un verre de Bourgogne.<br \/>\n<\/div><div class=\"clear\"><\/div>\n<hr\/>\n<p><a href=\"https:\/\/www.bonpassage.com\/wp-content\/uploads\/2025\/01\/zwembad-1-225x300.jpg\"><img loading=\"lazy\" decoding=\"async\" class=\"wp-image-5150 size-medium alignnone\" src=\"https:\/\/www.bonpassage.com\/wp-content\/uploads\/2025\/01\/zwembad-1-225x300.jpg\" alt=\"\" width=\"225\" height=\"300\" srcset=\"https:\/\/www.bonpassage.com\/wp-content\/uploads\/2025\/01\/zwembad-1-225x300.jpg 225w, https:\/\/www.bonpassage.com\/wp-content\/uploads\/2025\/01\/zwembad-1-768x1024.jpg 768w, https:\/\/www.bonpassage.com\/wp-content\/uploads\/2025\/01\/zwembad-1-1152x1536.jpg 1152w, https:\/\/www.bonpassage.com\/wp-content\/uploads\/2025\/01\/zwembad-1-930x1240.jpg 930w, https:\/\/www.bonpassage.com\/wp-content\/uploads\/2025\/01\/zwembad-1.jpg 1536w\" sizes=\"auto, (max-width: 225px) 100vw, 225px\" \/><\/a><\/p>\n<p>Et en plus, vous pourrez faire un plongeon raffra\u00eechissant dans notre piscine ou tout simplement paresser sur une chaise longue sur notre terrasse d\u00b4\u00e9t\u00e9. La piscine est ouverte du 1er mai jusqu&rsquo;au 30 septembre, d\u00e9pendant du temps.<\/p>\n","protected":false},"excerpt":{"rendered":"<p>Un peu d&rsquo;histoire sur la destination originale de la propri\u00e9t\u00e9. Le manoir a \u00e9t\u00e9 construit en 1850 comme maison d\u2019habitation pour une famille riche. En 1900, la maison a \u00e9t\u00e9 rachet\u00e9e par un Parisien qui a voulu \u00e9lever des petits poussins en profitant de l\u2019air sain de la campagne. Sa fille Marguerite \u00e9tant handicap\u00e9e devrait [&hellip;]<\/p>\n","protected":false},"author":4,"featured_media":0,"parent":0,"menu_order":0,"comment_status":"closed","ping_status":"closed","template":"","meta":{"footnotes":""},"class_list":["post-2488","page","type-page","status-publish","hentry"],"yoast_head":"<!-- This site is optimized with the Yoast SEO plugin v27.6 - https:\/\/yoast.com\/product\/yoast-seo-wordpress\/ -->\n<title>Le Manoir - Manoir Bonpassage<\/title>\n<meta name=\"description\" content=\"Un peu d&#039;histoire sur la destination originale de la propri\u00e9t\u00e9. Le manoir a \u00e9t\u00e9 construit en 1850 comme maison d\u2019habitation pour une famille riche. En 1900\" \/>\n<meta name=\"robots\" content=\"index, follow, max-snippet:-1, max-image-preview:large, max-video-preview:-1\" \/>\n<link rel=\"canonical\" href=\"https:\/\/www.bonpassage.com\/fr\/le-manoir\/\" \/>\n<meta property=\"og:locale\" content=\"fr_FR\" \/>\n<meta property=\"og:type\" content=\"article\" \/>\n<meta property=\"og:title\" content=\"Le Manoir - Manoir Bonpassage\" \/>\n<meta property=\"og:description\" content=\"Un peu d&#039;histoire sur la destination originale de la propri\u00e9t\u00e9. Le manoir a \u00e9t\u00e9 construit en 1850 comme maison d\u2019habitation pour une famille riche. En 1900\" \/>\n<meta property=\"og:url\" content=\"https:\/\/www.bonpassage.com\/fr\/le-manoir\/\" \/>\n<meta property=\"og:site_name\" content=\"Manoir Bonpassage\" \/>\n<meta property=\"article:modified_time\" content=\"2025-12-04T10:30:41+00:00\" \/>\n<meta property=\"og:image\" content=\"https:\/\/www.bonpassage.com\/wp-content\/uploads\/2015\/04\/MANOIR_BONPASSAGE_SLIDER.jpg\" \/>\n\t<meta property=\"og:image:width\" content=\"1920\" \/>\n\t<meta property=\"og:image:height\" content=\"764\" \/>\n\t<meta property=\"og:image:type\" content=\"image\/jpeg\" \/>\n<meta name=\"twitter:label1\" content=\"Dur\u00e9e de lecture estim\u00e9e\" \/>\n\t<meta name=\"twitter:data1\" content=\"3 minutes\" \/>\n<script type=\"application\/ld+json\" class=\"yoast-schema-graph\">{\"@context\":\"https:\\\/\\\/schema.org\",\"@graph\":[{\"@type\":\"WebPage\",\"@id\":\"https:\\\/\\\/www.bonpassage.com\\\/fr\\\/le-manoir\\\/\",\"url\":\"https:\\\/\\\/www.bonpassage.com\\\/fr\\\/le-manoir\\\/\",\"name\":\"Le Manoir - Manoir Bonpassage\",\"isPartOf\":{\"@id\":\"https:\\\/\\\/www.bonpassage.com\\\/#website\"},\"primaryImageOfPage\":{\"@id\":\"https:\\\/\\\/www.bonpassage.com\\\/fr\\\/le-manoir\\\/#primaryimage\"},\"image\":{\"@id\":\"https:\\\/\\\/www.bonpassage.com\\\/fr\\\/le-manoir\\\/#primaryimage\"},\"thumbnailUrl\":\"https:\\\/\\\/www.bonpassage.com\\\/wp-content\\\/uploads\\\/2015\\\/04\\\/MANOIR_BONPASSAGE_SLIDER-930x370.jpg\",\"datePublished\":\"2015-04-15T09:06:00+00:00\",\"dateModified\":\"2025-12-04T10:30:41+00:00\",\"description\":\"Un peu d'histoire sur la destination originale de la propri\u00e9t\u00e9. Le manoir a \u00e9t\u00e9 construit en 1850 comme maison d\u2019habitation pour une famille riche. En 1900\",\"breadcrumb\":{\"@id\":\"https:\\\/\\\/www.bonpassage.com\\\/fr\\\/le-manoir\\\/#breadcrumb\"},\"inLanguage\":\"fr-FR\",\"potentialAction\":[{\"@type\":\"ReadAction\",\"target\":[\"https:\\\/\\\/www.bonpassage.com\\\/fr\\\/le-manoir\\\/\"]}]},{\"@type\":\"ImageObject\",\"inLanguage\":\"fr-FR\",\"@id\":\"https:\\\/\\\/www.bonpassage.com\\\/fr\\\/le-manoir\\\/#primaryimage\",\"url\":\"https:\\\/\\\/www.bonpassage.com\\\/wp-content\\\/uploads\\\/2015\\\/04\\\/MANOIR_BONPASSAGE_SLIDER-930x370.jpg\",\"contentUrl\":\"https:\\\/\\\/www.bonpassage.com\\\/wp-content\\\/uploads\\\/2015\\\/04\\\/MANOIR_BONPASSAGE_SLIDER-930x370.jpg\"},{\"@type\":\"BreadcrumbList\",\"@id\":\"https:\\\/\\\/www.bonpassage.com\\\/fr\\\/le-manoir\\\/#breadcrumb\",\"itemListElement\":[{\"@type\":\"ListItem\",\"position\":1,\"name\":\"Home\",\"item\":\"https:\\\/\\\/www.bonpassage.com\\\/fr\\\/\"},{\"@type\":\"ListItem\",\"position\":2,\"name\":\"Le manoir\"}]},{\"@type\":\"WebSite\",\"@id\":\"https:\\\/\\\/www.bonpassage.com\\\/#website\",\"url\":\"https:\\\/\\\/www.bonpassage.com\\\/\",\"name\":\"Manoir Bonpassage\",\"description\":\"H\u00f4tel de Charme - Bourgogne France\",\"potentialAction\":[{\"@type\":\"SearchAction\",\"target\":{\"@type\":\"EntryPoint\",\"urlTemplate\":\"https:\\\/\\\/www.bonpassage.com\\\/?s={search_term_string}\"},\"query-input\":{\"@type\":\"PropertyValueSpecification\",\"valueRequired\":true,\"valueName\":\"search_term_string\"}}],\"inLanguage\":\"fr-FR\"}]}<\/script>\n<!-- \/ Yoast SEO plugin. -->","yoast_head_json":{"title":"Le Manoir - Manoir Bonpassage","description":"Un peu d'histoire sur la destination originale de la propri\u00e9t\u00e9. Le manoir a \u00e9t\u00e9 construit en 1850 comme maison d\u2019habitation pour une famille riche. En 1900","robots":{"index":"index","follow":"follow","max-snippet":"max-snippet:-1","max-image-preview":"max-image-preview:large","max-video-preview":"max-video-preview:-1"},"canonical":"https:\/\/www.bonpassage.com\/fr\/le-manoir\/","og_locale":"fr_FR","og_type":"article","og_title":"Le Manoir - Manoir Bonpassage","og_description":"Un peu d'histoire sur la destination originale de la propri\u00e9t\u00e9. Le manoir a \u00e9t\u00e9 construit en 1850 comme maison d\u2019habitation pour une famille riche. En 1900","og_url":"https:\/\/www.bonpassage.com\/fr\/le-manoir\/","og_site_name":"Manoir Bonpassage","article_modified_time":"2025-12-04T10:30:41+00:00","og_image":[{"width":1920,"height":764,"url":"https:\/\/www.bonpassage.com\/wp-content\/uploads\/2015\/04\/MANOIR_BONPASSAGE_SLIDER.jpg","type":"image\/jpeg"}],"twitter_misc":{"Dur\u00e9e de lecture estim\u00e9e":"3 minutes"},"schema":{"@context":"https:\/\/schema.org","@graph":[{"@type":"WebPage","@id":"https:\/\/www.bonpassage.com\/fr\/le-manoir\/","url":"https:\/\/www.bonpassage.com\/fr\/le-manoir\/","name":"Le Manoir - Manoir Bonpassage","isPartOf":{"@id":"https:\/\/www.bonpassage.com\/#website"},"primaryImageOfPage":{"@id":"https:\/\/www.bonpassage.com\/fr\/le-manoir\/#primaryimage"},"image":{"@id":"https:\/\/www.bonpassage.com\/fr\/le-manoir\/#primaryimage"},"thumbnailUrl":"https:\/\/www.bonpassage.com\/wp-content\/uploads\/2015\/04\/MANOIR_BONPASSAGE_SLIDER-930x370.jpg","datePublished":"2015-04-15T09:06:00+00:00","dateModified":"2025-12-04T10:30:41+00:00","description":"Un peu d'histoire sur la destination originale de la propri\u00e9t\u00e9. Le manoir a \u00e9t\u00e9 construit en 1850 comme maison d\u2019habitation pour une famille riche. En 1900","breadcrumb":{"@id":"https:\/\/www.bonpassage.com\/fr\/le-manoir\/#breadcrumb"},"inLanguage":"fr-FR","potentialAction":[{"@type":"ReadAction","target":["https:\/\/www.bonpassage.com\/fr\/le-manoir\/"]}]},{"@type":"ImageObject","inLanguage":"fr-FR","@id":"https:\/\/www.bonpassage.com\/fr\/le-manoir\/#primaryimage","url":"https:\/\/www.bonpassage.com\/wp-content\/uploads\/2015\/04\/MANOIR_BONPASSAGE_SLIDER-930x370.jpg","contentUrl":"https:\/\/www.bonpassage.com\/wp-content\/uploads\/2015\/04\/MANOIR_BONPASSAGE_SLIDER-930x370.jpg"},{"@type":"BreadcrumbList","@id":"https:\/\/www.bonpassage.com\/fr\/le-manoir\/#breadcrumb","itemListElement":[{"@type":"ListItem","position":1,"name":"Home","item":"https:\/\/www.bonpassage.com\/fr\/"},{"@type":"ListItem","position":2,"name":"Le manoir"}]},{"@type":"WebSite","@id":"https:\/\/www.bonpassage.com\/#website","url":"https:\/\/www.bonpassage.com\/","name":"Manoir Bonpassage","description":"H\u00f4tel de Charme - Bourgogne France","potentialAction":[{"@type":"SearchAction","target":{"@type":"EntryPoint","urlTemplate":"https:\/\/www.bonpassage.com\/?s={search_term_string}"},"query-input":{"@type":"PropertyValueSpecification","valueRequired":true,"valueName":"search_term_string"}}],"inLanguage":"fr-FR"}]}},"_links":{"self":[{"href":"https:\/\/www.bonpassage.com\/fr\/wp-json\/wp\/v2\/pages\/2488","targetHints":{"allow":["GET"]}}],"collection":[{"href":"https:\/\/www.bonpassage.com\/fr\/wp-json\/wp\/v2\/pages"}],"about":[{"href":"https:\/\/www.bonpassage.com\/fr\/wp-json\/wp\/v2\/types\/page"}],"author":[{"embeddable":true,"href":"https:\/\/www.bonpassage.com\/fr\/wp-json\/wp\/v2\/users\/4"}],"replies":[{"embeddable":true,"href":"https:\/\/www.bonpassage.com\/fr\/wp-json\/wp\/v2\/comments?post=2488"}],"version-history":[{"count":13,"href":"https:\/\/www.bonpassage.com\/fr\/wp-json\/wp\/v2\/pages\/2488\/revisions"}],"predecessor-version":[{"id":5405,"href":"https:\/\/www.bonpassage.com\/fr\/wp-json\/wp\/v2\/pages\/2488\/revisions\/5405"}],"wp:attachment":[{"href":"https:\/\/www.bonpassage.com\/fr\/wp-json\/wp\/v2\/media?parent=2488"}],"curies":[{"name":"wp","href":"https:\/\/api.w.org\/{rel}","templated":true}]}}