{"id":2500,"date":"2015-04-16T06:52:32","date_gmt":"2015-04-16T06:52:32","guid":{"rendered":"http:\/\/www.bonpassage.com\/eten-en-drinken-2\/"},"modified":"2025-12-04T11:39:49","modified_gmt":"2025-12-04T10:39:49","slug":"petit-dejeuner-et-diner","status":"publish","type":"page","link":"https:\/\/www.bonpassage.com\/fr\/petit-dejeuner-et-diner\/","title":{"rendered":"Petit-d\u00e9jeuner et d\u00eener"},"content":{"rendered":"<div class=\"eight columns alpha\">\n<p>Le matin, un petit-d\u00e9jeuner buffet g\u00e9n\u00e9reux vous sera servi dans le salon ou sur la terrasse. Bien s\u00fbr, le pain, les croissants, le beurre et la confiture ne manqueront pas mais aussi vous aurez le choix de d\u00e9guster le muesli, le yaourt, un \u0153uf\u00a0 et un verre de jus d\u2019orange press\u00e9.<br \/>\n<hr\/><br \/>\nTous les soir soif dimanche et jeudi, nous vous pr\u00e9parons et servons sur r\u00e9servation un menu table d&rsquo;h\u00f4te dans notre salle \u00e0 manger intime. Pendant les mois d&rsquo;\u00e9t\u00e9, il vous est possible de d\u00eener sur la terrasse, lorsque le temps le permet. Notre cave vous propose un choix de vins r\u00e9gionaux vous permettant de savourer les plats avec le vin appropri\u00e9.<br \/>\n<\/div>\n<div class=\"eight columns omega\">\n<div class=\"gallery-ap full-width\"><div class=\"gallery-big-image\"><img decoding=\"async\" src=\"https:\/\/www.bonpassage.com\/wp-content\/uploads\/2025\/01\/20230826_093709-scaled-930x930.jpg\" class=\"img-gallery-ap-full-size\" alt=\"\" \/><\/div><div class=\"gallery-slider\" data-processing=\"no\"><div class=\"gallery-slide\"><a href=\"https:\/\/www.bonpassage.com\/wp-content\/uploads\/2025\/01\/20230826_093709-scaled-930x930.jpg\" data-full-size-src=\"\"><img decoding=\"async\" src=\"https:\/\/www.bonpassage.com\/wp-content\/uploads\/2025\/01\/20230826_093709-scaled-90x90.jpg\" alt=\"\" \/><\/a><a href=\"https:\/\/www.bonpassage.com\/wp-content\/uploads\/2025\/01\/IMG_2223-scaled-930x1240.jpg\" data-full-size-src=\"\"><img decoding=\"async\" src=\"https:\/\/www.bonpassage.com\/wp-content\/uploads\/2025\/01\/IMG_2223-scaled-90x90.jpg\" alt=\"\" \/><\/a><\/div><\/div><div class=\"gallery-controls\"><a href=\"#\" class=\"slider-content-button-left\"><\/a><a href=\"#\" class=\"slider-content-button-right\"><\/a><div class=\"slider-content-button-left-disabled\"><\/div><div class=\"slider-content-button-right-disabled\"><\/div><\/div><\/div><br \/>\n<\/div><div class=\"clear\"><\/div>\n","protected":false},"excerpt":{"rendered":"","protected":false},"author":4,"featured_media":0,"parent":0,"menu_order":0,"comment_status":"closed","ping_status":"closed","template":"","meta":{"footnotes":""},"class_list":["post-2500","page","type-page","status-publish","hentry"],"yoast_head":"<!-- This site is optimized with the Yoast SEO plugin v27.4 - https:\/\/yoast.com\/product\/yoast-seo-wordpress\/ -->\n<title>petit-d\u00e9jeuner et d\u00eener - Manoir Bonpassage<\/title>\n<meta name=\"description\" content=\"Le matin, un petit-d\u00e9jeuner buffet g\u00e9n\u00e9reux vous sera servi dans le salon ou sur la terrasse. Bien s\u00fbr, le pain, les croissants, le beurre et la confiture ne manqueront pas mais aussi vous aurez le choix de d\u00e9guster le muesli, le yaourt, un \u0153uf \u00e0 la coque et un verre de jus d\u2019orange press\u00e9.\" \/>\n<meta name=\"robots\" content=\"index, follow, max-snippet:-1, max-image-preview:large, max-video-preview:-1\" \/>\n<link rel=\"canonical\" href=\"https:\/\/www.bonpassage.com\/fr\/petit-dejeuner-et-diner\/\" \/>\n<meta property=\"og:locale\" content=\"fr_FR\" \/>\n<meta property=\"og:type\" content=\"article\" \/>\n<meta property=\"og:title\" content=\"petit-d\u00e9jeuner et d\u00eener - Manoir Bonpassage\" \/>\n<meta property=\"og:description\" content=\"Le matin, un petit-d\u00e9jeuner buffet g\u00e9n\u00e9reux vous sera servi dans le salon ou sur la terrasse. Bien s\u00fbr, le pain, les croissants, le beurre et la confiture ne manqueront pas mais aussi vous aurez le choix de d\u00e9guster le muesli, le yaourt, un \u0153uf \u00e0 la coque et un verre de jus d\u2019orange press\u00e9.\" \/>\n<meta property=\"og:url\" content=\"https:\/\/www.bonpassage.com\/fr\/petit-dejeuner-et-diner\/\" \/>\n<meta property=\"og:site_name\" content=\"Manoir Bonpassage\" \/>\n<meta property=\"article:modified_time\" content=\"2025-12-04T10:39:49+00:00\" \/>\n<meta name=\"twitter:label1\" content=\"Dur\u00e9e de lecture estim\u00e9e\" \/>\n\t<meta name=\"twitter:data1\" content=\"1 minute\" \/>\n<script type=\"application\/ld+json\" class=\"yoast-schema-graph\">{\"@context\":\"https:\\\/\\\/schema.org\",\"@graph\":[{\"@type\":\"WebPage\",\"@id\":\"https:\\\/\\\/www.bonpassage.com\\\/fr\\\/petit-dejeuner-et-diner\\\/\",\"url\":\"https:\\\/\\\/www.bonpassage.com\\\/fr\\\/petit-dejeuner-et-diner\\\/\",\"name\":\"petit-d\u00e9jeuner et d\u00eener - Manoir Bonpassage\",\"isPartOf\":{\"@id\":\"https:\\\/\\\/www.bonpassage.com\\\/#website\"},\"datePublished\":\"2015-04-16T06:52:32+00:00\",\"dateModified\":\"2025-12-04T10:39:49+00:00\",\"description\":\"Le matin, un petit-d\u00e9jeuner buffet g\u00e9n\u00e9reux vous sera servi dans le salon ou sur la terrasse. Bien s\u00fbr, le pain, les croissants, le beurre et la confiture ne manqueront pas mais aussi vous aurez le choix de d\u00e9guster le muesli, le yaourt, un \u0153uf \u00e0 la coque et un verre de jus d\u2019orange press\u00e9.\",\"breadcrumb\":{\"@id\":\"https:\\\/\\\/www.bonpassage.com\\\/fr\\\/petit-dejeuner-et-diner\\\/#breadcrumb\"},\"inLanguage\":\"fr-FR\",\"potentialAction\":[{\"@type\":\"ReadAction\",\"target\":[\"https:\\\/\\\/www.bonpassage.com\\\/fr\\\/petit-dejeuner-et-diner\\\/\"]}]},{\"@type\":\"BreadcrumbList\",\"@id\":\"https:\\\/\\\/www.bonpassage.com\\\/fr\\\/petit-dejeuner-et-diner\\\/#breadcrumb\",\"itemListElement\":[{\"@type\":\"ListItem\",\"position\":1,\"name\":\"Home\",\"item\":\"https:\\\/\\\/www.bonpassage.com\\\/fr\\\/\"},{\"@type\":\"ListItem\",\"position\":2,\"name\":\"Petit-d\u00e9jeuner et d\u00eener\"}]},{\"@type\":\"WebSite\",\"@id\":\"https:\\\/\\\/www.bonpassage.com\\\/#website\",\"url\":\"https:\\\/\\\/www.bonpassage.com\\\/\",\"name\":\"Manoir Bonpassage\",\"description\":\"H\u00f4tel de Charme - Bourgogne France\",\"potentialAction\":[{\"@type\":\"SearchAction\",\"target\":{\"@type\":\"EntryPoint\",\"urlTemplate\":\"https:\\\/\\\/www.bonpassage.com\\\/?s={search_term_string}\"},\"query-input\":{\"@type\":\"PropertyValueSpecification\",\"valueRequired\":true,\"valueName\":\"search_term_string\"}}],\"inLanguage\":\"fr-FR\"}]}<\/script>\n<!-- \/ Yoast SEO plugin. -->","yoast_head_json":{"title":"petit-d\u00e9jeuner et d\u00eener - Manoir Bonpassage","description":"Le matin, un petit-d\u00e9jeuner buffet g\u00e9n\u00e9reux vous sera servi dans le salon ou sur la terrasse. Bien s\u00fbr, le pain, les croissants, le beurre et la confiture ne manqueront pas mais aussi vous aurez le choix de d\u00e9guster le muesli, le yaourt, un \u0153uf \u00e0 la coque et un verre de jus d\u2019orange press\u00e9.","robots":{"index":"index","follow":"follow","max-snippet":"max-snippet:-1","max-image-preview":"max-image-preview:large","max-video-preview":"max-video-preview:-1"},"canonical":"https:\/\/www.bonpassage.com\/fr\/petit-dejeuner-et-diner\/","og_locale":"fr_FR","og_type":"article","og_title":"petit-d\u00e9jeuner et d\u00eener - Manoir Bonpassage","og_description":"Le matin, un petit-d\u00e9jeuner buffet g\u00e9n\u00e9reux vous sera servi dans le salon ou sur la terrasse. Bien s\u00fbr, le pain, les croissants, le beurre et la confiture ne manqueront pas mais aussi vous aurez le choix de d\u00e9guster le muesli, le yaourt, un \u0153uf \u00e0 la coque et un verre de jus d\u2019orange press\u00e9.","og_url":"https:\/\/www.bonpassage.com\/fr\/petit-dejeuner-et-diner\/","og_site_name":"Manoir Bonpassage","article_modified_time":"2025-12-04T10:39:49+00:00","twitter_misc":{"Dur\u00e9e de lecture estim\u00e9e":"1 minute"},"schema":{"@context":"https:\/\/schema.org","@graph":[{"@type":"WebPage","@id":"https:\/\/www.bonpassage.com\/fr\/petit-dejeuner-et-diner\/","url":"https:\/\/www.bonpassage.com\/fr\/petit-dejeuner-et-diner\/","name":"petit-d\u00e9jeuner et d\u00eener - Manoir Bonpassage","isPartOf":{"@id":"https:\/\/www.bonpassage.com\/#website"},"datePublished":"2015-04-16T06:52:32+00:00","dateModified":"2025-12-04T10:39:49+00:00","description":"Le matin, un petit-d\u00e9jeuner buffet g\u00e9n\u00e9reux vous sera servi dans le salon ou sur la terrasse. Bien s\u00fbr, le pain, les croissants, le beurre et la confiture ne manqueront pas mais aussi vous aurez le choix de d\u00e9guster le muesli, le yaourt, un \u0153uf \u00e0 la coque et un verre de jus d\u2019orange press\u00e9.","breadcrumb":{"@id":"https:\/\/www.bonpassage.com\/fr\/petit-dejeuner-et-diner\/#breadcrumb"},"inLanguage":"fr-FR","potentialAction":[{"@type":"ReadAction","target":["https:\/\/www.bonpassage.com\/fr\/petit-dejeuner-et-diner\/"]}]},{"@type":"BreadcrumbList","@id":"https:\/\/www.bonpassage.com\/fr\/petit-dejeuner-et-diner\/#breadcrumb","itemListElement":[{"@type":"ListItem","position":1,"name":"Home","item":"https:\/\/www.bonpassage.com\/fr\/"},{"@type":"ListItem","position":2,"name":"Petit-d\u00e9jeuner et d\u00eener"}]},{"@type":"WebSite","@id":"https:\/\/www.bonpassage.com\/#website","url":"https:\/\/www.bonpassage.com\/","name":"Manoir Bonpassage","description":"H\u00f4tel de Charme - Bourgogne France","potentialAction":[{"@type":"SearchAction","target":{"@type":"EntryPoint","urlTemplate":"https:\/\/www.bonpassage.com\/?s={search_term_string}"},"query-input":{"@type":"PropertyValueSpecification","valueRequired":true,"valueName":"search_term_string"}}],"inLanguage":"fr-FR"}]}},"_links":{"self":[{"href":"https:\/\/www.bonpassage.com\/fr\/wp-json\/wp\/v2\/pages\/2500","targetHints":{"allow":["GET"]}}],"collection":[{"href":"https:\/\/www.bonpassage.com\/fr\/wp-json\/wp\/v2\/pages"}],"about":[{"href":"https:\/\/www.bonpassage.com\/fr\/wp-json\/wp\/v2\/types\/page"}],"author":[{"embeddable":true,"href":"https:\/\/www.bonpassage.com\/fr\/wp-json\/wp\/v2\/users\/4"}],"replies":[{"embeddable":true,"href":"https:\/\/www.bonpassage.com\/fr\/wp-json\/wp\/v2\/comments?post=2500"}],"version-history":[{"count":14,"href":"https:\/\/www.bonpassage.com\/fr\/wp-json\/wp\/v2\/pages\/2500\/revisions"}],"predecessor-version":[{"id":4723,"href":"https:\/\/www.bonpassage.com\/fr\/wp-json\/wp\/v2\/pages\/2500\/revisions\/4723"}],"wp:attachment":[{"href":"https:\/\/www.bonpassage.com\/fr\/wp-json\/wp\/v2\/media?parent=2500"}],"curies":[{"name":"wp","href":"https:\/\/api.w.org\/{rel}","templated":true}]}}