{"id":2517,"date":"2013-03-28T02:14:43","date_gmt":"2013-03-28T02:14:43","guid":{"rendered":"http:\/\/www.bonpassage.com\/reserveren-2\/"},"modified":"2025-05-02T17:06:37","modified_gmt":"2025-05-02T15:06:37","slug":"reservation","status":"publish","type":"page","link":"https:\/\/www.bonpassage.com\/fr\/reservation\/","title":{"rendered":"R\u00e9servation"},"content":{"rendered":"<p><div class=\"textured-area textured-area-top-full-width\"><div class=\"textured-area-content\">Voulez-vous r\u00e9server ou d\u00e9sirez-vous plus d&rsquo;information, veuillez remplir le formulaire ci-dessous. <strong>NOUS VOUS REPONDRONS DANS LES 24 HEURES. SINON VERIFIER S&rsquo;IL VOUS PLAIT VOTRE COURRIER INDESIRABLE.<\/strong> Toujours pas trouv\u00e9 de r\u00e9ponse de notre part? Veuillez nous contacter par t\u00e9l\u00e9phone au 03 80 20 26 16, car probablement nous n\u2019avons pas re\u00e7u votre demande. Malheureusement \u00e7a arrive de temps en temps. Merci !<strong><\/div><\/div><\/strong><\/p>\n<p><strong><span style=\"color: #00ffff;\">\u00a0<\/span><\/strong>\n<div class=\"wpcf7 no-js\" id=\"wpcf7-f2675-o1\" lang=\"fr-FR\" dir=\"ltr\" data-wpcf7-id=\"2675\">\n<div class=\"screen-reader-response\"><p role=\"status\" aria-live=\"polite\" aria-atomic=\"true\"><\/p> <ul><\/ul><\/div>\n<form action=\"\/fr\/wp-json\/wp\/v2\/pages\/2517#wpcf7-f2675-o1\" method=\"post\" class=\"wpcf7-form init\" aria-label=\"Formulaire de contact\" novalidate=\"novalidate\" data-status=\"init\">\n<fieldset class=\"hidden-fields-container\"><input type=\"hidden\" name=\"_wpcf7\" value=\"2675\" \/><input type=\"hidden\" name=\"_wpcf7_version\" value=\"6.1.5\" \/><input type=\"hidden\" name=\"_wpcf7_locale\" value=\"fr_FR\" \/><input type=\"hidden\" name=\"_wpcf7_unit_tag\" value=\"wpcf7-f2675-o1\" \/><input type=\"hidden\" name=\"_wpcf7_container_post\" value=\"0\" \/><input type=\"hidden\" name=\"_wpcf7_posted_data_hash\" value=\"\" \/><input type=\"hidden\" name=\"_wpcf7_recaptcha_response\" value=\"\" \/>\n<\/fieldset>\n<div class=\"four columns alpha\">\n<\/p>\n<p>Nom:<br \/>\n<span class=\"wpcf7-form-control-wrap\" data-name=\"naam\"><input size=\"40\" maxlength=\"400\" class=\"wpcf7-form-control wpcf7-text wpcf7-validates-as-required\" aria-required=\"true\" aria-invalid=\"false\" value=\"\" type=\"text\" name=\"naam\" \/><\/span>\n<\/p>\n<p>Adresse:<br \/>\n<span class=\"wpcf7-form-control-wrap\" data-name=\"adres\"><input size=\"40\" maxlength=\"400\" class=\"wpcf7-form-control wpcf7-text\" aria-invalid=\"false\" value=\"\" type=\"text\" name=\"adres\" \/><\/span>\n<\/p>\n<p>Code Postal:<br \/>\n<span class=\"wpcf7-form-control-wrap\" data-name=\"postcode\"><input size=\"40\" maxlength=\"400\" class=\"wpcf7-form-control wpcf7-text\" aria-invalid=\"false\" value=\"\" type=\"text\" name=\"postcode\" \/><\/span>\n<\/p>\n<p>Ville:<br \/>\n<span class=\"wpcf7-form-control-wrap\" data-name=\"plaats\"><input size=\"40\" maxlength=\"400\" class=\"wpcf7-form-control wpcf7-text wpcf7-validates-as-required\" aria-required=\"true\" aria-invalid=\"false\" value=\"\" type=\"text\" name=\"plaats\" \/><\/span>\n<\/p>\n<p>No. de t\u00e9l\u00e9phone:<br \/>\n<span class=\"wpcf7-form-control-wrap\" data-name=\"telefoon\"><input size=\"40\" maxlength=\"400\" class=\"wpcf7-form-control wpcf7-text wpcf7-validates-as-required\" aria-required=\"true\" aria-invalid=\"false\" value=\"\" type=\"text\" name=\"telefoon\" \/><\/span>\n<\/p>\n<p>No. portable:<br \/>\n<span class=\"wpcf7-form-control-wrap\" data-name=\"mobiel\"><input size=\"40\" maxlength=\"400\" class=\"wpcf7-form-control wpcf7-text\" aria-invalid=\"false\" value=\"\" type=\"text\" name=\"mobiel\" \/><\/span>\n<\/p>\n<p>Email:<br \/>\n<span class=\"wpcf7-form-control-wrap\" data-name=\"email\"><input size=\"40\" maxlength=\"400\" class=\"wpcf7-form-control wpcf7-email wpcf7-validates-as-required wpcf7-text wpcf7-validates-as-email\" aria-required=\"true\" aria-invalid=\"false\" value=\"\" type=\"email\" name=\"email\" \/><\/span>\n<\/p>\n<\/div>\n<div class=\"four columns \">\n<\/p>\n<p>Chambre:<br \/>\n<span class=\"wpcf7-form-control-wrap\" data-name=\"kamer\"><select class=\"wpcf7-form-control wpcf7-select wpcf7-validates-as-required\" aria-required=\"true\" aria-invalid=\"false\" name=\"kamer\"><option value=\"\"><\/option><option value=\"2 pers., grand lit \u20ac74,-\">2 pers., grand lit \u20ac74,-<\/option><option value=\"2 pers., 2 lits \u20ac87,-\">2 pers., 2 lits \u20ac87,-<\/option><option value=\"2 pers. suite 1er etage \u20ac110,-\">2 pers. suite 1er etage \u20ac110,-<\/option><option value=\"tr\u00e8s spacieuse 2 pers., rdc \u20ac110,-\">tr\u00e8s spacieuse 2 pers., rdc \u20ac110,-<\/option><option value=\"\"><\/option><option value=\"\"><\/option><\/select><\/span>\n<\/p>\n<p>Nombre d'adultes:<br \/>\n<span class=\"wpcf7-form-control-wrap\" data-name=\"volwassenen\"><input size=\"40\" maxlength=\"400\" class=\"wpcf7-form-control wpcf7-text\" aria-invalid=\"false\" value=\"\" type=\"text\" name=\"volwassenen\" \/><\/span>\n<\/p>\n<p>Nombre d'enfants:<br \/>\n<span class=\"wpcf7-form-control-wrap\" data-name=\"kinderen\"><input size=\"40\" maxlength=\"400\" class=\"wpcf7-form-control wpcf7-text\" aria-invalid=\"false\" value=\"\" type=\"text\" name=\"kinderen\" \/><\/span>\n<\/p>\n<p>Age enfants:<br \/>\n<span class=\"wpcf7-form-control-wrap\" data-name=\"leeftijd\"><input size=\"40\" maxlength=\"400\" class=\"wpcf7-form-control wpcf7-text\" aria-invalid=\"false\" value=\"\" type=\"text\" name=\"leeftijd\" \/><\/span>\n<\/p>\n<p>Remarques:<span class=\"wpcf7-form-control-wrap\" data-name=\"opmerkingen\"><textarea cols=\"40\" rows=\"10\" maxlength=\"2000\" class=\"wpcf7-form-control wpcf7-textarea\" aria-invalid=\"false\" name=\"opmerkingen\"><\/textarea><\/span><br \/>\n<\/div>\n<div class=\"eight columns omega\">\n<\/p>\n<div class=\"four columns alpha\">\n<\/p>\n<p>Arriv\u00e9e:\n<\/p>\n<p><span class=\"wpcf7-form-control-wrap\" data-name=\"check-in\"><input size=\"40\" maxlength=\"400\" class=\"wpcf7-form-control wpcf7-text wpcf7-validates-as-required\" id=\"check-in\" aria-required=\"true\" aria-invalid=\"false\" value=\"\" type=\"text\" name=\"check-in\" \/><\/span><input type=\"hidden\" class=\"ah-room-types-data\" value='[{&quot;id&quot;:&quot;single&quot;,&quot;name&quot;:&quot;Single room&quot;,&quot;update&quot;:&quot;no&quot;},{&quot;id&quot;:&quot;double&quot;,&quot;name&quot;:&quot;Double room&quot;,&quot;update&quot;:&quot;no&quot;},{&quot;id&quot;:&quot;deluxe&quot;,&quot;name&quot;:&quot;Deluxe suite&quot;,&quot;update&quot;:&quot;no&quot;}]' \/><div class=\"ap-calendars-wrapper calendar-inline-no-input calendar-1-columns\" id=\"calendar-check-in\"><input type=\"hidden\" class=\"ah-calendar-options\" value=\"{&quot;prevText&quot;:&quot;&amp;#9668;&quot;,&quot;nextText&quot;:&quot;&amp;#9658;&quot;,&quot;changeMonth&quot;:false,&quot;firstDay&quot;:1,&quot;monthsToShow&quot;:1,&quot;minDate&quot;:0,&quot;maxDate&quot;:365,&quot;multiSelect&quot;:0,&quot;dateFormat&quot;:&quot;dd-mm-yyyy&quot;,&quot;onSelect&quot;:&quot;update_input_date&quot;}\" \/><input type=\"hidden\" id=\"check-in-formatted\" name=\"check-in-formatted\" \/><input type=\"hidden\" id=\"minimal-stay\" value=\"[]\" \/><input type=\"hidden\" id=\"check-in-day-compulsory\" value=\"[]\" \/><input type=\"hidden\" id=\"check-out-day-compulsory\" value=\"[]\" \/><div class=\"ap-calendar\"><\/div><p class=\"calendar-key\"><span class=\"calendar-key-selected-days\">&#9604;<\/span>&nbsp;&nbsp;your selection<\/p><\/div><\/div>\n<div class=\"four columns omega\">\n<\/p>\n<p>D\u00e9part:\n<\/p>\n<p><span class=\"wpcf7-form-control-wrap\" data-name=\"check-out\"><input size=\"40\" maxlength=\"400\" class=\"wpcf7-form-control wpcf7-text wpcf7-validates-as-required\" id=\"check-out\" aria-required=\"true\" aria-invalid=\"false\" value=\"\" type=\"text\" name=\"check-out\" \/><\/span><input type=\"hidden\" class=\"ah-room-types-data\" value='[{&quot;id&quot;:&quot;single&quot;,&quot;name&quot;:&quot;Single room&quot;,&quot;update&quot;:&quot;no&quot;},{&quot;id&quot;:&quot;double&quot;,&quot;name&quot;:&quot;Double room&quot;,&quot;update&quot;:&quot;no&quot;},{&quot;id&quot;:&quot;deluxe&quot;,&quot;name&quot;:&quot;Deluxe suite&quot;,&quot;update&quot;:&quot;no&quot;}]' \/><div class=\"ap-calendars-wrapper calendar-inline-no-input calendar-1-columns\" id=\"calendar-check-out\"><input type=\"hidden\" class=\"ah-calendar-options\" value=\"{&quot;prevText&quot;:&quot;&amp;#9668;&quot;,&quot;nextText&quot;:&quot;&amp;#9658;&quot;,&quot;changeMonth&quot;:false,&quot;firstDay&quot;:1,&quot;monthsToShow&quot;:1,&quot;minDate&quot;:0,&quot;maxDate&quot;:365,&quot;multiSelect&quot;:0,&quot;dateFormat&quot;:&quot;dd-mm-yyyy&quot;,&quot;onSelect&quot;:&quot;update_input_date&quot;}\" \/><input type=\"hidden\" id=\"check-out-formatted\" name=\"check-out-formatted\" \/><div class=\"ap-calendar\"><\/div><p class=\"calendar-key\"><span class=\"calendar-key-selected-days\">&#9604;<\/span>&nbsp;&nbsp;your selection<\/p><\/div><\/div><div class=\"clear\"><\/div>\n<\/div><div class=\"clear\"><\/div>\n<p><input class=\"wpcf7-form-control wpcf7-submit has-spinner\" type=\"submit\" value=\"Envoyer\" \/>\n<\/p><div class=\"wpcf7-response-output\" aria-hidden=\"true\"><\/div>\n<\/form>\n<\/div>\n<\/p>\n","protected":false},"excerpt":{"rendered":"<p>\u00a0<\/p>\n","protected":false},"author":4,"featured_media":0,"parent":0,"menu_order":0,"comment_status":"closed","ping_status":"closed","template":"","meta":{"footnotes":""},"class_list":["post-2517","page","type-page","status-publish","hentry"],"yoast_head":"<!-- This site is optimized with the Yoast SEO plugin v27.4 - https:\/\/yoast.com\/product\/yoast-seo-wordpress\/ -->\n<title>R\u00e9servation - Manoir Bonpassage<\/title>\n<meta name=\"description\" content=\"R\u00e9servation - Voulez-vous r\u00e9server ou d\u00e9sirez-vous plus d&#039;information, veuillez remplir le formulaire ci-dessous. Nous vous faisons parvenir une r\u00e9ponse dans les 24 heures. Sinon v\u00e9rifiez votre courrier ind\u00e9sirable. Toujours pas de r\u00e9ponse de notre part? Veuillez nous contacter par t\u00e9l\u00e9phone au 03 80 20 26 16\" \/>\n<meta name=\"robots\" content=\"index, follow, max-snippet:-1, max-image-preview:large, max-video-preview:-1\" \/>\n<link rel=\"canonical\" href=\"https:\/\/www.bonpassage.com\/fr\/reservation\/\" \/>\n<meta property=\"og:locale\" content=\"fr_FR\" \/>\n<meta property=\"og:type\" content=\"article\" \/>\n<meta property=\"og:title\" content=\"R\u00e9servation - Manoir Bonpassage\" \/>\n<meta property=\"og:description\" content=\"R\u00e9servation - Voulez-vous r\u00e9server ou d\u00e9sirez-vous plus d&#039;information, veuillez remplir le formulaire ci-dessous. Nous vous faisons parvenir une r\u00e9ponse dans les 24 heures. Sinon v\u00e9rifiez votre courrier ind\u00e9sirable. Toujours pas de r\u00e9ponse de notre part? Veuillez nous contacter par t\u00e9l\u00e9phone au 03 80 20 26 16\" \/>\n<meta property=\"og:url\" content=\"https:\/\/www.bonpassage.com\/fr\/reservation\/\" \/>\n<meta property=\"og:site_name\" content=\"Manoir Bonpassage\" \/>\n<meta property=\"article:modified_time\" content=\"2025-05-02T15:06:37+00:00\" \/>\n<meta name=\"twitter:label1\" content=\"Dur\u00e9e de lecture estim\u00e9e\" \/>\n\t<meta name=\"twitter:data1\" content=\"1 minute\" \/>\n<script type=\"application\/ld+json\" class=\"yoast-schema-graph\">{\"@context\":\"https:\\\/\\\/schema.org\",\"@graph\":[{\"@type\":\"WebPage\",\"@id\":\"https:\\\/\\\/www.bonpassage.com\\\/fr\\\/reservation\\\/\",\"url\":\"https:\\\/\\\/www.bonpassage.com\\\/fr\\\/reservation\\\/\",\"name\":\"R\u00e9servation - Manoir Bonpassage\",\"isPartOf\":{\"@id\":\"https:\\\/\\\/www.bonpassage.com\\\/#website\"},\"datePublished\":\"2013-03-28T02:14:43+00:00\",\"dateModified\":\"2025-05-02T15:06:37+00:00\",\"description\":\"R\u00e9servation - Voulez-vous r\u00e9server ou d\u00e9sirez-vous plus d'information, veuillez remplir le formulaire ci-dessous. Nous vous faisons parvenir une r\u00e9ponse dans les 24 heures. Sinon v\u00e9rifiez votre courrier ind\u00e9sirable. Toujours pas de r\u00e9ponse de notre part? Veuillez nous contacter par t\u00e9l\u00e9phone au 03 80 20 26 16\",\"breadcrumb\":{\"@id\":\"https:\\\/\\\/www.bonpassage.com\\\/fr\\\/reservation\\\/#breadcrumb\"},\"inLanguage\":\"fr-FR\",\"potentialAction\":[{\"@type\":\"ReadAction\",\"target\":[\"https:\\\/\\\/www.bonpassage.com\\\/fr\\\/reservation\\\/\"]}]},{\"@type\":\"BreadcrumbList\",\"@id\":\"https:\\\/\\\/www.bonpassage.com\\\/fr\\\/reservation\\\/#breadcrumb\",\"itemListElement\":[{\"@type\":\"ListItem\",\"position\":1,\"name\":\"Home\",\"item\":\"https:\\\/\\\/www.bonpassage.com\\\/fr\\\/\"},{\"@type\":\"ListItem\",\"position\":2,\"name\":\"R\u00e9servation\"}]},{\"@type\":\"WebSite\",\"@id\":\"https:\\\/\\\/www.bonpassage.com\\\/#website\",\"url\":\"https:\\\/\\\/www.bonpassage.com\\\/\",\"name\":\"Manoir Bonpassage\",\"description\":\"H\u00f4tel de Charme - Bourgogne France\",\"potentialAction\":[{\"@type\":\"SearchAction\",\"target\":{\"@type\":\"EntryPoint\",\"urlTemplate\":\"https:\\\/\\\/www.bonpassage.com\\\/?s={search_term_string}\"},\"query-input\":{\"@type\":\"PropertyValueSpecification\",\"valueRequired\":true,\"valueName\":\"search_term_string\"}}],\"inLanguage\":\"fr-FR\"}]}<\/script>\n<!-- \/ Yoast SEO plugin. -->","yoast_head_json":{"title":"R\u00e9servation - Manoir Bonpassage","description":"R\u00e9servation - Voulez-vous r\u00e9server ou d\u00e9sirez-vous plus d'information, veuillez remplir le formulaire ci-dessous. Nous vous faisons parvenir une r\u00e9ponse dans les 24 heures. Sinon v\u00e9rifiez votre courrier ind\u00e9sirable. Toujours pas de r\u00e9ponse de notre part? Veuillez nous contacter par t\u00e9l\u00e9phone au 03 80 20 26 16","robots":{"index":"index","follow":"follow","max-snippet":"max-snippet:-1","max-image-preview":"max-image-preview:large","max-video-preview":"max-video-preview:-1"},"canonical":"https:\/\/www.bonpassage.com\/fr\/reservation\/","og_locale":"fr_FR","og_type":"article","og_title":"R\u00e9servation - Manoir Bonpassage","og_description":"R\u00e9servation - Voulez-vous r\u00e9server ou d\u00e9sirez-vous plus d'information, veuillez remplir le formulaire ci-dessous. Nous vous faisons parvenir une r\u00e9ponse dans les 24 heures. Sinon v\u00e9rifiez votre courrier ind\u00e9sirable. Toujours pas de r\u00e9ponse de notre part? Veuillez nous contacter par t\u00e9l\u00e9phone au 03 80 20 26 16","og_url":"https:\/\/www.bonpassage.com\/fr\/reservation\/","og_site_name":"Manoir Bonpassage","article_modified_time":"2025-05-02T15:06:37+00:00","twitter_misc":{"Dur\u00e9e de lecture estim\u00e9e":"1 minute"},"schema":{"@context":"https:\/\/schema.org","@graph":[{"@type":"WebPage","@id":"https:\/\/www.bonpassage.com\/fr\/reservation\/","url":"https:\/\/www.bonpassage.com\/fr\/reservation\/","name":"R\u00e9servation - Manoir Bonpassage","isPartOf":{"@id":"https:\/\/www.bonpassage.com\/#website"},"datePublished":"2013-03-28T02:14:43+00:00","dateModified":"2025-05-02T15:06:37+00:00","description":"R\u00e9servation - Voulez-vous r\u00e9server ou d\u00e9sirez-vous plus d'information, veuillez remplir le formulaire ci-dessous. Nous vous faisons parvenir une r\u00e9ponse dans les 24 heures. Sinon v\u00e9rifiez votre courrier ind\u00e9sirable. Toujours pas de r\u00e9ponse de notre part? Veuillez nous contacter par t\u00e9l\u00e9phone au 03 80 20 26 16","breadcrumb":{"@id":"https:\/\/www.bonpassage.com\/fr\/reservation\/#breadcrumb"},"inLanguage":"fr-FR","potentialAction":[{"@type":"ReadAction","target":["https:\/\/www.bonpassage.com\/fr\/reservation\/"]}]},{"@type":"BreadcrumbList","@id":"https:\/\/www.bonpassage.com\/fr\/reservation\/#breadcrumb","itemListElement":[{"@type":"ListItem","position":1,"name":"Home","item":"https:\/\/www.bonpassage.com\/fr\/"},{"@type":"ListItem","position":2,"name":"R\u00e9servation"}]},{"@type":"WebSite","@id":"https:\/\/www.bonpassage.com\/#website","url":"https:\/\/www.bonpassage.com\/","name":"Manoir Bonpassage","description":"H\u00f4tel de Charme - Bourgogne France","potentialAction":[{"@type":"SearchAction","target":{"@type":"EntryPoint","urlTemplate":"https:\/\/www.bonpassage.com\/?s={search_term_string}"},"query-input":{"@type":"PropertyValueSpecification","valueRequired":true,"valueName":"search_term_string"}}],"inLanguage":"fr-FR"}]}},"_links":{"self":[{"href":"https:\/\/www.bonpassage.com\/fr\/wp-json\/wp\/v2\/pages\/2517","targetHints":{"allow":["GET"]}}],"collection":[{"href":"https:\/\/www.bonpassage.com\/fr\/wp-json\/wp\/v2\/pages"}],"about":[{"href":"https:\/\/www.bonpassage.com\/fr\/wp-json\/wp\/v2\/types\/page"}],"author":[{"embeddable":true,"href":"https:\/\/www.bonpassage.com\/fr\/wp-json\/wp\/v2\/users\/4"}],"replies":[{"embeddable":true,"href":"https:\/\/www.bonpassage.com\/fr\/wp-json\/wp\/v2\/comments?post=2517"}],"version-history":[{"count":12,"href":"https:\/\/www.bonpassage.com\/fr\/wp-json\/wp\/v2\/pages\/2517\/revisions"}],"predecessor-version":[{"id":5385,"href":"https:\/\/www.bonpassage.com\/fr\/wp-json\/wp\/v2\/pages\/2517\/revisions\/5385"}],"wp:attachment":[{"href":"https:\/\/www.bonpassage.com\/fr\/wp-json\/wp\/v2\/media?parent=2517"}],"curies":[{"name":"wp","href":"https:\/\/api.w.org\/{rel}","templated":true}]}}