{"id":2522,"date":"2015-04-14T11:53:15","date_gmt":"2015-04-14T11:53:15","guid":{"rendered":"http:\/\/www.bonpassage.com\/tarieven-2\/"},"modified":"2025-12-24T09:02:08","modified_gmt":"2025-12-24T08:02:08","slug":"tarifs","status":"publish","type":"page","link":"https:\/\/www.bonpassage.com\/fr\/tarifs\/","title":{"rendered":"Tarifs"},"content":{"rendered":"<h1>Tarifs 2026<\/h1>\n<h2><span style=\"color: #33cccc;\"><strong>Quand <\/strong><\/span><span style=\"color: #33cccc;\"><strong>vous r\u00e9servez votre chambre directement sur notre site vous recevez le meilleur tarif! <\/strong>R\u00e9servez <span style=\"color: #000080;\"><a style=\"color: #000080;\" href=\"https:\/\/www.bonpassage.com\/fr\/reservation\/\">ici<\/a><\/span><\/span><\/h2>\n<p><strong><div class=\"two-thirds column alpha\"><\/strong><\/p>\n<table class=\"table-palace-styled\" style=\"height: 275px;\" width=\"543\">\n<tbody>\n<tr>\n<td style=\"text-align: left;\" width=\"350\"><strong>Chambres<\/strong><\/td>\n<td width=\"80\"><strong>Tarifs <\/strong><strong>1 nuit s\u00e9jour<\/strong><\/td>\n<td width=\"80\"><strong>Tarifs 2 nuits ou plus\u00a0<\/strong><\/td>\n<\/tr>\n<tr>\n<td width=\"350\">\n<p style=\"text-align: left;\">Chambre double avec salle de douche\/toilette, grand lit (140 cm)\u2013 1er \u00e9tage<\/p>\n<\/td>\n<td width=\"80\">\u20ac 95,00<\/td>\n<td width=\"80\">\u20ac 86,00<\/td>\n<\/tr>\n<tr>\n<td width=\"350\">\n<p style=\"text-align: left;\">Chambre double avec salle de bain ou douche\/toilette, 2 lits \u2013 1er \u00e9tage<\/p>\n<\/td>\n<td width=\"80\">\u20ac105,00<\/td>\n<td width=\"80\">\u20ac 95,00<\/td>\n<\/tr>\n<tr>\n<td width=\"350\">\n<p style=\"text-align: left;\">Chambre double tr\u00e8s spacieuse avec salle de douche\/toilette et coin s\u00e9jour, s&rsquo;ouvrant sur la terrasse, 2 lits &#8211; au rez-de-chauss\u00e9e (voir photo) &#8211; accessible aux personnes \u00e0 mobilit\u00e9 r\u00e9duite<\/p>\n<\/td>\n<td width=\"80\">\u20ac 131,00<\/td>\n<td width=\"80\">\u20ac 118,00<\/td>\n<\/tr>\n<tr>\n<td width=\"350\">\n<p style=\"text-align: left;\">Suite pour 2 personnes, dot\u00e9e d&rsquo;une chambre \u00e0 2 lits, un coin salon s\u00e9par\u00e9 et une salle de douche\/toilette \u2013 1er \u00e9tage<\/p>\n<\/td>\n<td width=\"80\">\u20ac 131,00<\/td>\n<td width=\"80\">\u20ac 118,00<\/td>\n<\/tr>\n<\/tbody>\n<\/table>\n<p><strong><\/div><\/strong><\/p>\n<p><strong><div class=\"one-third column omega\"><\/strong><\/p>\n<div class=\"gallery-ap full-width\"><div class=\"gallery-big-image\"><img decoding=\"async\" src=\"https:\/\/www.bonpassage.com\/wp-content\/uploads\/2025\/01\/20240406_154048-scaled-930x930.jpg\" class=\"img-gallery-ap-full-size\" alt=\"\" \/><\/div><div class=\"gallery-slider\" data-processing=\"no\"><div class=\"gallery-slide\"><a href=\"https:\/\/www.bonpassage.com\/wp-content\/uploads\/2025\/01\/20240406_154048-scaled-930x930.jpg\" data-full-size-src=\"\"><img decoding=\"async\" src=\"https:\/\/www.bonpassage.com\/wp-content\/uploads\/2025\/01\/20240406_154048-scaled-90x90.jpg\" alt=\"\" \/><\/a><a href=\"https:\/\/www.bonpassage.com\/wp-content\/uploads\/2025\/01\/20240406_153602-scaled-e1764845441540.jpg\" data-full-size-src=\"\"><img decoding=\"async\" src=\"https:\/\/www.bonpassage.com\/wp-content\/uploads\/2025\/01\/20240406_153602-scaled-e1764845441540-90x90.jpg\" alt=\"\" \/><\/a><a href=\"https:\/\/www.bonpassage.com\/wp-content\/uploads\/2025\/01\/20240415_154906-e1764845510598.jpg\" data-full-size-src=\"\"><img decoding=\"async\" src=\"https:\/\/www.bonpassage.com\/wp-content\/uploads\/2025\/01\/20240415_154906-e1764845510598-90x90.jpg\" alt=\"\" \/><\/a><\/div><\/div><div class=\"gallery-controls\"><a href=\"#\" class=\"slider-content-button-left\"><\/a><a href=\"#\" class=\"slider-content-button-right\"><\/a><div class=\"slider-content-button-left-disabled\"><\/div><div class=\"slider-content-button-right-disabled\"><\/div><\/div><\/div>\n<\/div><div class=\"clear\"><\/div><br \/>\nTaxe de s\u00e9jour 1,10 \u20ac par jour et par personne, gratuit pour les enfants de moins de 18 ans.<\/p>\n<p>Les tarifs indiqu\u00e9s sont par chambre\/nuit. La taxe de s\u00e9jour et le petit-d\u00e9jeuner ne sont pas inclus. Les chambres sont confortables et \u00e9quip\u00e9es avec sanitaire comme indiqu\u00e9 ci-dessus, ainsi que d\u2019un t\u00e9l\u00e9phone et d\u2019un s\u00e8che-cheveux. Wifi gratuit.<\/p>\n<p>Dans certaines chambres il est possible de placer une 3\u00e8me lit. Prix par nuit 15,00 \u20ac.<\/p>\n<p>Petit-d\u00e9jeuner buffet copieux: 13,00 \u20ac par personne.<\/p>\n<p>Le lundi, mardi, mercredi, vendredi et samedi soir, nous vous proposons sur r\u00e9servation un menu table d&rsquo;h\u00f4tes compos\u00e9 de 3 plats\u00a0 pour un prix de 40,00 \u20ac par personne. Si vous arrivez un de ces jours et vous voulez d\u00eener chez nous le jour de votre arriv\u00e9e, veuillez nous l\u2019indiquer lors de votre r\u00e9servation. Le repas est servi entre 18h30 et 20h00.<\/p>\n<p>Le jour de votre arriv\u00e9, la chambre est \u00e0 votre disposition \u00e0 partir de 16h00 et le jour de votre d\u00e9part, nous vous prions de lib\u00e9rer la chambre au plus tard \u00e0 10h30. Le dimanche, la r\u00e9ception est ferm\u00e9e jusqu\u2019\u00e0 16h00 et vous ne pouvez pas arriver avant 16h00 et pas apr\u00e8s 22h00. Merci de votre compr\u00e9hension.<\/p>\n<p>L\u2019h\u00f4tel est non-fumeur.<br \/>\n<strong>Les animaux ne sont pas admis.<\/strong><\/p>\n<p><strong><hr\/><\/strong><\/p>\n<p><strong>Promo<\/strong><br \/>\nAu printemps et en automne (\u00e0 l&rsquo;exception des weekends de l&rsquo;Ascension et Pentec\u00f4te), nos s\u00e9jours promo sont valables.<br \/>\n<a title=\"promo\" href=\"http:\/\/bonpassage.com\/promo\/index.html\" rel=\"self\">Cliquez ici pour voir les forfaits.<br \/>\n<\/a><br \/>\n<strong>Les weekends de P\u00e2ques,\u00a0 l\u2019Ascension et Pentec\u00f4te<\/strong><br \/>\nPendant les weekends de P\u00e2ques, l\u2019Ascension et Pentec\u00f4te, les s\u00e9jours d\u2019une ou deux nuits ne sont pas possibles. Le s\u00e9jour minimum pendant ces weekends est 3 nuits avec petit-d\u00e9jeuner et 3x le d\u00eener, 2x pendant Ascension et Pentec\u00f4te (Ascension jeudi-vendredi-samedi et P\u00e2ques\/Pentec\u00f4te vendredi-samedi-dimanche).<\/p>\n<hr\/>\n<p><strong>S\u00e9jours d\u2019une nuit<\/strong><br \/>\nBien s\u00fbr, aussi les h\u00f4tes pour une nuit sont le bienvenu chez nous. Mais vu le fait que nous ne disposons que de 8 chambres, les s\u00e9jours d\u2019une nuit peuvent nous bloquer \u00e0 accepter des r\u00e9servations pour des s\u00e9jours plus longs. Par cons\u00e9quent, nous n&rsquo;acceptons que les r\u00e9servations d&rsquo;une nuit dans le cas de prolongation d&rsquo;une r\u00e9servation existante.<\/p>\n<p><strong>Conditions de r\u00e9servation<\/strong><br \/>\nNos conditions de r\u00e9servation et d&rsquo;annulation sont applicables \u00e0 toutes les r\u00e9servations. <a title=\"voorwaarden\" href=\"\/?page_id=2005\" rel=\"self\">Cliquez ici pour voir les conditions.<\/a> Il est recommand\u00e9 de souscrire une assurance d&rsquo;annulation.<\/p>\n","protected":false},"excerpt":{"rendered":"<p>Tarifs 2026 Quand vous r\u00e9servez votre chambre directement sur notre site vous recevez le meilleur tarif! R\u00e9servez ici Taxe de s\u00e9jour 1,10 \u20ac par jour et par personne, gratuit pour les enfants de moins de 18 ans. Les tarifs indiqu\u00e9s sont par chambre\/nuit. La taxe de s\u00e9jour et le petit-d\u00e9jeuner ne sont pas inclus. Les [&hellip;]<\/p>\n","protected":false},"author":4,"featured_media":0,"parent":0,"menu_order":0,"comment_status":"closed","ping_status":"closed","template":"","meta":{"footnotes":""},"class_list":["post-2522","page","type-page","status-publish","hentry"],"yoast_head":"<!-- This site is optimized with the Yoast SEO plugin v27.4 - https:\/\/yoast.com\/product\/yoast-seo-wordpress\/ -->\n<title>tarifs - Manoir Bonpassage<\/title>\n<meta name=\"description\" content=\"Tarifs 2015, chambre double, grand lit \u2013 1er \u00e9tage \u20ac62,- par nuit. chambre \u00e0 2 lits - 1er \u00e9tage \u20ac71,- par nuit.\" \/>\n<meta name=\"robots\" content=\"index, follow, max-snippet:-1, max-image-preview:large, max-video-preview:-1\" \/>\n<link rel=\"canonical\" href=\"https:\/\/www.bonpassage.com\/fr\/tarifs\/\" \/>\n<meta property=\"og:locale\" content=\"fr_FR\" \/>\n<meta property=\"og:type\" content=\"article\" \/>\n<meta property=\"og:title\" content=\"tarifs - Manoir Bonpassage\" \/>\n<meta property=\"og:description\" content=\"Tarifs 2015, chambre double, grand lit \u2013 1er \u00e9tage \u20ac62,- par nuit. chambre \u00e0 2 lits - 1er \u00e9tage \u20ac71,- par nuit.\" \/>\n<meta property=\"og:url\" content=\"https:\/\/www.bonpassage.com\/fr\/tarifs\/\" \/>\n<meta property=\"og:site_name\" content=\"Manoir Bonpassage\" \/>\n<meta property=\"article:modified_time\" content=\"2025-12-24T08:02:08+00:00\" \/>\n<meta name=\"twitter:label1\" content=\"Dur\u00e9e de lecture estim\u00e9e\" \/>\n\t<meta name=\"twitter:data1\" content=\"3 minutes\" \/>\n<script type=\"application\/ld+json\" class=\"yoast-schema-graph\">{\"@context\":\"https:\\\/\\\/schema.org\",\"@graph\":[{\"@type\":\"WebPage\",\"@id\":\"https:\\\/\\\/www.bonpassage.com\\\/fr\\\/tarifs\\\/\",\"url\":\"https:\\\/\\\/www.bonpassage.com\\\/fr\\\/tarifs\\\/\",\"name\":\"tarifs - Manoir Bonpassage\",\"isPartOf\":{\"@id\":\"https:\\\/\\\/www.bonpassage.com\\\/#website\"},\"datePublished\":\"2015-04-14T11:53:15+00:00\",\"dateModified\":\"2025-12-24T08:02:08+00:00\",\"description\":\"Tarifs 2015, chambre double, grand lit \u2013 1er \u00e9tage \u20ac62,- par nuit. chambre \u00e0 2 lits - 1er \u00e9tage \u20ac71,- par nuit.\",\"breadcrumb\":{\"@id\":\"https:\\\/\\\/www.bonpassage.com\\\/fr\\\/tarifs\\\/#breadcrumb\"},\"inLanguage\":\"fr-FR\",\"potentialAction\":[{\"@type\":\"ReadAction\",\"target\":[\"https:\\\/\\\/www.bonpassage.com\\\/fr\\\/tarifs\\\/\"]}]},{\"@type\":\"BreadcrumbList\",\"@id\":\"https:\\\/\\\/www.bonpassage.com\\\/fr\\\/tarifs\\\/#breadcrumb\",\"itemListElement\":[{\"@type\":\"ListItem\",\"position\":1,\"name\":\"Home\",\"item\":\"https:\\\/\\\/www.bonpassage.com\\\/fr\\\/\"},{\"@type\":\"ListItem\",\"position\":2,\"name\":\"Tarifs\"}]},{\"@type\":\"WebSite\",\"@id\":\"https:\\\/\\\/www.bonpassage.com\\\/#website\",\"url\":\"https:\\\/\\\/www.bonpassage.com\\\/\",\"name\":\"Manoir Bonpassage\",\"description\":\"H\u00f4tel de Charme - Bourgogne France\",\"potentialAction\":[{\"@type\":\"SearchAction\",\"target\":{\"@type\":\"EntryPoint\",\"urlTemplate\":\"https:\\\/\\\/www.bonpassage.com\\\/?s={search_term_string}\"},\"query-input\":{\"@type\":\"PropertyValueSpecification\",\"valueRequired\":true,\"valueName\":\"search_term_string\"}}],\"inLanguage\":\"fr-FR\"}]}<\/script>\n<!-- \/ Yoast SEO plugin. -->","yoast_head_json":{"title":"tarifs - Manoir Bonpassage","description":"Tarifs 2015, chambre double, grand lit \u2013 1er \u00e9tage \u20ac62,- par nuit. chambre \u00e0 2 lits - 1er \u00e9tage \u20ac71,- par nuit.","robots":{"index":"index","follow":"follow","max-snippet":"max-snippet:-1","max-image-preview":"max-image-preview:large","max-video-preview":"max-video-preview:-1"},"canonical":"https:\/\/www.bonpassage.com\/fr\/tarifs\/","og_locale":"fr_FR","og_type":"article","og_title":"tarifs - Manoir Bonpassage","og_description":"Tarifs 2015, chambre double, grand lit \u2013 1er \u00e9tage \u20ac62,- par nuit. chambre \u00e0 2 lits - 1er \u00e9tage \u20ac71,- par nuit.","og_url":"https:\/\/www.bonpassage.com\/fr\/tarifs\/","og_site_name":"Manoir Bonpassage","article_modified_time":"2025-12-24T08:02:08+00:00","twitter_misc":{"Dur\u00e9e de lecture estim\u00e9e":"3 minutes"},"schema":{"@context":"https:\/\/schema.org","@graph":[{"@type":"WebPage","@id":"https:\/\/www.bonpassage.com\/fr\/tarifs\/","url":"https:\/\/www.bonpassage.com\/fr\/tarifs\/","name":"tarifs - Manoir Bonpassage","isPartOf":{"@id":"https:\/\/www.bonpassage.com\/#website"},"datePublished":"2015-04-14T11:53:15+00:00","dateModified":"2025-12-24T08:02:08+00:00","description":"Tarifs 2015, chambre double, grand lit \u2013 1er \u00e9tage \u20ac62,- par nuit. chambre \u00e0 2 lits - 1er \u00e9tage \u20ac71,- par nuit.","breadcrumb":{"@id":"https:\/\/www.bonpassage.com\/fr\/tarifs\/#breadcrumb"},"inLanguage":"fr-FR","potentialAction":[{"@type":"ReadAction","target":["https:\/\/www.bonpassage.com\/fr\/tarifs\/"]}]},{"@type":"BreadcrumbList","@id":"https:\/\/www.bonpassage.com\/fr\/tarifs\/#breadcrumb","itemListElement":[{"@type":"ListItem","position":1,"name":"Home","item":"https:\/\/www.bonpassage.com\/fr\/"},{"@type":"ListItem","position":2,"name":"Tarifs"}]},{"@type":"WebSite","@id":"https:\/\/www.bonpassage.com\/#website","url":"https:\/\/www.bonpassage.com\/","name":"Manoir Bonpassage","description":"H\u00f4tel de Charme - Bourgogne France","potentialAction":[{"@type":"SearchAction","target":{"@type":"EntryPoint","urlTemplate":"https:\/\/www.bonpassage.com\/?s={search_term_string}"},"query-input":{"@type":"PropertyValueSpecification","valueRequired":true,"valueName":"search_term_string"}}],"inLanguage":"fr-FR"}]}},"_links":{"self":[{"href":"https:\/\/www.bonpassage.com\/fr\/wp-json\/wp\/v2\/pages\/2522","targetHints":{"allow":["GET"]}}],"collection":[{"href":"https:\/\/www.bonpassage.com\/fr\/wp-json\/wp\/v2\/pages"}],"about":[{"href":"https:\/\/www.bonpassage.com\/fr\/wp-json\/wp\/v2\/types\/page"}],"author":[{"embeddable":true,"href":"https:\/\/www.bonpassage.com\/fr\/wp-json\/wp\/v2\/users\/4"}],"replies":[{"embeddable":true,"href":"https:\/\/www.bonpassage.com\/fr\/wp-json\/wp\/v2\/comments?post=2522"}],"version-history":[{"count":27,"href":"https:\/\/www.bonpassage.com\/fr\/wp-json\/wp\/v2\/pages\/2522\/revisions"}],"predecessor-version":[{"id":3753,"href":"https:\/\/www.bonpassage.com\/fr\/wp-json\/wp\/v2\/pages\/2522\/revisions\/3753"}],"wp:attachment":[{"href":"https:\/\/www.bonpassage.com\/fr\/wp-json\/wp\/v2\/media?parent=2522"}],"curies":[{"name":"wp","href":"https:\/\/api.w.org\/{rel}","templated":true}]}}