{"id":2530,"date":"2015-04-15T08:41:29","date_gmt":"2015-04-15T08:41:29","guid":{"rendered":"http:\/\/www.bonpassage.com\/reservering-c-q-annuleringsvoorwaarden-2\/"},"modified":"2023-01-17T11:07:02","modified_gmt":"2023-01-17T10:07:02","slug":"reservering-c-q-annuleringsvoorwaarden","status":"publish","type":"page","link":"https:\/\/www.bonpassage.com\/fr\/reservering-c-q-annuleringsvoorwaarden\/","title":{"rendered":"Reservering- c.q. annuleringsvoorwaarden"},"content":{"rendered":"<p>1. GENERAL<br \/>\nApr\u00e8s r\u00e9ception de votre r\u00e9servation, nous vous envoyons par email (ou courrier) une confirmation et nous vous demandons de r\u00e9gler dans un d\u00e9lai d\u2019une semaine (ou plus vite s\u2019il s\u2019agit une r\u00e9servation \u00e0 court terme) un acompte de 35% du s\u00e9jour total avec un minimum d\u2019une nuit par chambre. Apr\u00e8s r\u00e9ception de votre acompte, la r\u00e9servation devient ferme. Par le r\u00e8glement de l\u2019acompte, vous confirmez votre accord avec les conditions ci-dessous. Merci de bien vouloir noter que sans le versement de l\u2019acompte dans le d\u00e9lai demand\u00e9, la r\u00e9servation n\u2019est pas confirm\u00e9e et nous nous r\u00e9servons le droit de r\u00e9cup\u00e9rer les chambres.<\/p>\n<p>Pour les r\u00e9servations de groupe (\u00e0 partir de 4 chambres) des conditions diff\u00e9rentes sont applicables. Dans ce cas, nous vous demandons \u00e0 la r\u00e9servation \u00e9galement un acompte de 35% du s\u00e9jour total avec un minimum d\u2019une nuit par chambre. Le solde de votre s\u00e9jour est \u00e0 r\u00e9gler 1 mois avant votre arriv\u00e9e.<\/p>\n<p>2. MODIFICATION ET ANNULATION<br \/>\nToute modification n\u2019est possible qu\u2019apr\u00e8s l\u2019accord du Manoir Bonpassage et peut entra\u00eener des frais suppl\u00e9mentaires.<\/p>\n<p>Nous tenons \u00e0 vous informer qu\u2019en cas d\u2019annulation de la r\u00e9servation avant le d\u00e9but du s\u00e9jour ou en cas de d\u00e9part anticip\u00e9 en cours de s\u00e9jour, il sera d\u00fb, \u00e0 titre de clause p\u00e9nale par le client, une indemnit\u00e9 fix\u00e9e de la fa\u00e7on suivante\u00a0:<\/p>\n<p>* l\u2019annulation a lieu plus de 60 jours avant la date d\u2019arriv\u00e9e: l\u2019acompte total -\/- 15 \u20ac frais d\u2019annulation sera rembours\u00e9<br \/>\n* si l\u2019annulation a lieu entre 60 et 31 jours avant la date d\u2019arriv\u00e9e: l\u2019acompte sera seulement rembours\u00e9 (-\/- 15 \u20ac frais d\u2019annulation) si Manoir Bonpassage a pu relouer la\/les chambre(s). Sinon, aucun remboursement ne sera accord\u00e9.<br \/>\n* si l\u2019annulation a lieu entre 30 et 15 jours avant la date d\u2019arriv\u00e9e\u00a0: 70% de la prestation r\u00e9serv\u00e9e sera factur\u00e9, sauf si Manoir Bonpassage a pu relouer la\/les chambre(s).<br \/>\n* si l\u2019annulation a lieu \u00e0 partir de 14 jours avant la date d\u2019arriv\u00e9e, la totalit\u00e9 du paiement restera acquise au Manoir Bonpassage, sauf si Manoir Bonpassage a pu relouer la\/les chambre(s).<br \/>\n* d\u00e9part anticip\u00e9: r\u00e8glement total de la prestation r\u00e9serv\u00e9e.<br \/>\n* Attention\u00a0: pour les r\u00e9servations de groupe (\u00e0 partir de 4 chambres) la totalit\u00e9 de la prestation r\u00e9serv\u00e9e restera acquise au Manoir Bonpassage si l\u2019annulation a lieu \u00e0 partir de 30 jours avant la date d\u2019arriv\u00e9e.<\/p>\n<p>3. ASSURANCES<br \/>\nNous attirons votre attention sur le fait qu\u2019aucune assurance annulation n\u2019est incluse dans nos tarifs. Il est donc recommand\u00e9 d\u2019en souscrire une.<\/p>\n<p>4. ARRIVEE ET DEPART<br \/>\nA la date d\u2019arriv\u00e9e, la chambre r\u00e9serv\u00e9e est \u00e0 votre disposition \u00e0 partir de 16h00. A la date du d\u00e9part, nous vous prions de bien vouloir lib\u00e9rer votre chambre avant 10h30.<\/p>\n<p>5. RESPONSABILITE<br \/>\nManoir Bonpassage n\u2019accepte aucune responsabilit\u00e9 en cas de perte, de vol et\/ou de dommages ou de blessures aux biens ou personnes se trouvant sur la propri\u00e9t\u00e9 du Manoir Bonpassage, peu importe la cause. Les enfants restent sous la responsabilit\u00e9 de leurs parents. La natation est \u00e0 vos risques et p\u00e9rils, la piscine est non-surveill\u00e9e.<\/p>\n<p>6. VOTRE SEJOUR<br \/>\nNos clients sont pri\u00e9s de respecter le r\u00e8glement int\u00e9rieur du Manoir Bonpassage. Toute attitude irrespectueuse envers les autres r\u00e9sidents et\/ou les installations du Manoir Bonpassage peuvent entra\u00eener l\u2019annulation imm\u00e9diate de la r\u00e9servation.<\/p>\n<p>7.FORCE MAJEURE<br \/>\nSi Manoir Bonpassage doit annuler une r\u00e9servation d\u00fb \u00e0 un cas de force majeure, les arrhes seront rembours\u00e9es. Manoir Bonpassage n\u2019assume aucune responsabilit\u00e9 pour les autres dommages subis par l\u2019h\u00f4te, aucun d\u00e9dommagement ne sera accord\u00e9.<\/p>\n<p>8. COOKIES<br \/>\nManoir Bonpassage uses cookies and similar techniques to ensure that we can present our website optimally and for statistic and analytic purposes. Third parties may also place cookies via integrated functionalities like Youtube.<\/p>\n<p>9. THE WEBSITE<br \/>\nThe owner and publisher of this website is Manoir Bonpassage.<br \/>\nOur website: https:\/\/www.bonpassage.com is hosted by: VDX. Located at Vondellaan 47, 2332 AA Leiden the Netherlands Phone: +31 88 0074900.<\/p>\n","protected":false},"excerpt":{"rendered":"<p>1. GENERAL Apr\u00e8s r\u00e9ception de votre r\u00e9servation, nous vous envoyons par email (ou courrier) une confirmation et nous vous demandons de r\u00e9gler dans un d\u00e9lai d\u2019une semaine (ou plus vite s\u2019il s\u2019agit une r\u00e9servation \u00e0 court terme) un acompte de 35% du s\u00e9jour total avec un minimum d\u2019une nuit par chambre. Apr\u00e8s r\u00e9ception de votre [&hellip;]<\/p>\n","protected":false},"author":4,"featured_media":0,"parent":0,"menu_order":0,"comment_status":"closed","ping_status":"closed","template":"","meta":{"footnotes":""},"class_list":["post-2530","page","type-page","status-publish","hentry"],"yoast_head":"<!-- This site is optimized with the Yoast SEO plugin v27.5 - https:\/\/yoast.com\/product\/yoast-seo-wordpress\/ -->\n<title>Reservering- c.q. annuleringsvoorwaarden - Manoir Bonpassage<\/title>\n<meta name=\"robots\" content=\"index, follow, max-snippet:-1, max-image-preview:large, max-video-preview:-1\" \/>\n<link rel=\"canonical\" href=\"https:\/\/www.bonpassage.com\/fr\/reservering-c-q-annuleringsvoorwaarden\/\" \/>\n<meta property=\"og:locale\" content=\"fr_FR\" \/>\n<meta property=\"og:type\" content=\"article\" \/>\n<meta property=\"og:title\" content=\"Reservering- c.q. annuleringsvoorwaarden - Manoir Bonpassage\" \/>\n<meta property=\"og:description\" content=\"1. GENERAL Apr\u00e8s r\u00e9ception de votre r\u00e9servation, nous vous envoyons par email (ou courrier) une confirmation et nous vous demandons de r\u00e9gler dans un d\u00e9lai d\u2019une semaine (ou plus vite s\u2019il s\u2019agit une r\u00e9servation \u00e0 court terme) un acompte de 35% du s\u00e9jour total avec un minimum d\u2019une nuit par chambre. Apr\u00e8s r\u00e9ception de votre [&hellip;]\" \/>\n<meta property=\"og:url\" content=\"https:\/\/www.bonpassage.com\/fr\/reservering-c-q-annuleringsvoorwaarden\/\" \/>\n<meta property=\"og:site_name\" content=\"Manoir Bonpassage\" \/>\n<meta property=\"article:modified_time\" content=\"2023-01-17T10:07:02+00:00\" \/>\n<meta name=\"twitter:label1\" content=\"Dur\u00e9e de lecture estim\u00e9e\" \/>\n\t<meta name=\"twitter:data1\" content=\"4 minutes\" \/>\n<script type=\"application\/ld+json\" class=\"yoast-schema-graph\">{\"@context\":\"https:\\\/\\\/schema.org\",\"@graph\":[{\"@type\":\"WebPage\",\"@id\":\"https:\\\/\\\/www.bonpassage.com\\\/fr\\\/reservering-c-q-annuleringsvoorwaarden\\\/\",\"url\":\"https:\\\/\\\/www.bonpassage.com\\\/fr\\\/reservering-c-q-annuleringsvoorwaarden\\\/\",\"name\":\"Reservering- c.q. annuleringsvoorwaarden - Manoir Bonpassage\",\"isPartOf\":{\"@id\":\"https:\\\/\\\/www.bonpassage.com\\\/#website\"},\"datePublished\":\"2015-04-15T08:41:29+00:00\",\"dateModified\":\"2023-01-17T10:07:02+00:00\",\"breadcrumb\":{\"@id\":\"https:\\\/\\\/www.bonpassage.com\\\/fr\\\/reservering-c-q-annuleringsvoorwaarden\\\/#breadcrumb\"},\"inLanguage\":\"fr-FR\",\"potentialAction\":[{\"@type\":\"ReadAction\",\"target\":[\"https:\\\/\\\/www.bonpassage.com\\\/fr\\\/reservering-c-q-annuleringsvoorwaarden\\\/\"]}]},{\"@type\":\"BreadcrumbList\",\"@id\":\"https:\\\/\\\/www.bonpassage.com\\\/fr\\\/reservering-c-q-annuleringsvoorwaarden\\\/#breadcrumb\",\"itemListElement\":[{\"@type\":\"ListItem\",\"position\":1,\"name\":\"Home\",\"item\":\"https:\\\/\\\/www.bonpassage.com\\\/fr\\\/\"},{\"@type\":\"ListItem\",\"position\":2,\"name\":\"Reservering- c.q. annuleringsvoorwaarden\"}]},{\"@type\":\"WebSite\",\"@id\":\"https:\\\/\\\/www.bonpassage.com\\\/#website\",\"url\":\"https:\\\/\\\/www.bonpassage.com\\\/\",\"name\":\"Manoir Bonpassage\",\"description\":\"H\u00f4tel de Charme - Bourgogne France\",\"potentialAction\":[{\"@type\":\"SearchAction\",\"target\":{\"@type\":\"EntryPoint\",\"urlTemplate\":\"https:\\\/\\\/www.bonpassage.com\\\/?s={search_term_string}\"},\"query-input\":{\"@type\":\"PropertyValueSpecification\",\"valueRequired\":true,\"valueName\":\"search_term_string\"}}],\"inLanguage\":\"fr-FR\"}]}<\/script>\n<!-- \/ Yoast SEO plugin. -->","yoast_head_json":{"title":"Reservering- c.q. annuleringsvoorwaarden - Manoir Bonpassage","robots":{"index":"index","follow":"follow","max-snippet":"max-snippet:-1","max-image-preview":"max-image-preview:large","max-video-preview":"max-video-preview:-1"},"canonical":"https:\/\/www.bonpassage.com\/fr\/reservering-c-q-annuleringsvoorwaarden\/","og_locale":"fr_FR","og_type":"article","og_title":"Reservering- c.q. annuleringsvoorwaarden - Manoir Bonpassage","og_description":"1. GENERAL Apr\u00e8s r\u00e9ception de votre r\u00e9servation, nous vous envoyons par email (ou courrier) une confirmation et nous vous demandons de r\u00e9gler dans un d\u00e9lai d\u2019une semaine (ou plus vite s\u2019il s\u2019agit une r\u00e9servation \u00e0 court terme) un acompte de 35% du s\u00e9jour total avec un minimum d\u2019une nuit par chambre. Apr\u00e8s r\u00e9ception de votre [&hellip;]","og_url":"https:\/\/www.bonpassage.com\/fr\/reservering-c-q-annuleringsvoorwaarden\/","og_site_name":"Manoir Bonpassage","article_modified_time":"2023-01-17T10:07:02+00:00","twitter_misc":{"Dur\u00e9e de lecture estim\u00e9e":"4 minutes"},"schema":{"@context":"https:\/\/schema.org","@graph":[{"@type":"WebPage","@id":"https:\/\/www.bonpassage.com\/fr\/reservering-c-q-annuleringsvoorwaarden\/","url":"https:\/\/www.bonpassage.com\/fr\/reservering-c-q-annuleringsvoorwaarden\/","name":"Reservering- c.q. annuleringsvoorwaarden - Manoir Bonpassage","isPartOf":{"@id":"https:\/\/www.bonpassage.com\/#website"},"datePublished":"2015-04-15T08:41:29+00:00","dateModified":"2023-01-17T10:07:02+00:00","breadcrumb":{"@id":"https:\/\/www.bonpassage.com\/fr\/reservering-c-q-annuleringsvoorwaarden\/#breadcrumb"},"inLanguage":"fr-FR","potentialAction":[{"@type":"ReadAction","target":["https:\/\/www.bonpassage.com\/fr\/reservering-c-q-annuleringsvoorwaarden\/"]}]},{"@type":"BreadcrumbList","@id":"https:\/\/www.bonpassage.com\/fr\/reservering-c-q-annuleringsvoorwaarden\/#breadcrumb","itemListElement":[{"@type":"ListItem","position":1,"name":"Home","item":"https:\/\/www.bonpassage.com\/fr\/"},{"@type":"ListItem","position":2,"name":"Reservering- c.q. annuleringsvoorwaarden"}]},{"@type":"WebSite","@id":"https:\/\/www.bonpassage.com\/#website","url":"https:\/\/www.bonpassage.com\/","name":"Manoir Bonpassage","description":"H\u00f4tel de Charme - Bourgogne France","potentialAction":[{"@type":"SearchAction","target":{"@type":"EntryPoint","urlTemplate":"https:\/\/www.bonpassage.com\/?s={search_term_string}"},"query-input":{"@type":"PropertyValueSpecification","valueRequired":true,"valueName":"search_term_string"}}],"inLanguage":"fr-FR"}]}},"_links":{"self":[{"href":"https:\/\/www.bonpassage.com\/fr\/wp-json\/wp\/v2\/pages\/2530","targetHints":{"allow":["GET"]}}],"collection":[{"href":"https:\/\/www.bonpassage.com\/fr\/wp-json\/wp\/v2\/pages"}],"about":[{"href":"https:\/\/www.bonpassage.com\/fr\/wp-json\/wp\/v2\/types\/page"}],"author":[{"embeddable":true,"href":"https:\/\/www.bonpassage.com\/fr\/wp-json\/wp\/v2\/users\/4"}],"replies":[{"embeddable":true,"href":"https:\/\/www.bonpassage.com\/fr\/wp-json\/wp\/v2\/comments?post=2530"}],"version-history":[{"count":8,"href":"https:\/\/www.bonpassage.com\/fr\/wp-json\/wp\/v2\/pages\/2530\/revisions"}],"predecessor-version":[{"id":4794,"href":"https:\/\/www.bonpassage.com\/fr\/wp-json\/wp\/v2\/pages\/2530\/revisions\/4794"}],"wp:attachment":[{"href":"https:\/\/www.bonpassage.com\/fr\/wp-json\/wp\/v2\/media?parent=2530"}],"curies":[{"name":"wp","href":"https:\/\/api.w.org\/{rel}","templated":true}]}}